{"id":120431,"date":"2026-04-16T00:00:00","date_gmt":"2026-04-15T22:00:00","guid":{"rendered":"https:\/\/gpl-love.com\/fr\/produit\/woo-product-table-pro-2\/"},"modified":"2026-04-17T00:31:17","modified_gmt":"2026-04-16T22:31:17","slug":"woo-product-table-pro-2","status":"publish","type":"product","link":"https:\/\/gpl-love.com\/fr\/produit\/woo-product-table-pro-2\/","title":{"rendered":"WooCommerce Product Table 2.2.9"},"content":{"rendered":"<h3>WooCommerce Product Table Traits<\/h3>\n<p>Le Woo Product Table Pro est un plugin extr\u00eamement puissant et remarquablement flexible, qui permet aux propri\u00e9taires de magasins en ligne de pr\u00e9senter leurs produits assortis dans un format de table remarquablement convivial et facilement navigable. Ce plugin ph\u00e9nom\u00e9nal accorde aux clients la capacit\u00e9 remarquable \u00e0 localiser rapidement et sans effort les produits sp\u00e9cifiques qu&rsquo;ils d\u00e9sirent, tout en leur offrant simultan\u00e9ment la capacit\u00e9 extraordinaire de filtrer lesdits produits par diverses cat\u00e9gories ou de les trier avec diligence par prix, popularit\u00e9 ou tout autre crit\u00e8re qu&rsquo;ils peuvent d\u00e9sirer ainsi . Ce plugin est ing\u00e9nieusement con\u00e7u pour \u00eatre enti\u00e8rement personnalisable, offrant ainsi aux propri\u00e9taires de magasins avec la capacit\u00e9 in\u00e9gal\u00e9e pour s\u00e9lectionner de mani\u00e8re experte quelles colonnes qu&rsquo;ils souhaitent afficher en \u00e9vidence, modifier ing\u00e9nieusement les couleurs et les polices comme ils le souhaitent, et incorporent m\u00eame avec \u00e9l\u00e9gance leurs propres styles CSS pour Am\u00e9liorez davantage l&rsquo;attrait esth\u00e9tique de leur boutique en ligne. Le Woo Product Table Pro est \u00e9galement remarquablement r\u00e9actif et fonctionne de mani\u00e8re transparente sur toutes sortes d&rsquo;appareils, ce qui le rend extr\u00eamement adapt\u00e9 aux magasins en ligne qui hi\u00e9rarchisent une approche d&rsquo;abord mobile. En conclusion, ce plugin est une n\u00e9cessit\u00e9 absolue pour toute boutique en ligne exigeante qui aspire \u00e0 am\u00e9liorer v\u00e9ritablement l&rsquo;exp\u00e9rience d&rsquo;achat globale de leurs pr\u00e9cieux clients et \u00e0 maximiser simultan\u00e9ment leurs ventes en pr\u00e9sentant leur prodigieuse gamme de produits de mani\u00e8re extr\u00eamement claire et concise.<\/p>\n<ul>\n<li>Plugin de table de produit WooCommerce con\u00e7u pour augmenter les ventes et les conversions<\/li>\n<li>Fournit une disposition de table de produit personnalisable et r\u00e9active pour que les clients puissent facilement parcourir et s\u00e9lectionner des produits<\/li>\n<li>Permet une commande rapide et un paiement avec la possibilit\u00e9 d&rsquo;ajouter plusieurs articles au panier \u00e0 la fois<\/li>\n<li>Colonnes personnalisables et options de tri pour chaque table de produit pour r\u00e9pondre aux besoins et pr\u00e9f\u00e9rences uniques<\/li>\n<li>Option pour s&rsquo;int\u00e9grer \u00e0 PayPal, Stripe et autres passerelles de paiement populaires pour les paiements et les transactions s\u00e9curis\u00e9s<\/li>\n<li>Fonctionnalit\u00e9 avanc\u00e9e de recherche et de filtre pour aider les clients<\/li>\n<li>Compatible avec tous les types de produits WooCommerce (champs simples, variables, group\u00e9s et externes) et personnalis\u00e9s<\/li>\n<li>Optimis\u00e9 pour le r\u00e9f\u00e9rencement pour aider \u00e0 augmenter le classement des moteurs de recherche et \u00e0 g\u00e9n\u00e9rer plus de trafic vers votre site<\/li>\n<li>Comprend une documentation d\u00e9taill\u00e9e et un support client pour assurer un processus de configuration et d&rsquo;int\u00e9gration en douceur<\/li>\n<li>Id\u00e9al pour les entreprises de commerce \u00e9lectronique qui cherchent \u00e0 am\u00e9liorer leur exp\u00e9rience d&rsquo;achat client et \u00e0 stimuler les ventes.<\/li>\n<\/ul>\n","protected":false},"excerpt":{"rendered":"<p>Woo Product Table Pro, un plugin WordPress hautement sophistiqu\u00e9, offre la capacit\u00e9 remarquable pour d\u00e9velopper des tableaux de produits personnalis\u00e9s et adaptables pour votre magasin WooCommerce estim\u00e9. En exploitant ses capacit\u00e9s formidables, vous pouvez pr\u00e9senter sans effort votre marchandise, remplie d&rsquo;images captivantes, de descriptions compl\u00e8tes, de prix attrayants et d&rsquo;autres d\u00e9tails pertinents, tous soigneusement organis\u00e9s dans un format de table rationalis\u00e9. De plus, ce plugin exceptionnel poss\u00e8de une pl\u00e9thore de filtres personnalisables, des alternatives de tri et une fonctionnalit\u00e9 ing\u00e9nieuse de recherche de produits, qui servent \u00e0 \u00e9lever les entreprises de shopping de vos clients \u00e0 des hauteurs de commodit\u00e9 et de satisfaction sans pr\u00e9c\u00e9dent. De plus, l&rsquo;installation et l&rsquo;utilisation de Woo Product Table Pro sont une entreprise remarquablement sans effort, car elle a \u00e9t\u00e9 m\u00e9ticuleusement con\u00e7ue pour s&rsquo;int\u00e9grer de mani\u00e8re transparente \u00e0 tout th\u00e8me WooCommerce de votre pr\u00e9f\u00e9rence. N&rsquo;h\u00e9sitez plus, vous lancez dans un voyage exaltant d&rsquo;excellence au d\u00e9tail en adoptant Woo Product Table Pro et assistez \u00e0 votre magasin WooCommerce monter sur un \u00e9chelon enti\u00e8rement nouveau de succ\u00e8s et de prosp\u00e9rit\u00e9.<\/p>\n","protected":false},"featured_media":145783,"comment_status":"open","ping_status":"open","template":"","meta":[],"product_brand":[2655],"product_cat":[1182,1223,1181],"product_tag":[2288],"class_list":{"0":"post-120431","1":"product","2":"type-product","3":"status-publish","4":"has-post-thumbnail","6":"product_brand-woobewoo","7":"product_cat-commerce-electronique-plugins","8":"product_cat-personnalisation-commerce-electronique-plugins","9":"product_cat-plugins","10":"product_tag-woobewoo","11":"member-discount","12":"discount-restricted","14":"first","15":"instock","16":"sale","17":"downloadable","18":"virtual","19":"sold-individually","20":"purchasable","21":"product-type-simple"},"_links":{"self":[{"href":"https:\/\/gpl-love.com\/fr\/wp-json\/wp\/v2\/product\/120431","targetHints":{"allow":["GET"]}}],"collection":[{"href":"https:\/\/gpl-love.com\/fr\/wp-json\/wp\/v2\/product"}],"about":[{"href":"https:\/\/gpl-love.com\/fr\/wp-json\/wp\/v2\/types\/product"}],"replies":[{"embeddable":true,"href":"https:\/\/gpl-love.com\/fr\/wp-json\/wp\/v2\/comments?post=120431"}],"wp:featuredmedia":[{"embeddable":true,"href":"https:\/\/gpl-love.com\/fr\/wp-json\/wp\/v2\/media\/145783"}],"wp:attachment":[{"href":"https:\/\/gpl-love.com\/fr\/wp-json\/wp\/v2\/media?parent=120431"}],"wp:term":[{"taxonomy":"product_brand","embeddable":true,"href":"https:\/\/gpl-love.com\/fr\/wp-json\/wp\/v2\/product_brand?post=120431"},{"taxonomy":"product_cat","embeddable":true,"href":"https:\/\/gpl-love.com\/fr\/wp-json\/wp\/v2\/product_cat?post=120431"},{"taxonomy":"product_tag","embeddable":true,"href":"https:\/\/gpl-love.com\/fr\/wp-json\/wp\/v2\/product_tag?post=120431"}],"curies":[{"name":"wp","href":"https:\/\/api.w.org\/{rel}","templated":true}]}}