{"id":120418,"date":"2024-04-05T00:00:00","date_gmt":"2024-04-04T22:00:00","guid":{"rendered":"https:\/\/gpl-love.com\/fr\/produit\/tantum-car-scooter-boat-et-bike-rental-services-wordpress-theme\/"},"modified":"2026-04-10T18:42:01","modified_gmt":"2026-04-10T16:42:01","slug":"tantum-car-scooter-boat-et-bike-rental-services-wordpress-theme","status":"publish","type":"product","link":"https:\/\/gpl-love.com\/fr\/produit\/tantum-car-scooter-boat-et-bike-rental-services-wordpress-theme\/","title":{"rendered":"TanTum Car Scooter Boat et Bike Rental Services WordPress Theme 1.1.10"},"content":{"rendered":"<h3>TanTum Car Scooter Boat et Bike Rental Services WordPress Theme Traits<\/h3>\n<p>Le th\u00e8me WordPress de Scooter Tantum Scooter. . Avec son interface remarquablement conviviale et sa mise en page hautement adaptable, ce th\u00e8me vous donne la possibilit\u00e9 de pr\u00e9senter sans effort vos services et de g\u00e9rer efficacement vos r\u00e9servations. Il poss\u00e8de un \u00e9ventail diversifi\u00e9 de fonctionnalit\u00e9s, y compris un syst\u00e8me de r\u00e9servation de pointe, des tables de tarification compl\u00e8tes et des widgets personnalisables, entre autres, tous int\u00e9gr\u00e9s de mani\u00e8re transparente pour \u00e9lever la pro\u00e9minence de votre site Web et attirer une client\u00e8le substantielle. Que vous soyez un entrepreneur en herbe qui se lance dans une nouvelle entreprise ou une entreprise \u00e9tablie cherchant \u00e0 insuffler une nouvelle vie dans votre site Web existant, le th\u00e8me WordPress de Scooter Tantum Scooter est ind\u00e9niablement pour votre entreprise de services de location.<\/p>\n<ul>\n<li>Design r\u00e9actif et adapt\u00e9 aux mobiles assure une exp\u00e9rience de navigation transparente<\/li>\n<li>Le syst\u00e8me complet de r\u00e9servation et de r\u00e9servation permet aux clients de louer des v\u00e9hicules rapidement et facilement<\/li>\n<li>Int\u00e9gration de passerelle de paiement int\u00e9gr\u00e9e pour les transactions s\u00e9curis\u00e9es et sans tracas<\/li>\n<li>Plusieurs options de personnalisation pour personnaliser le site Web pour correspondre \u00e0 la marque et au style de votre entreprise<\/li>\n<li>Int\u00e9gration avec des plugins de service de location populaires pour une fonctionnalit\u00e9 \u00e9largie<\/li>\n<li>Optimisation du r\u00e9f\u00e9rencement pour am\u00e9liorer la visibilit\u00e9 du site Web et le classement des moteurs de recherche<\/li>\n<li>Documentation compl\u00e8te et support client pour aider les utilisateurs \u00e0 toutes les questions ou pr\u00e9occupations<\/li>\n<li>Compatible avec tous les principaux navigateurs Web pour une accessibilit\u00e9 maximale aux clients<\/li>\n<li>Mises \u00e0 jour automatiques et corrections de bogues pour assurer un service et des performances ininterrompus.<\/li>\n<\/ul>\n","protected":false},"excerpt":{"rendered":"<p>Le th\u00e8me Tantum WordPress est un outil multifonctionnel qui r\u00e9pond aux besoins des services de location, en particulier ceux qui proposent des voitures, des scooters, des bateaux et des v\u00e9los. Son objectif principal est de faciliter les utilisateurs dans leur recherche du v\u00e9hicule id\u00e9al, leur permettant de le r\u00e9server et de le r\u00e9server sans effort. Ce qui distingue ce th\u00e8me, c&rsquo;est sa nature flexible, permettant la personnalisation de divers aspects tels que les listes de v\u00e9hicules, les r\u00e9servations et les paiements. De plus, sa conception de pointe garantit la compatibilit\u00e9 avec divers appareils et \u00e9crans, tandis que son accent sur la vitesse et la fiabilit\u00e9 garantit une exp\u00e9rience utilisateur optimale. Le th\u00e8me offre en outre une pl\u00e9thore de fonctionnalit\u00e9s impressionnantes, y compris la possibilit\u00e9 d&rsquo;adapter les formulaires de commande, d&rsquo;utiliser des fonctionnalit\u00e9s de recherche avanc\u00e9es et de g\u00e9rer efficacement les r\u00e9servations. Ces attributs rendent Tantum particuli\u00e8rement adapt\u00e9 aux particuliers et aux entreprises qui cherchent \u00e0 \u00e9lever leurs services de location en ligne. En adoptant Tantum, vous avez le pouvoir de r\u00e9volutionner la fa\u00e7on dont les clients s&rsquo;engagent dans la location de v\u00e9hicules, offrant finalement une exp\u00e9rience transparente et sans pr\u00e9c\u00e9dent \u00e0 chaque interaction.<\/p>\n","protected":false},"featured_media":145449,"comment_status":"open","ping_status":"open","template":"","meta":[],"product_brand":[2433],"product_cat":[1516,1212,1213],"product_tag":[1366],"class_list":{"0":"post-120418","1":"product","2":"type-product","3":"status-publish","4":"has-post-thumbnail","6":"product_brand-themeforest","7":"product_cat-entreprise","8":"product_cat-themes","9":"product_cat-wordpress-themes","10":"product_tag-themeforest","11":"member-discount","12":"discount-restricted","14":"first","15":"instock","16":"sale","17":"downloadable","18":"virtual","19":"sold-individually","20":"purchasable","21":"product-type-simple"},"_links":{"self":[{"href":"https:\/\/gpl-love.com\/fr\/wp-json\/wp\/v2\/product\/120418","targetHints":{"allow":["GET"]}}],"collection":[{"href":"https:\/\/gpl-love.com\/fr\/wp-json\/wp\/v2\/product"}],"about":[{"href":"https:\/\/gpl-love.com\/fr\/wp-json\/wp\/v2\/types\/product"}],"replies":[{"embeddable":true,"href":"https:\/\/gpl-love.com\/fr\/wp-json\/wp\/v2\/comments?post=120418"}],"wp:featuredmedia":[{"embeddable":true,"href":"https:\/\/gpl-love.com\/fr\/wp-json\/wp\/v2\/media\/145449"}],"wp:attachment":[{"href":"https:\/\/gpl-love.com\/fr\/wp-json\/wp\/v2\/media?parent=120418"}],"wp:term":[{"taxonomy":"product_brand","embeddable":true,"href":"https:\/\/gpl-love.com\/fr\/wp-json\/wp\/v2\/product_brand?post=120418"},{"taxonomy":"product_cat","embeddable":true,"href":"https:\/\/gpl-love.com\/fr\/wp-json\/wp\/v2\/product_cat?post=120418"},{"taxonomy":"product_tag","embeddable":true,"href":"https:\/\/gpl-love.com\/fr\/wp-json\/wp\/v2\/product_tag?post=120418"}],"curies":[{"name":"wp","href":"https:\/\/api.w.org\/{rel}","templated":true}]}}