{"id":120407,"date":"2025-11-02T00:00:00","date_gmt":"2025-11-01T23:00:00","guid":{"rendered":"https:\/\/gpl-love.com\/fr\/produit\/salesking-ultimate-sales-team-agents-et-reps-plugin-pour-woocommerce\/"},"modified":"2026-04-10T18:38:33","modified_gmt":"2026-04-10T16:38:33","slug":"salesking-ultimate-sales-team-agents-et-reps-plugin-pour-woocommerce","status":"publish","type":"product","link":"https:\/\/gpl-love.com\/fr\/produit\/salesking-ultimate-sales-team-agents-et-reps-plugin-pour-woocommerce\/","title":{"rendered":"SalesKing Ultimate Sales Team Agents et Reps Plugin pour WooCommerce 1.7.85"},"content":{"rendered":"<h3>SalesKing Ultimate Sales Team Agents et Reps Plugin pour WooCommerce Traits<\/h3>\n<p>Le plugin d&rsquo;agents et de repr\u00e9sentants de l&rsquo;\u00e9quipe de vente Ultimate Saleskkkkkking pour WooCommerce est un outil incroyablement robuste et puissant qui a \u00e9t\u00e9 m\u00e9ticuleusement con\u00e7u pour r\u00e9pondre aux besoins des entreprises qui cherchent avec ferveur \u00e0 am\u00e9liorer et \u00e0 optimiser leur processus de vente. En vous int\u00e9grant de mani\u00e8re transparente \u00e0 la plate-forme WooCommerce et en b\u00e9n\u00e9ficiant d&rsquo;une interface exceptionnellement conviviale et intuitive, ce plugin vous permet de g\u00e9rer de mani\u00e8re approfondie votre \u00e9quipe de vente estim\u00e9e en affectant des agents et des repr\u00e9sentants adeptes \u00e0 des produits, des cat\u00e9gories sp\u00e9cifiques ou m\u00eame \u00e0 l&rsquo;entit\u00e9 de vos vastes ventes mondiales portefeuille. En outre, ce plugin extraordinaire regorge d&rsquo;une gamme de fonctionnalit\u00e9s inestimables qui incluent, mais qui ne se limitent certainement pas \u00e0 la fourniture de rapports de vente en temps r\u00e9el, \u00e0 un suivi et \u00e0 un suivi des commissions, ainsi qu&rsquo;\u00e0 une int\u00e9gration transparente avec votre gestion de la relation client ( Syst\u00e8me CRM). Avec cet arsenal extraordinaire de fonctionnalit\u00e9s \u00e0 votre disposition, vous serez capable de surveiller et efficacement efficacement et de garder un \u0153il sur vos progr\u00e8s des ventes, ainsi que de suivre m\u00e9ticuleusement vos clients estim\u00e9s d&rsquo;une mani\u00e8re qui est \u00e0 la fois \u00e9conome en temps et tr\u00e8s efficace. Essentiellement, le plugin d&rsquo;agents et de repr\u00e9sentants de l&rsquo;\u00e9quipe de vente ultime de Saleskking pour WooCommerce est la quintessence de la perfection lorsqu&rsquo;il s&rsquo;agit de trouver la solution optimale pour les entreprises qui aspirent \u00e0 augmenter leurs chiffres de vente et \u00e0 rationaliser leur processus de vente entier \u00e0 des sommets sans pr\u00e9c\u00e9dent.<\/p>\n<ul>\n<li>Permet la cr\u00e9ation de plusieurs \u00e9quipes de vente dans WooCommerce<\/li>\n<li>Attribue des agents et des repr\u00e9sentants individuels \u00e0 des \u00e9quipes sp\u00e9cifiques<\/li>\n<li>Fournit aux chefs d&rsquo;\u00e9quipe des outils pour g\u00e9rer et surveiller les performances de leur \u00e9quipe<\/li>\n<li>Suit les ventes individuelles et les gains de commission pour chaque membre de l&rsquo;\u00e9quipe<\/li>\n<li>G\u00e9n\u00e8re des rapports de vente d\u00e9taill\u00e9s pour chaque \u00e9quipe et les performances globales des ventes<\/li>\n<li>Facilite la communication entre les membres de l&rsquo;\u00e9quipe et les chefs d&rsquo;\u00e9quipe via le syst\u00e8me de messagerie interne<\/li>\n<li>S&rsquo;int\u00e8gre \u00e0 la commande et aux donn\u00e9es des clients de WooCommerce pour le suivi et les rapports des ventes transparentes<\/li>\n<li>Structure de commission personnalisable et options de paiement pour chaque \u00e9quipe et agent \/ repr\u00e9sentant individuel<\/li>\n<\/ul>\n","protected":false},"excerpt":{"rendered":"<p>Le plugin d&rsquo;agents et de repr\u00e9sentants de l&rsquo;\u00e9quipe de vente Ultimate Saleskkkkkking pour WooCommerce s&rsquo;av\u00e8re \u00eatre une ressource exceptionnelle pour les entreprises qui d\u00e9pendent fortement d&rsquo;une \u00e9quipe de vente robuste pour amplifier leurs revenus. Ce plugin propose une gestion transparente des agents commerciaux et des repr\u00e9sentants, permettant une affectation sans effort \u00e0 des clients particuliers et un suivi complet des performances. Poss\u00e9dant des capacit\u00e9s remarquables, ce plugin influent rationalise efficacement le processus de vente et contribue \u00e0 une productivit\u00e9 accrue, tout en accordant des informations inestimables en temps r\u00e9el sur les performances de l&rsquo;\u00e9quipe. Que votre entreprise soit une op\u00e9ration \u00e0 petite \u00e9chelle ou une entreprise \u00e0 grande \u00e9chelle, le plugin d&rsquo;agents et de repr\u00e9sentants de l&rsquo;\u00e9quipe de vente ultime de Saleskking pour WooCommerce appara\u00eet comme un investissement valable pour ceux qui cherchent \u00e0 optimiser leur strat\u00e9gie de vente.<\/p>\n","protected":false},"featured_media":145156,"comment_status":"open","ping_status":"open","template":"","meta":[],"product_brand":[2435],"product_cat":[1183,1182,1181],"product_tag":[1231],"class_list":{"0":"post-120407","1":"product","2":"type-product","3":"status-publish","4":"has-post-thumbnail","6":"product_brand-codecanyon","7":"product_cat-administration","8":"product_cat-commerce-electronique-plugins","9":"product_cat-plugins","10":"product_tag-codecanyon","11":"member-discount","12":"discount-restricted","14":"first","15":"instock","16":"sale","17":"downloadable","18":"virtual","19":"sold-individually","20":"purchasable","21":"product-type-simple"},"_links":{"self":[{"href":"https:\/\/gpl-love.com\/fr\/wp-json\/wp\/v2\/product\/120407","targetHints":{"allow":["GET"]}}],"collection":[{"href":"https:\/\/gpl-love.com\/fr\/wp-json\/wp\/v2\/product"}],"about":[{"href":"https:\/\/gpl-love.com\/fr\/wp-json\/wp\/v2\/types\/product"}],"replies":[{"embeddable":true,"href":"https:\/\/gpl-love.com\/fr\/wp-json\/wp\/v2\/comments?post=120407"}],"wp:featuredmedia":[{"embeddable":true,"href":"https:\/\/gpl-love.com\/fr\/wp-json\/wp\/v2\/media\/145156"}],"wp:attachment":[{"href":"https:\/\/gpl-love.com\/fr\/wp-json\/wp\/v2\/media?parent=120407"}],"wp:term":[{"taxonomy":"product_brand","embeddable":true,"href":"https:\/\/gpl-love.com\/fr\/wp-json\/wp\/v2\/product_brand?post=120407"},{"taxonomy":"product_cat","embeddable":true,"href":"https:\/\/gpl-love.com\/fr\/wp-json\/wp\/v2\/product_cat?post=120407"},{"taxonomy":"product_tag","embeddable":true,"href":"https:\/\/gpl-love.com\/fr\/wp-json\/wp\/v2\/product_tag?post=120407"}],"curies":[{"name":"wp","href":"https:\/\/api.w.org\/{rel}","templated":true}]}}