{"id":120405,"date":"2025-12-25T00:00:00","date_gmt":"2025-12-24T23:00:00","guid":{"rendered":"https:\/\/gpl-love.com\/fr\/produit\/gravity-forms-encrypted-fields\/"},"modified":"2026-03-20T23:17:47","modified_gmt":"2026-03-20T22:17:47","slug":"gravity-forms-encrypted-fields","status":"publish","type":"product","link":"https:\/\/gpl-love.com\/fr\/produit\/gravity-forms-encrypted-fields\/","title":{"rendered":"Gravity Forms Encrypted Fields 7.0"},"content":{"rendered":"<h3>Gravity Forms Encrypted Fields Traits<\/h3>\n<p>Les formulaires de gravit\u00e9 crypt\u00e9s, un module compl\u00e9mentaire tr\u00e8s puissant, vous permet de prot\u00e9ger les informations sensibles qui sont entr\u00e9es dans vos formulaires de gravit\u00e9 par chiffrement. Gr\u00e2ce \u00e0 cet outil remarquable, vous avez la capacit\u00e9 de prot\u00e9ger les donn\u00e9es personnelles et financi\u00e8res de vos clients estim\u00e9s, comprenant des num\u00e9ros de carte de cr\u00e9dit, des mots de passe et des num\u00e9ros de s\u00e9curit\u00e9 sociale. Les champs crypt\u00e9s, de nature imprenable, peuvent \u00eatre uniquement d\u00e9crypt\u00e9s par des individus autoris\u00e9s \u00e0 le faire, garantissant ainsi la plus grande vie priv\u00e9e et protection contre les violations potentielles de donn\u00e9es. Impliquant dans son utilisation et int\u00e9gr\u00e9 de mani\u00e8re transparente aux formulaires de gravit\u00e9, ce module compl\u00e9mentaire garantit que toutes les informations saisies dans vos formulaires sont crypt\u00e9es et imperm\u00e9ables aux menaces. Si votre aspiration consiste \u00e0 prot\u00e9ger les informations sensibles de vos clients et \u00e0 maintenir l&rsquo;impr\u00e9gnation de vos donn\u00e9es commerciales, les champs crypt\u00e9s des formulaires de gravit\u00e9 sont sans \u00e9quivoque la solution que vous recherchez.<\/p>\n<ul>\n<li>Encryption de donn\u00e9es s\u00e9curis\u00e9e pour les soumissions de formulaires de gravit\u00e9<\/li>\n<li>Compatible avec tous les types de champs de formes de gravit\u00e9<\/li>\n<li>Utilise un cryptage AES-256 avanc\u00e9 pour une protection maximale<\/li>\n<li>Facile \u00e0 configurer et \u00e0 utiliser, aucun codage requis<\/li>\n<li>Parfait pour collecter des informations sensibles telles que les num\u00e9ros de carte de cr\u00e9dit ou les donn\u00e9es personnelles<\/li>\n<li>Prend en charge plusieurs cl\u00e9s de chiffrement pour une s\u00e9curit\u00e9 suppl\u00e9mentaire<\/li>\n<li>D\u00e9cryptage automatique lors de la soumission du formulaire pour le traitement des donn\u00e9es transparentes<\/li>\n<li>Les param\u00e8tres flexibles permettent la personnalisation et le contr\u00f4le du processus de chiffrement<\/li>\n<li>Le soutien expert et les mises \u00e0 jour constantes garantissent la fiabilit\u00e9 et l&rsquo;innovation des produits<\/li>\n<\/ul>\n","protected":false},"excerpt":{"rendered":"<p>Gravity Forms Crypted Fields, un plugin WordPress incroyablement robuste, pr\u00e9sente aux utilisateurs la capacit\u00e9 remarquable de crypter toutes les donn\u00e9es sensibles soumises via leurs formulaires. En utilisant ce plugin ing\u00e9nieux, vous avez la capacit\u00e9 de fortifier la sauvegarde des informations personnelles de vos utilisateurs, en particulier les d\u00e9tails de leur carte de cr\u00e9dit ou les num\u00e9ros de s\u00e9curit\u00e9 sociale, \u00e0 partir d&rsquo;un acc\u00e8s non autoris\u00e9. Par cons\u00e9quent, cet outil exceptionnel renforce de mani\u00e8re transparente l&rsquo;infrastructure de s\u00e9curit\u00e9 de votre site Web, garantissant la pr\u00e9servation des donn\u00e9es de vos pr\u00e9cieuses utilisateurs de mani\u00e8re s\u00e9curis\u00e9e et confidentielle. L&rsquo;installation et l&rsquo;utilisation de ce plugin sont un jeu d&rsquo;enfant, gr\u00e2ce \u00e0 son interface conviviale, et si vous rencontrez des difficult\u00e9s, soyez assur\u00e9 que la documentation compl\u00e8te et le support de premier ordre de l&rsquo;\u00e9quipe estim\u00e9e des formulaires de gravit\u00e9 sont facilement disponibles pour r\u00e9pondre \u00e0 vos pr\u00e9occupations.<\/p>\n","protected":false},"featured_media":144067,"comment_status":"open","ping_status":"open","template":"","meta":[],"product_brand":[2435],"product_cat":[1207,1181,1186],"product_tag":[1231],"class_list":{"0":"post-120405","1":"product","2":"type-product","3":"status-publish","4":"has-post-thumbnail","6":"product_brand-codecanyon","7":"product_cat-commercialisation-wordpress-plugins","8":"product_cat-plugins","9":"product_cat-wordpress-plugins","10":"product_tag-codecanyon","11":"member-discount","12":"discount-restricted","14":"first","15":"instock","16":"sale","17":"downloadable","18":"virtual","19":"sold-individually","20":"purchasable","21":"product-type-simple"},"_links":{"self":[{"href":"https:\/\/gpl-love.com\/fr\/wp-json\/wp\/v2\/product\/120405","targetHints":{"allow":["GET"]}}],"collection":[{"href":"https:\/\/gpl-love.com\/fr\/wp-json\/wp\/v2\/product"}],"about":[{"href":"https:\/\/gpl-love.com\/fr\/wp-json\/wp\/v2\/types\/product"}],"replies":[{"embeddable":true,"href":"https:\/\/gpl-love.com\/fr\/wp-json\/wp\/v2\/comments?post=120405"}],"wp:featuredmedia":[{"embeddable":true,"href":"https:\/\/gpl-love.com\/fr\/wp-json\/wp\/v2\/media\/144067"}],"wp:attachment":[{"href":"https:\/\/gpl-love.com\/fr\/wp-json\/wp\/v2\/media?parent=120405"}],"wp:term":[{"taxonomy":"product_brand","embeddable":true,"href":"https:\/\/gpl-love.com\/fr\/wp-json\/wp\/v2\/product_brand?post=120405"},{"taxonomy":"product_cat","embeddable":true,"href":"https:\/\/gpl-love.com\/fr\/wp-json\/wp\/v2\/product_cat?post=120405"},{"taxonomy":"product_tag","embeddable":true,"href":"https:\/\/gpl-love.com\/fr\/wp-json\/wp\/v2\/product_tag?post=120405"}],"curies":[{"name":"wp","href":"https:\/\/api.w.org\/{rel}","templated":true}]}}