{"id":120403,"date":"2025-09-24T00:00:00","date_gmt":"2025-09-23T22:00:00","guid":{"rendered":"https:\/\/gpl-love.com\/fr\/produit\/geodirectory-google-analytics\/"},"modified":"2026-03-20T23:16:20","modified_gmt":"2026-03-20T22:16:20","slug":"geodirectory-google-analytics","status":"publish","type":"product","link":"https:\/\/gpl-love.com\/fr\/produit\/geodirectory-google-analytics\/","title":{"rendered":"GeoDirectory Google Analytics 2.3.8"},"content":{"rendered":"<h3>GeoDirectory Google Analytics Traits<\/h3>\n<p>GeoDirectory Google Analytics est un outil de pointe et r\u00e9volutionnaire qui pr\u00e9sente aux entreprises des informations inestimables et tr\u00e8s utiles concernant le trafic de leur site Web. Ce logiciel extr\u00eamement puissant a \u00e9t\u00e9 m\u00e9ticuleusement con\u00e7u et d\u00e9velopp\u00e9 pour suivre et surveiller avec m\u00e9ticulement et avec pr\u00e9cision les mod\u00e8les de comportement et les actions des visiteurs du site Web, fournissant ainsi aux entreprises des rapports complets et globaux concernant les int\u00e9r\u00eats, la d\u00e9mographie et les emplacements g\u00e9ographiques de ces personnes. Arm\u00e9s de cette richesse de connaissances et d&rsquo;informations, les entreprises peuvent optimiser et am\u00e9liorer leurs sites Web afin de r\u00e9pondre aux besoins et aux pr\u00e9f\u00e9rences de leurs clients estim\u00e9s, \u00e0 stimuler l&rsquo;engagement et l&rsquo;interaction, et finalement conduire et g\u00e9n\u00e9rer un nombre plus \u00e9lev\u00e9 de conversions. Le logiciel poss\u00e8de \u00e9galement une fonctionnalit\u00e9 remarquable qui permet une int\u00e9gration transparente et sans effort avec Google Analytics, facilitant ainsi la surveillance et la surveillance sans effort du trafic du site Web et le suivi m\u00e9ticuleux du comportement des utilisateurs. En conclusion, cet outil in\u00e9gal\u00e9 est une n\u00e9cessit\u00e9 absolue et un atout obligatoire pour toute entreprise qui aspire \u00e0 augmenter et \u00e0 \u00e9lever leur pr\u00e9sence en ligne et \u00e0 prendre des d\u00e9cisions \u00e9clair\u00e9es et judicieuses bas\u00e9es sur des informations concr\u00e8tes et bas\u00e9es sur les donn\u00e9es.<\/p>\n<ul>\n<li>S&rsquo;int\u00e8gre parfaitement \u00e0 Google Analytics pour fournir des donn\u00e9es g\u00e9o-cibl\u00e9es compl\u00e8tes<\/li>\n<li>Vous permet de suivre les visites, les pages vues, les taux de rebond et autres mesures cl\u00e9s par r\u00e9gion g\u00e9ographique<\/li>\n<li>Vous montre quels pays fournissent le plus de trafic vers votre site, ainsi que les pages et les produits les plus populaires dans chaque r\u00e9gion<\/li>\n<li>Vous aide \u00e0 identifier les domaines o\u00f9 vous devrez peut-\u00eatre am\u00e9liorer le contenu ou les fonctionnalit\u00e9s de votre site Web afin de mieux r\u00e9pondre \u00e0 votre public mondial<\/li>\n<li>Offre des options de rapports personnalis\u00e9es qui vous permettent de g\u00e9n\u00e9rer des informations d\u00e9taill\u00e9es et bas\u00e9es sur la localisation \u00e0 la demande<\/li>\n<li>Simplifie le processus d&rsquo;exportation de donn\u00e9es dans d&rsquo;autres syst\u00e8mes ou applications pour une analyse ou une action plus approfondie<\/li>\n<li>Fournit un support et des mises \u00e0 jour continues pour s&rsquo;assurer que le plugin reste \u00e0 jour avec les derni\u00e8res modifications dans Google Analytics et d&rsquo;autres technologies pertinentes<\/li>\n<\/ul>\n","protected":false},"excerpt":{"rendered":"<p>GeoDirectory Google Analytics est un outil tr\u00e8s robuste et efficace qui vous accorde la possibilit\u00e9 de suivre et d&rsquo;analyser m\u00e9ticuleusement le trafic et le comportement des visiteurs de votre site Web. L&rsquo;int\u00e9gration de Google Analytics dans votre site Web g\u00e9odirectoral est sans effort gr\u00e2ce \u00e0 ce plugin remarquable, qui vous accorde une vaste gamme de donn\u00e9es inestimables, englobant les pages vues, les taux de rebond, la d\u00e9mographie des utilisateurs et bien plus encore. En exploitant et en exploitant ces id\u00e9es inestimables, vous \u00eates autoris\u00e9 \u00e0 prendre des d\u00e9cisions bien inform\u00e9es et astucieuses concernant l&rsquo;optimisation de votre site Web, am\u00e9liorant ainsi ses performances globales et atteignant efficacement vos objectifs en ligne. Que vous assumiez le r\u00f4le d&rsquo;un propri\u00e9taire d&rsquo;entreprise, d&rsquo;un marketing ou d&rsquo;un d\u00e9veloppeur Web, la solution GeoDirectory Google Analytics est l&rsquo;outil ultime, vous \u00e9quipant d&rsquo;une compr\u00e9hension compl\u00e8te des performances de votre site Web et de vous permettant de maximiser son vaste potentiel.<\/p>\n","protected":false},"featured_media":143974,"comment_status":"open","ping_status":"open","template":"","meta":[],"product_brand":[2560],"product_cat":[1335,1181,1186],"product_tag":[1828],"class_list":{"0":"post-120403","1":"product","2":"type-product","3":"status-publish","4":"has-post-thumbnail","6":"product_brand-ayecode","7":"product_cat-seo","8":"product_cat-plugins","9":"product_cat-wordpress-plugins","10":"product_tag-ayecode","11":"member-discount","12":"discount-restricted","14":"first","15":"instock","16":"sale","17":"downloadable","18":"virtual","19":"sold-individually","20":"purchasable","21":"product-type-simple"},"_links":{"self":[{"href":"https:\/\/gpl-love.com\/fr\/wp-json\/wp\/v2\/product\/120403","targetHints":{"allow":["GET"]}}],"collection":[{"href":"https:\/\/gpl-love.com\/fr\/wp-json\/wp\/v2\/product"}],"about":[{"href":"https:\/\/gpl-love.com\/fr\/wp-json\/wp\/v2\/types\/product"}],"replies":[{"embeddable":true,"href":"https:\/\/gpl-love.com\/fr\/wp-json\/wp\/v2\/comments?post=120403"}],"wp:featuredmedia":[{"embeddable":true,"href":"https:\/\/gpl-love.com\/fr\/wp-json\/wp\/v2\/media\/143974"}],"wp:attachment":[{"href":"https:\/\/gpl-love.com\/fr\/wp-json\/wp\/v2\/media?parent=120403"}],"wp:term":[{"taxonomy":"product_brand","embeddable":true,"href":"https:\/\/gpl-love.com\/fr\/wp-json\/wp\/v2\/product_brand?post=120403"},{"taxonomy":"product_cat","embeddable":true,"href":"https:\/\/gpl-love.com\/fr\/wp-json\/wp\/v2\/product_cat?post=120403"},{"taxonomy":"product_tag","embeddable":true,"href":"https:\/\/gpl-love.com\/fr\/wp-json\/wp\/v2\/product_tag?post=120403"}],"curies":[{"name":"wp","href":"https:\/\/api.w.org\/{rel}","templated":true}]}}