{"id":120401,"date":"2024-02-06T00:00:00","date_gmt":"2024-02-05T23:00:00","guid":{"rendered":"https:\/\/gpl-love.com\/fr\/produit\/wpmu-dev-integrated-video-tutorials\/"},"modified":"2026-03-20T23:52:04","modified_gmt":"2026-03-20T22:52:04","slug":"wpmu-dev-integrated-video-tutorials","status":"publish","type":"product","link":"https:\/\/gpl-love.com\/fr\/produit\/wpmu-dev-integrated-video-tutorials\/","title":{"rendered":"WPMU DEV Integrated Video Tutorials 1.8.14"},"content":{"rendered":"<h3>WPMU DEV Integrated Video Tutorials Traits<\/h3>\n<p>Les tutoriels vid\u00e9o int\u00e9gr\u00e9s WPMU Dev sont un produit tr\u00e8s louable qui offre aux utilisateurs une plate-forme globale et conviviale pour acqu\u00e9rir des connaissances. Ce produit exceptionnel a \u00e9t\u00e9 d\u00e9lib\u00e9r\u00e9ment con\u00e7u pour doter les utilisateurs des comp\u00e9tences essentielles n\u00e9cessaires pour naviguer habilement dans le domaine complexe de WordPress. Les tutoriels ont \u00e9t\u00e9 int\u00e9gr\u00e9s de mani\u00e8re transparente dans le tableau de bord WordPress, garantissant l&rsquo;accessibilit\u00e9 sans effort pour les utilisateurs et englobent un large \u00e9ventail de sujets, allant de la fonctionnalit\u00e9 rudimentaire WordPress aux m\u00e9thodologies de d\u00e9veloppement de pointe. Les vid\u00e9os ont \u00e9t\u00e9 m\u00e9ticuleusement produites par des professionnels, fournissant des instructions lucides et succinctes qui sont compr\u00e9hensibles sans effort. En utilisant les remarquables tutoriels vid\u00e9o int\u00e9gr\u00e9s WPMU Dev, les utilisateurs peuvent rapidement acqu\u00e9rir l&rsquo;expertise n\u00e9cessaire pour se transformer en autorit\u00e9s WordPress comp\u00e9tentes.<\/p>\n<ul>\n<li>Acc\u00e8s facile \u00e0 plus de 200 tutoriels vid\u00e9o sur WordPress et d\u00e9veloppement de sites Web<\/li>\n<li>Vid\u00e9os de haute qualit\u00e9 avec des pr\u00e9sentateurs professionnels et des instructions claires<\/li>\n<li>Les vid\u00e9os sont int\u00e9gr\u00e9es directement dans le tableau de bord WordPress pour un acc\u00e8s pratique<\/li>\n<li>Les tutoriels couvrent un large \u00e9ventail de sujets, de la configuration de base du site Web au codage avanc\u00e9<\/li>\n<li>R\u00e9guli\u00e8rement mis \u00e0 jour avec de nouveaux tutoriels pour suivre les derni\u00e8res tendances et fonctionnalit\u00e9s<\/li>\n<li>Peut \u00eatre utilis\u00e9 par les d\u00e9butants et les utilisateurs de WordPress exp\u00e9riment\u00e9s<\/li>\n<li>\u00c9conomiser du temps et de l&rsquo;argent sur la formation en d\u00e9veloppement Web en fournissant toutes les informations en un seul endroit<\/li>\n<li>Compatible avec tous les th\u00e8mes et plugins WP, assurant une int\u00e9gration en douceur avec votre configuration actuelle<\/li>\n<li>Base de connaissances compl\u00e8te avec tutoriels texte et documentation d\u00e9taill\u00e9e pour tous les tutoriels vid\u00e9o<\/li>\n<li>Plusieurs options de visualisation, y compris le mode plein \u00e9cran et l&rsquo;ajustement de la vitesse de lecture, pour une exp\u00e9rience d&rsquo;apprentissage personnalis\u00e9e.<\/li>\n<\/ul>\n","protected":false},"excerpt":{"rendered":"<p>Les tutoriels vid\u00e9o int\u00e9gr\u00e9s WPMU Dev sont une solution de formation r\u00e9volutionnaire et globale qui offre une vaste gamme de possibilit\u00e9s pour les particuliers et les entreprises pour am\u00e9liorer et affiner leurs capacit\u00e9s de d\u00e9veloppement Web. Ce service exceptionnellement robuste fournit aux utilisateurs des tutoriels vid\u00e9o m\u00e9ticuleusement con\u00e7us et de haut niveau couvrant un large \u00e9ventail de sujets, notamment WordPress, la s\u00e9curit\u00e9, l&rsquo;h\u00e9bergement et les th\u00e8mes, tout en les int\u00e9grant de mani\u00e8re transparente dans le tableau de bord WPMU Dev. Gr\u00e2ce \u00e0 l&rsquo;utilisation des didacticiels vid\u00e9o int\u00e9gr\u00e9s WPMU Dev, les utilisateurs peuvent acqu\u00e9rir sans effort et rapidement les connaissances n\u00e9cessaires pour cr\u00e9er des sites Web qui sont non seulement ex\u00e9cut\u00e9s par des professionnels, mais \u00e9galement en toute s\u00e9curit\u00e9 et captivants, le tout sans l&rsquo;entreprise ardue d&rsquo;une formation approfondie ou de l&rsquo;exorbitant captivant, le tout sans l&rsquo;entreprise ardue d&rsquo;une formation approfondie ou l&rsquo;exorbitant d\u00e9penses associ\u00e9es \u00e0 la participation \u00e0 des cours co\u00fbteux. N&rsquo;h\u00e9sitez pas \u00e0 vous lancer dans ce voyage transformateur aujourd&rsquo;hui et \u00e9levez vos prouesses de d\u00e9veloppement Web \u00e0 des hauteurs sans pr\u00e9c\u00e9dent!<\/p>\n","protected":false},"featured_media":146303,"comment_status":"open","ping_status":"open","template":"","meta":[],"product_brand":[2744],"product_cat":[1189,1181,1186],"product_tag":[1429],"class_list":{"0":"post-120401","1":"product","2":"type-product","3":"status-publish","4":"has-post-thumbnail","6":"product_brand-wpmu","7":"product_cat-personnalisation","8":"product_cat-plugins","9":"product_cat-wordpress-plugins","10":"product_tag-wpmu","11":"member-discount","12":"discount-restricted","14":"first","15":"instock","16":"sale","17":"downloadable","18":"virtual","19":"sold-individually","20":"purchasable","21":"product-type-simple"},"_links":{"self":[{"href":"https:\/\/gpl-love.com\/fr\/wp-json\/wp\/v2\/product\/120401","targetHints":{"allow":["GET"]}}],"collection":[{"href":"https:\/\/gpl-love.com\/fr\/wp-json\/wp\/v2\/product"}],"about":[{"href":"https:\/\/gpl-love.com\/fr\/wp-json\/wp\/v2\/types\/product"}],"replies":[{"embeddable":true,"href":"https:\/\/gpl-love.com\/fr\/wp-json\/wp\/v2\/comments?post=120401"}],"wp:featuredmedia":[{"embeddable":true,"href":"https:\/\/gpl-love.com\/fr\/wp-json\/wp\/v2\/media\/146303"}],"wp:attachment":[{"href":"https:\/\/gpl-love.com\/fr\/wp-json\/wp\/v2\/media?parent=120401"}],"wp:term":[{"taxonomy":"product_brand","embeddable":true,"href":"https:\/\/gpl-love.com\/fr\/wp-json\/wp\/v2\/product_brand?post=120401"},{"taxonomy":"product_cat","embeddable":true,"href":"https:\/\/gpl-love.com\/fr\/wp-json\/wp\/v2\/product_cat?post=120401"},{"taxonomy":"product_tag","embeddable":true,"href":"https:\/\/gpl-love.com\/fr\/wp-json\/wp\/v2\/product_tag?post=120401"}],"curies":[{"name":"wp","href":"https:\/\/api.w.org\/{rel}","templated":true}]}}