{"id":120397,"date":"2025-10-20T00:00:00","date_gmt":"2025-10-19T22:00:00","guid":{"rendered":"https:\/\/gpl-love.com\/fr\/produit\/newsletter-ninja-forms-integration\/"},"modified":"2026-03-20T23:27:56","modified_gmt":"2026-03-20T22:27:56","slug":"newsletter-ninja-forms-integration","status":"publish","type":"product","link":"https:\/\/gpl-love.com\/fr\/produit\/newsletter-ninja-forms-integration\/","title":{"rendered":"Newsletter Ninja Forms Integration 1.2.8"},"content":{"rendered":"<h3>Newsletter Ninja Forms Integration Traits<\/h3>\n<p>L&rsquo;int\u00e9gration des formulaires Ninja Ninja est un outil incroyablement robuste qui sert \u00e0 simplifier le processus complexe d&rsquo;int\u00e9gration des formulaires dans votre newsletter. Cet outil r\u00e9volutionnaire a \u00e9t\u00e9 m\u00e9ticuleusement con\u00e7u pour garantir que le parcours de cr\u00e9ation et de gestion des formulaires devient une activit\u00e9 transparente et sans effort. L&rsquo;int\u00e9gration vous offre l&rsquo;avantage unique de fabriquer sans effort des formes personnalis\u00e9es qui s&rsquo;alignent parfaitement avec vos besoins et exigences sp\u00e9cifiques. Que vous visiez \u00e0 capturer sans effort les adresses e-mail pour \u00e9tendre votre base d&rsquo;abonn\u00e9s \u00e0 la newsletter ou \u00e0 recueillir des commentaires pr\u00e9cieux de votre client\u00e8le estim\u00e9e, assurez-vous que l&rsquo;int\u00e9gration des formulaires Ninja Ninja vous est rest\u00e9. L&rsquo;int\u00e9gration offre un immense niveau de personnalisation, offrant une vaste gamme de fonctionnalit\u00e9s qui vous permettent de g\u00e9rer des formes qui sont non seulement visuellement attrayantes mais aussi tr\u00e8s fonctionnelles. En incorporant cet outil r\u00e9volutionnaire dans votre flux de travail, vous pouvez rationaliser vos op\u00e9rations et am\u00e9liorer consid\u00e9rablement votre efficacit\u00e9 globale, solidifiant ainsi son statut d&rsquo;attention indispensable pour toute entreprise avant-gardiste qui aspire \u00e0 maintenir un avantage concurrentiel dans le domaine du commerce moderne.<\/p>\n<ul>\n<li>Int\u00e9grez de mani\u00e8re transparente votre compte Ninja Newsletter avec votre plugin Ninja Forms<\/li>\n<li>Ajoutez automatiquement de nouvelles soumissions de formulaires \u00e0 votre liste de diffusion Ninja Newsletter<\/li>\n<li>Choisissez la liste des e-mails \u00e0 ajouter des abonn\u00e9s au sein du plugin Ninja Forms<\/li>\n<li>Personnalisez les champs envoy\u00e9s \u00e0 la newsletter ninja, vous permettant de capturer les donn\u00e9es exactes de l&rsquo;abonn\u00e9 dont vous avez besoin<\/li>\n<li>Carte automatiquement les champs entre les formulaires Ninja et la newsletter ninja, r\u00e9duisant la saisie manuelle et l&rsquo;efficacit\u00e9 croissante<\/li>\n<li>Utilisez les puissantes fonctionnalit\u00e9s d&rsquo;automatisation de Newsletter Ninja pour cr\u00e9er des campagnes cibl\u00e9es bas\u00e9es sur les champs soumis via des formulaires Ninja<\/li>\n<li>Gardez un aper\u00e7u du comportement de vos abonn\u00e9s en regardant des rapports et des analyses d\u00e9taill\u00e9s dans votre compte Ninja de newsletter Ninja<\/li>\n<li>Profitez du support client in\u00e9gal\u00e9 des \u00e9quipes de newsletter Ninja et Ninja Forms.<\/li>\n<\/ul>\n","protected":false},"excerpt":{"rendered":"<p>Le bulletin d&rsquo;int\u00e9gration des formulaires Ninja est un outil exceptionnel qui rationalise consid\u00e9rablement le processus de collecte des abonn\u00e9s pour votre newsletter. Avec cette int\u00e9gration transparente, vous avez la capacit\u00e9 remarquable de g\u00e9n\u00e9rer sans effort des formulaires personnalis\u00e9s, qui peuvent \u00eatre commod\u00e9ment positionn\u00e9s sur votre site Web. De plus, vous avez l&rsquo;avantage suppl\u00e9mentaire de ajouter automatiquement des inscriptions \u00e0 votre liste de newsletter estim\u00e9e. Offrez des adieux \u00e0 la t\u00e2che ardue et longue de saisir manuellement les donn\u00e9es et de d\u00e9tourner votre attention vers la promotion de l&rsquo;expansion de votre communaut\u00e9 d\u00e9vou\u00e9e d&rsquo;abonn\u00e9s avec une facilit\u00e9 et une efficacit\u00e9 in\u00e9gal\u00e9es.<\/p>\n","protected":false},"featured_media":144735,"comment_status":"open","ping_status":"open","template":"","meta":[],"product_brand":[2602],"product_cat":[1189,1181,1186],"product_tag":[2261],"class_list":{"0":"post-120397","1":"product","2":"type-product","3":"status-publish","4":"has-post-thumbnail","6":"product_brand-newsletter","7":"product_cat-personnalisation","8":"product_cat-plugins","9":"product_cat-wordpress-plugins","10":"product_tag-newsletter","11":"member-discount","12":"discount-restricted","14":"first","15":"instock","16":"sale","17":"downloadable","18":"virtual","19":"sold-individually","20":"purchasable","21":"product-type-simple"},"_links":{"self":[{"href":"https:\/\/gpl-love.com\/fr\/wp-json\/wp\/v2\/product\/120397","targetHints":{"allow":["GET"]}}],"collection":[{"href":"https:\/\/gpl-love.com\/fr\/wp-json\/wp\/v2\/product"}],"about":[{"href":"https:\/\/gpl-love.com\/fr\/wp-json\/wp\/v2\/types\/product"}],"replies":[{"embeddable":true,"href":"https:\/\/gpl-love.com\/fr\/wp-json\/wp\/v2\/comments?post=120397"}],"wp:featuredmedia":[{"embeddable":true,"href":"https:\/\/gpl-love.com\/fr\/wp-json\/wp\/v2\/media\/144735"}],"wp:attachment":[{"href":"https:\/\/gpl-love.com\/fr\/wp-json\/wp\/v2\/media?parent=120397"}],"wp:term":[{"taxonomy":"product_brand","embeddable":true,"href":"https:\/\/gpl-love.com\/fr\/wp-json\/wp\/v2\/product_brand?post=120397"},{"taxonomy":"product_cat","embeddable":true,"href":"https:\/\/gpl-love.com\/fr\/wp-json\/wp\/v2\/product_cat?post=120397"},{"taxonomy":"product_tag","embeddable":true,"href":"https:\/\/gpl-love.com\/fr\/wp-json\/wp\/v2\/product_tag?post=120397"}],"curies":[{"name":"wp","href":"https:\/\/api.w.org\/{rel}","templated":true}]}}