{"id":120395,"date":"2025-09-22T00:00:00","date_gmt":"2025-09-21T22:00:00","guid":{"rendered":"https:\/\/gpl-love.com\/fr\/produit\/woocommerce-orders-et-customers-exporter\/"},"modified":"2026-04-10T18:47:38","modified_gmt":"2026-04-10T16:47:38","slug":"woocommerce-orders-et-customers-exporter","status":"publish","type":"product","link":"https:\/\/gpl-love.com\/fr\/produit\/woocommerce-orders-et-customers-exporter\/","title":{"rendered":"WooCommerce Orders et Customers Exporter 5.6"},"content":{"rendered":"<h3>WooCommerce Orders et Customers Exporter Traits<\/h3>\n<p>L&rsquo;exportateur de commandes et de clients WooCommerce, un outil tr\u00e8s puissant, offre aux entreprises la possibilit\u00e9 de g\u00e9rer et d&rsquo;extraire efficacement les donn\u00e9es pr\u00e9cieuses des clients et de commandes de leur magasin WooCommerce. Ce plugin permet aux utilisateurs la flexibilit\u00e9 d&rsquo;exporter des donn\u00e9es dans une myriade de formats, tels que CSV et Excel, tout en leur accordant la libert\u00e9 de personnaliser les champs et les donn\u00e9es sp\u00e9cifiques qu&rsquo;ils souhaitent exporter. Cet outil particulier constitue un actif inestimable pour les entreprises qui cherchent \u00e0 plonger dans l&rsquo;analyse du comportement des clients, la segmentation de l&rsquo;audience ou m\u00eame le simple suivi des donn\u00e9es de vente. En automatisant l&rsquo;int\u00e9gralit\u00e9 du processus d&rsquo;exportation de donn\u00e9es, l&rsquo;exportateur des commandes WooCommerce et des clients permettent non seulement de gagner un temps et des efforts pr\u00e9cieux, mais garantit \u00e9galement que les utilisateurs sont \u00e9quip\u00e9s de donn\u00e9es pr\u00e9cises et \u00e0 jour, leur permettant ainsi de prendre des d\u00e9cisions bien inform\u00e9es pour leurs aventures .<\/p>\n<ul>\n<li>Exportation facile de toutes les donn\u00e9es des clients et des commandes de votre magasin WooCommerce<\/li>\n<li>Formats de fichiers compatibles CSV et Excel pour r\u00e9pondre \u00e0 divers besoins<\/li>\n<li>Possibilit\u00e9 de s\u00e9lectionner des plages de dattes sp\u00e9cifiques pour l&rsquo;exportation<\/li>\n<li>Interface utilisateur simple et intuitive pour l&rsquo;exportation transparente<\/li>\n<li>Gagnez du temps en permettant une exportation en vrac au lieu de la saisie manuelle des donn\u00e9es<\/li>\n<li>Comprend des donn\u00e9es importantes sur les clients et les commandes telles que l&rsquo;adresse de facturation \/ exp\u00e9dition, l&rsquo;\u00e9tat de paiement et le total de la commande<\/li>\n<li>Fonctionne avec toutes les versions de WooCommerce pour une compatibilit\u00e9 maximale<\/li>\n<li>Permet la personnalisation des param\u00e8tres d&rsquo;exportation pour r\u00e9pondre aux besoins commerciaux uniques.<\/li>\n<\/ul>\n","protected":false},"excerpt":{"rendered":"<p>L&rsquo;exportateur de commandes et de clients WooCommerce est un outil incroyablement robuste qui offre des fonctionnalit\u00e9s transparentes pour exporter les donn\u00e9es des clients et des commandes de votre boutique WooCommerce. Son interface conviviale permet l&rsquo;exportation sans effort de donn\u00e9es au format CSV, Excel ou JSON, rationalisant ainsi le processus de partage de donn\u00e9es et de manipulation. En outre, cet exportateur poss\u00e8de un \u00e9ventail d&rsquo;options de personnalisation, vous offrant la flexibilit\u00e9 de s\u00e9lectionner les donn\u00e9es sp\u00e9cifiques \u00e0 exporter et d\u00e9terminer le formatage souhait\u00e9. Que votre objectif soit d&rsquo;int\u00e9grer de mani\u00e8re transparente des donn\u00e9es avec un syst\u00e8me tiers, d&rsquo;effectuer une analyse approfondie des donn\u00e9es de vente ou simplement de maintenir une sauvegarde s\u00e9curis\u00e9e de vos informations pr\u00e9cieuses, assurez-vous que les commandes WooCommerce et l&rsquo;exportateur des clients sont sans \u00e9quivoque la solution optimale pour tous vos besoins.<\/p>\n","protected":false},"featured_media":145948,"comment_status":"open","ping_status":"open","template":"","meta":[],"product_brand":[2435],"product_cat":[1183,1182,1181],"product_tag":[1231],"class_list":{"0":"post-120395","1":"product","2":"type-product","3":"status-publish","4":"has-post-thumbnail","6":"product_brand-codecanyon","7":"product_cat-administration","8":"product_cat-commerce-electronique-plugins","9":"product_cat-plugins","10":"product_tag-codecanyon","11":"member-discount","12":"discount-restricted","14":"first","15":"instock","16":"sale","17":"downloadable","18":"virtual","19":"sold-individually","20":"purchasable","21":"product-type-simple"},"_links":{"self":[{"href":"https:\/\/gpl-love.com\/fr\/wp-json\/wp\/v2\/product\/120395","targetHints":{"allow":["GET"]}}],"collection":[{"href":"https:\/\/gpl-love.com\/fr\/wp-json\/wp\/v2\/product"}],"about":[{"href":"https:\/\/gpl-love.com\/fr\/wp-json\/wp\/v2\/types\/product"}],"replies":[{"embeddable":true,"href":"https:\/\/gpl-love.com\/fr\/wp-json\/wp\/v2\/comments?post=120395"}],"wp:featuredmedia":[{"embeddable":true,"href":"https:\/\/gpl-love.com\/fr\/wp-json\/wp\/v2\/media\/145948"}],"wp:attachment":[{"href":"https:\/\/gpl-love.com\/fr\/wp-json\/wp\/v2\/media?parent=120395"}],"wp:term":[{"taxonomy":"product_brand","embeddable":true,"href":"https:\/\/gpl-love.com\/fr\/wp-json\/wp\/v2\/product_brand?post=120395"},{"taxonomy":"product_cat","embeddable":true,"href":"https:\/\/gpl-love.com\/fr\/wp-json\/wp\/v2\/product_cat?post=120395"},{"taxonomy":"product_tag","embeddable":true,"href":"https:\/\/gpl-love.com\/fr\/wp-json\/wp\/v2\/product_tag?post=120395"}],"curies":[{"name":"wp","href":"https:\/\/api.w.org\/{rel}","templated":true}]}}