{"id":120362,"date":"2026-04-16T00:00:00","date_gmt":"2026-04-15T22:00:00","guid":{"rendered":"https:\/\/gpl-love.com\/fr\/produit\/themify-post-type-builder-search\/"},"modified":"2026-04-17T00:31:06","modified_gmt":"2026-04-16T22:31:06","slug":"themify-post-type-builder-search","status":"publish","type":"product","link":"https:\/\/gpl-love.com\/fr\/produit\/themify-post-type-builder-search\/","title":{"rendered":"Themify Post Type Builder Search 2.1.9"},"content":{"rendered":"<h3>Themify Post Type Builder Search Traits<\/h3>\n<p>La recherche de constructeurs de types de publication THEFIFY est un outil incroyablement avanc\u00e9 et sophistiqu\u00e9 qui permet aux utilisateurs la possibilit\u00e9 de g\u00e9n\u00e9rer sans effort des dispositions de recherche uniques et personnalis\u00e9es pour leurs sites Web WordPress. En utilisant ce plugin ing\u00e9nieux, les individus sont en mesure de fa\u00e7onner un formulaire de recherche qui permet aux utilisateurs de rechercher des publications sp\u00e9cifiques, des pages ou m\u00eame des types de messages personnalis\u00e9s. De plus, le formulaire de recherche et ses r\u00e9sultats de recherche correspondants peuvent \u00eatre parfaitement personnalis\u00e9s pour s&rsquo;aligner parfaitement sur la conception globale et le style d&rsquo;un site Web donn\u00e9. De plus, on a la libert\u00e9 de cuire \u00e0 la main quels types de poste sont inclus dans les r\u00e9sultats de la recherche, ainsi que le privil\u00e8ge d&rsquo;organiser m\u00e9ticuleusement l&rsquo;ordre dans lequel lesdits r\u00e9sultats sont affich\u00e9s. Ergo, ce plugin sert de solution par excellence pour les propri\u00e9taires de sites Web qui aspirent \u00e0 fournir \u00e0 leurs visiteurs une fonction de recherche robuste qui est intelligemment adapt\u00e9e au contenu pr\u00e9cis h\u00e9berg\u00e9 dans leur site Web. Par cons\u00e9quent, il est clair sans \u00e9quivoque que la recherche de constructeurs de types de post thenify est un outil indispensable pour toute personne cherchant \u00e0 \u00e9lever et \u00e0 affiner la fonctionnalit\u00e9 de recherche de leur site Web WordPress.<\/p>\n<ul>\n<li>Personnalisez vos fonctionnalit\u00e9s de recherche sur WordPress avec la recherche de Builder de type de message THEFIF.<\/li>\n<li>Cr\u00e9ez facilement des formulaires de recherche personnalis\u00e9s adapt\u00e9s \u00e0 vos besoins.<\/li>\n<li>Profitez des fonctionnalit\u00e9s de recherche avanc\u00e9es comme la saisie semi-automatique et la recherche en direct.<\/li>\n<li>Choisissez parmi une gamme de styles de formulaire pour correspondre \u00e0 la conception de votre site Web.<\/li>\n<li>Ajoutez sans effort des filtres de recherche \u00e0 vos pages d&rsquo;archives de type post personnalis\u00e9es.<\/li>\n<li>Interrogez vos publications et pages par titre, cat\u00e9gorie, taxonomie, etc.<\/li>\n<li>Pr\u00e9sentez vos messages et pages dans une disposition \u00e9l\u00e9gante et r\u00e9active avec les mod\u00e8les de r\u00e9sultats de recherche personnalis\u00e9s.<\/li>\n<li>Int\u00e9grez rapidement la recherche de builder de type post avec les th\u00e8mes THEIFIF, ainsi que tout type de publication personnalis\u00e9 WordPress.<\/li>\n<li>Boostez l&rsquo;engagement des utilisateurs et am\u00e9liorez la navigation du site avec une puissante fonctionnalit\u00e9 de recherche personnalis\u00e9e.<\/li>\n<li>Am\u00e9liorez les performances et l&rsquo;exp\u00e9rience utilisateur de votre site Web avec la recherche de constructeur de types de publication.<\/li>\n<\/ul>\n","protected":false},"excerpt":{"rendered":"<p>La recherche de constructeurs de types de post The Th\u00e9ify est un outil incroyablement robuste et convivial qui offre une aide \u00e9norme pour g\u00e9n\u00e9rer sans effort des formulaires de recherche de type post-post personnalis\u00e9s. Ce plugin remarquablement innovant pr\u00e9sente une interface de glisser-d\u00e9poser tr\u00e8s intuitive, facilitant la personnalisation de la disposition, des champs et des options de votre formulaire de recherche. Gr\u00e2ce \u00e0 cet outil de recherche exceptionnellement dynamique, plongez sans effort dans une exploration approfondie de votre site Web entier, des types de messages sp\u00e9cifiques, des cat\u00e9gories, des balises et des champs personnalis\u00e9s. De plus, la recherche du constructeur de types de publication The Th\u00e9ify s&rsquo;harmonise de mani\u00e8re transparente avec tous les th\u00e8mes THEFIFY et s&rsquo;int\u00e8gre de mani\u00e8re transparente \u00e0 une pl\u00e9thore d&rsquo;autres plugins WordPress. En fin de compte, vous avez la possibilit\u00e9 d&rsquo;am\u00e9liorer l&rsquo;exp\u00e9rience de recherche de vos visiteurs de site Web estim\u00e9s gr\u00e2ce \u00e0 la mise en \u0153uvre de la recherche de constructeurs de types de post Themey.<\/p>\n","protected":false},"featured_media":145549,"comment_status":"open","ping_status":"open","template":"","meta":[],"product_brand":[2674],"product_cat":[1189,1181,1186],"product_tag":[1375],"class_list":{"0":"post-120362","1":"product","2":"type-product","3":"status-publish","4":"has-post-thumbnail","6":"product_brand-themify","7":"product_cat-personnalisation","8":"product_cat-plugins","9":"product_cat-wordpress-plugins","10":"product_tag-themify","11":"member-discount","12":"discount-restricted","14":"first","15":"instock","16":"sale","17":"downloadable","18":"virtual","19":"sold-individually","20":"purchasable","21":"product-type-simple"},"_links":{"self":[{"href":"https:\/\/gpl-love.com\/fr\/wp-json\/wp\/v2\/product\/120362","targetHints":{"allow":["GET"]}}],"collection":[{"href":"https:\/\/gpl-love.com\/fr\/wp-json\/wp\/v2\/product"}],"about":[{"href":"https:\/\/gpl-love.com\/fr\/wp-json\/wp\/v2\/types\/product"}],"replies":[{"embeddable":true,"href":"https:\/\/gpl-love.com\/fr\/wp-json\/wp\/v2\/comments?post=120362"}],"wp:featuredmedia":[{"embeddable":true,"href":"https:\/\/gpl-love.com\/fr\/wp-json\/wp\/v2\/media\/145549"}],"wp:attachment":[{"href":"https:\/\/gpl-love.com\/fr\/wp-json\/wp\/v2\/media?parent=120362"}],"wp:term":[{"taxonomy":"product_brand","embeddable":true,"href":"https:\/\/gpl-love.com\/fr\/wp-json\/wp\/v2\/product_brand?post=120362"},{"taxonomy":"product_cat","embeddable":true,"href":"https:\/\/gpl-love.com\/fr\/wp-json\/wp\/v2\/product_cat?post=120362"},{"taxonomy":"product_tag","embeddable":true,"href":"https:\/\/gpl-love.com\/fr\/wp-json\/wp\/v2\/product_tag?post=120362"}],"curies":[{"name":"wp","href":"https:\/\/api.w.org\/{rel}","templated":true}]}}