{"id":120360,"date":"2026-04-16T00:00:00","date_gmt":"2026-04-15T22:00:00","guid":{"rendered":"https:\/\/gpl-love.com\/fr\/produit\/themify-post-type-builder-relation\/"},"modified":"2026-04-17T00:31:05","modified_gmt":"2026-04-16T22:31:05","slug":"themify-post-type-builder-relation","status":"publish","type":"product","link":"https:\/\/gpl-love.com\/fr\/produit\/themify-post-type-builder-relation\/","title":{"rendered":"Themify Post Type Builder Relation 2.0.9"},"content":{"rendered":"<h3>Themify Post Type Builder Relation Traits<\/h3>\n<p>La relation Builder Tymy Type The Th\u00e9ify est un outil incroyablement puissant et polyvalent qui offre aux utilisateurs la possibilit\u00e9 de g\u00e9n\u00e9rer sans effort des types de publication et des taxonomies personnalis\u00e9s dans l&rsquo;\u00e9cosyst\u00e8me WordPress. En incorporant ce plugin exceptionnel dans votre site Web, vous obtenez la possibilit\u00e9 d&rsquo;\u00e9tablir rapidement et de mani\u00e8re transparente des relations personnalis\u00e9es entre divers types de publication, vous offrant ainsi la possibilit\u00e9 de pr\u00e9senter du contenu interconnect\u00e9 de mani\u00e8re \u00e0 une myriade de mani\u00e8res convaincantes et uniques. Que vous construisiez un blog dynamique, une impressionnante vitrine de portefeuille ou un emporium de commerce \u00e9lectronique anim\u00e9, la relation de builder de type The Th\u00e9ify est une ressource inestimable qui peut rationaliser consid\u00e9rablement votre flux de travail, vous permettant de cultiver une r\u00e9alit\u00e9 intuitive et immersive remarquablement intuitive et immersive, Exp\u00e9rience utilisateur pour vos visiteurs estim\u00e9s. \u00c9quip\u00e9e d&rsquo;une gamme d&rsquo;options de personnalisation hautement flexibles et avec une interface intuitivement con\u00e7ue, ce plugin extraordinaire appara\u00eet comme un atout indispensable pour tout d\u00e9veloppeur WordPress ambitieux ou propri\u00e9taire de site Web astucieux qui aspire \u00e0 propulser sa pr\u00e9sence en ligne \u00e0 des hauteurs d&rsquo;excellence et de distinction sans pr\u00e9c\u00e9dent.<\/p>\n<ul>\n<li>Permet \u00e0 l&rsquo;utilisateur d&rsquo;ajouter facilement des publications connexes \u00e0 tout type de publication personnalis\u00e9<\/li>\n<li>Offre la possibilit\u00e9 d&rsquo;afficher des messages connexes de diverses mani\u00e8res, par exemple via un widget ou un shortcode<\/li>\n<li>Offre des options de personnalisation puissantes pour le style et l&rsquo;affichage des articles connexes<\/li>\n<li>Peut augmenter l&rsquo;engagement des utilisateurs en fournissant un contenu pertinent aux lecteurs \u00e0 explorer<\/li>\n<li>Le logiciel THEIFY POST TYPE BUILDER est connu pour sa facilit\u00e9 d&rsquo;utilisation et sa flexibilit\u00e9, ce qui en fait un excellent choix pour les d\u00e9butants et les d\u00e9veloppeurs exp\u00e9riment\u00e9s<\/li>\n<li>Gave le temps et les efforts en automatisant le processus de liaison manuelle des articles connexes<\/li>\n<li>Offre la possibilit\u00e9 de filtrer les articles connexes en fonction de crit\u00e8res sp\u00e9cifiques, tels que la cat\u00e9gorie ou la balise<\/li>\n<li>Fournit une exp\u00e9rience utilisateur transparente avec une conception et une compatibilit\u00e9 r\u00e9actives avec des plugins et des th\u00e8mes populaires.<\/li>\n<\/ul>\n","protected":false},"excerpt":{"rendered":"<p>Le plugin Relation de type Builder Tymy THEIFY, qui propose une gamme de fonctionnalit\u00e9s pratiques, vous permet d&rsquo;\u00e9tablir sans effort des connexions et de pr\u00e9senter des publications associ\u00e9es sur votre site Web. En utilisant son interface de tra\u00een\u00e9e et de d\u00e9p\u00f4t conviviale, vous gagnez la possibilit\u00e9 d&rsquo;\u00e9tablir des relations entre divers types de messages et de les pr\u00e9senter de mani\u00e8re visuellement captivante, augmentant ainsi l&rsquo;exp\u00e9rience utilisateur et favorisant un engagement accru. Ce plugin exceptionnel est particuli\u00e8rement bien adapt\u00e9 aux sites Web qui poss\u00e8dent des quantit\u00e9s substantielles de contenu, car elle facilite efficacement l&rsquo;escalade de l&rsquo;engagement des utilisateurs et prolonge les dur\u00e9es de r\u00e9tention des visiteurs.<\/p>\n","protected":false},"featured_media":145548,"comment_status":"open","ping_status":"open","template":"","meta":[],"product_brand":[2674],"product_cat":[1189,1181,1186],"product_tag":[1375],"class_list":{"0":"post-120360","1":"product","2":"type-product","3":"status-publish","4":"has-post-thumbnail","6":"product_brand-themify","7":"product_cat-personnalisation","8":"product_cat-plugins","9":"product_cat-wordpress-plugins","10":"product_tag-themify","11":"member-discount","12":"discount-restricted","14":"first","15":"instock","16":"sale","17":"downloadable","18":"virtual","19":"sold-individually","20":"purchasable","21":"product-type-simple"},"_links":{"self":[{"href":"https:\/\/gpl-love.com\/fr\/wp-json\/wp\/v2\/product\/120360","targetHints":{"allow":["GET"]}}],"collection":[{"href":"https:\/\/gpl-love.com\/fr\/wp-json\/wp\/v2\/product"}],"about":[{"href":"https:\/\/gpl-love.com\/fr\/wp-json\/wp\/v2\/types\/product"}],"replies":[{"embeddable":true,"href":"https:\/\/gpl-love.com\/fr\/wp-json\/wp\/v2\/comments?post=120360"}],"wp:featuredmedia":[{"embeddable":true,"href":"https:\/\/gpl-love.com\/fr\/wp-json\/wp\/v2\/media\/145548"}],"wp:attachment":[{"href":"https:\/\/gpl-love.com\/fr\/wp-json\/wp\/v2\/media?parent=120360"}],"wp:term":[{"taxonomy":"product_brand","embeddable":true,"href":"https:\/\/gpl-love.com\/fr\/wp-json\/wp\/v2\/product_brand?post=120360"},{"taxonomy":"product_cat","embeddable":true,"href":"https:\/\/gpl-love.com\/fr\/wp-json\/wp\/v2\/product_cat?post=120360"},{"taxonomy":"product_tag","embeddable":true,"href":"https:\/\/gpl-love.com\/fr\/wp-json\/wp\/v2\/product_tag?post=120360"}],"curies":[{"name":"wp","href":"https:\/\/api.w.org\/{rel}","templated":true}]}}