{"id":120358,"date":"2026-03-25T00:00:00","date_gmt":"2026-03-24T23:00:00","guid":{"rendered":"https:\/\/gpl-love.com\/fr\/produit\/themify-post-type-builder-map-view\/"},"modified":"2026-03-25T23:31:06","modified_gmt":"2026-03-25T22:31:06","slug":"themify-post-type-builder-map-view","status":"publish","type":"product","link":"https:\/\/gpl-love.com\/fr\/produit\/themify-post-type-builder-map-view\/","title":{"rendered":"Themify Post Type Builder Map View 2.0.8"},"content":{"rendered":"<h3>Themify Post Type Builder Map View Traits<\/h3>\n<p>La vue sur la carte du g\u00e9n\u00e9rateur de types de post THEMIFY est un outil incroyablement robuste et dynamique qui a \u00e9t\u00e9 con\u00e7u ing\u00e9nieusement pour vous aider dans la cr\u00e9ation et le d\u00e9veloppement de types de post personnalis\u00e9s qui sont enrichis avec des donn\u00e9es sp\u00e9cifiques \u00e0 l&#8217;emplacement. En utilisant ce plugin exceptionnel, vous avez la capacit\u00e9 de g\u00e9n\u00e9rer sans effort et de mode des cartes sur mesure qui pr\u00e9senteront efficacement vos messages en fonction de leur emplacement g\u00e9ographique respectif. La fonction de vue de carte extraordinaire vous permet d&rsquo;incorporer de mani\u00e8re transparente des marqueurs individualis\u00e9s sur votre carte, tout en vous offrant simultan\u00e9ment la possibilit\u00e9 de filtrer et d&rsquo;affiner m\u00e9ticuleusement vos r\u00e9sultats en utilisant une pl\u00e9thore de crit\u00e8res divers, tels que le type de poste, la cat\u00e9gorie ou m\u00eame le champ personnalis\u00e9. En outre, il est important de noter que ce plugin remarquable est exceptionnellement flexible et adaptable, car il permet l&rsquo;int\u00e9gration sans effort de champs personnalis\u00e9s, de taxonomies et de m\u00e9ta-donn\u00e9es dans vos types de publication uniques. Que vous vous consid\u00e9riez comme un blogueur d\u00e9di\u00e9, un d\u00e9veloppeur comp\u00e9tent ou un propri\u00e9taire d&rsquo;entreprise entreprenant, la pr\u00e9sence de THEFIFY TYPE TYPE BUILDER MAP View dans votre r\u00e9pertoire num\u00e9rique est sans \u00e9quivoque La cr\u00e9ation et la diffusion de l&rsquo;engagement et de la captivation du contenu bas\u00e9 sur la localisation sur votre site Web estim\u00e9.<\/p>\n<ul>\n<li>Cr\u00e9ez des types de messages personnalis\u00e9s et affichez-les sur une carte avec THEFIFY TYPE TYPE BUILDER MAP View<\/li>\n<li>Ajouter des marqueurs de localisation avec des ic\u00f4nes et des \u00e9tiquettes personnalis\u00e9es<\/li>\n<li>Carte Niveau de zoom et options de clustering de localisation disponibles<\/li>\n<li>Affichez les champs personnalis\u00e9s comme info-bulleurs lorsque le marqueur est plan\u00e9<\/li>\n<li>Compatible avec Google Maps et OpenStreetMap<\/li>\n<li>La conception enti\u00e8rement r\u00e9active garantit que la carte a fi\u00e8re allure sur n&rsquo;importe quel appareil<\/li>\n<li>Ajoutez plusieurs cartes \u00e0 une page et personnalisez leur apparence<\/li>\n<li>Interface de glisser-d\u00e9poser facile pour l&rsquo;ajout et le positionnement des marqueurs<\/li>\n<li>Personnaliser les fen\u00eatres contextuelles du marqueur avec HTML et CSS<\/li>\n<li>Utilisez avec n&rsquo;importe quel th\u00e8me WordPress et int\u00e9grez facilement dans n&rsquo;importe quel site Web<\/li>\n<li>Augmentez l&rsquo;engagement et l&rsquo;interaction des utilisateurs en affichant votre contenu sur une belle carte interactive.<\/li>\n<\/ul>\n","protected":false},"excerpt":{"rendered":"<p>La vue sur carte du Builder Type THEIFY est un outil incroyablement robuste et influent qui a \u00e9t\u00e9 intelligemment con\u00e7u dans le but de pr\u00e9senter vos messages personnalis\u00e9s sur une carte interactive et visuellement captivante. En utilisant ce produit exceptionnel, vous avez la capacit\u00e9 de pr\u00e9senter sans effort tous vos emplacements ou \u00e9v\u00e9nements importants \u00e0 l&rsquo;aide d&rsquo;une carte dynamique et immersive. Par cons\u00e9quent, vos visiteurs estim\u00e9s pourront se plonger rapidement et sans effort dans votre contenu au moyen d&rsquo;une riche exp\u00e9rience visuelle, amplifiant ainsi leur exp\u00e9rience utilisateur globale. De plus, gr\u00e2ce au large \u00e9ventail d&rsquo;options de personnalisation qui sont facilement disponibles, vous pouvez modifier sans effort la carte pour vous aligner impeccablement avec vos exigences de marque et de conception uniques. De plus, en raison de son int\u00e9gration transparente avec le constructeur de types de post Themefy, vous pouvez g\u00e9n\u00e9rer et g\u00e9rer facilement vos publications personnalis\u00e9es, ce qui rend ce produit distingu\u00e9 un outil indispensable pour tout d\u00e9veloppeur ou concepteur Web qui aspire \u00e0 pr\u00e9senter efficacement leur contenu dans un captivant visuellement visuellement captivant mani\u00e8re.<\/p>\n","protected":false},"featured_media":145547,"comment_status":"open","ping_status":"open","template":"","meta":[],"product_brand":[2674],"product_cat":[1189,1181,1186],"product_tag":[1375],"class_list":{"0":"post-120358","1":"product","2":"type-product","3":"status-publish","4":"has-post-thumbnail","6":"product_brand-themify","7":"product_cat-personnalisation","8":"product_cat-plugins","9":"product_cat-wordpress-plugins","10":"product_tag-themify","11":"member-discount","12":"discount-restricted","14":"first","15":"instock","16":"sale","17":"downloadable","18":"virtual","19":"sold-individually","20":"purchasable","21":"product-type-simple"},"_links":{"self":[{"href":"https:\/\/gpl-love.com\/fr\/wp-json\/wp\/v2\/product\/120358","targetHints":{"allow":["GET"]}}],"collection":[{"href":"https:\/\/gpl-love.com\/fr\/wp-json\/wp\/v2\/product"}],"about":[{"href":"https:\/\/gpl-love.com\/fr\/wp-json\/wp\/v2\/types\/product"}],"replies":[{"embeddable":true,"href":"https:\/\/gpl-love.com\/fr\/wp-json\/wp\/v2\/comments?post=120358"}],"wp:featuredmedia":[{"embeddable":true,"href":"https:\/\/gpl-love.com\/fr\/wp-json\/wp\/v2\/media\/145547"}],"wp:attachment":[{"href":"https:\/\/gpl-love.com\/fr\/wp-json\/wp\/v2\/media?parent=120358"}],"wp:term":[{"taxonomy":"product_brand","embeddable":true,"href":"https:\/\/gpl-love.com\/fr\/wp-json\/wp\/v2\/product_brand?post=120358"},{"taxonomy":"product_cat","embeddable":true,"href":"https:\/\/gpl-love.com\/fr\/wp-json\/wp\/v2\/product_cat?post=120358"},{"taxonomy":"product_tag","embeddable":true,"href":"https:\/\/gpl-love.com\/fr\/wp-json\/wp\/v2\/product_tag?post=120358"}],"curies":[{"name":"wp","href":"https:\/\/api.w.org\/{rel}","templated":true}]}}