{"id":120356,"date":"2023-03-02T00:00:00","date_gmt":"2023-03-01T23:00:00","guid":{"rendered":"https:\/\/gpl-love.com\/fr\/produit\/themify-post-type-builder-extra-fields\/"},"modified":"2026-04-10T18:42:59","modified_gmt":"2026-04-10T16:42:59","slug":"themify-post-type-builder-extra-fields","status":"publish","type":"product","link":"https:\/\/gpl-love.com\/fr\/produit\/themify-post-type-builder-extra-fields\/","title":{"rendered":"Themify Post Type Builder Extra Fields 2.0.1"},"content":{"rendered":"<h3>Themify Post Type Builder Extra Fields Traits<\/h3>\n<p>L&rsquo;outil THEFIFY POST TYPE BUILDER EXTRA FIELDS, qui est un ajout incroyablement puissant et polyvalent au plugin THEFIFY POST TYPE BUILDER, offre aux utilisateurs la capacit\u00e9 de g\u00e9n\u00e9rer des champs personnalis\u00e9s pour leurs messages et types de publication personnalis\u00e9s. Cette fonctionnalit\u00e9 simplifie consid\u00e9rablement le processus d&rsquo;int\u00e9gration d&rsquo;informations et de fonctionnalit\u00e9s suppl\u00e9mentaires dans votre site Web. En offrant un large \u00e9ventail de types de champs \u00e0 s\u00e9lectionner, tels que du texte, de l&rsquo;image, des fichiers, etc., les individus peuvent vraiment cr\u00e9er une exp\u00e9rience personnalis\u00e9e et personnalis\u00e9e pour les visiteurs de leur site. De plus, les utilisateurs ont la possibilit\u00e9 d&rsquo;exercer un contr\u00f4le \u00e0 grain fin sur la visibilit\u00e9 et la disposition de leurs champs personnalis\u00e9s, garantissant ainsi que leur site Web d\u00e9gage l&rsquo;apparence et la fonctionnalit\u00e9 pr\u00e9cises qu&rsquo;ils d\u00e9sirent. Essentiellement, si vous cherchez \u00e0 \u00e9lever votre site Web \u00e0 de nouveaux sommets, l&rsquo;outil Th\u00e9sive de type post-builder extra champs est sans \u00e9quivoque le choix id\u00e9al.<\/p>\n<ul>\n<li>Personnalisez facilement votre site WordPress avec des champs de poste suppl\u00e9mentaires<\/li>\n<li>Interface glisser et d\u00e9poser pour ajouter des champs personnalis\u00e9s<\/li>\n<li>Prend en charge le texte, l&rsquo;image, l&rsquo;audio, la vid\u00e9o et plus de types de champs<\/li>\n<li>Cr\u00e9er des champs conditionnels qui ne s&rsquo;affichent que sur certains crit\u00e8res<\/li>\n<li>Compatible avec des plugins populaires comme Yoast SEO et WooCommerce<\/li>\n<li>\u00c9tiquettes de champ personnalisables et descriptions pour les entr\u00e9es conviviales<\/li>\n<li>Option pour afficher des champs personnalis\u00e9s dans diff\u00e9rentes zones de votre site<\/li>\n<li>Permet un tri et un filtrage faciles des publications bas\u00e9es sur des champs personnalis\u00e9s<\/li>\n<li>Aucune connaissance de codage requise pour ajouter des champs personnalis\u00e9s<\/li>\n<li>Mises \u00e0 jour r\u00e9guli\u00e8res et soutien de The Th\u00e9ify.<\/li>\n<\/ul>\n","protected":false},"excerpt":{"rendered":"<p>Les champs suppl\u00e9mentaires de type Post Type THEIFY sont un outil puissant qui permet aux utilisateurs de cr\u00e9er et de personnaliser des champs suppl\u00e9mentaires pour leurs types de publication. En offrant une large gamme d&rsquo;options et de param\u00e8tres, les utilisateurs peuvent facilement am\u00e9liorer la fonctionnalit\u00e9 et l&rsquo;exp\u00e9rience utilisateur de leur site Web. Cet outil offre une interface transparente et intuitive, ce qui la rend accessible aux d\u00e9butants et aux d\u00e9veloppeurs avanc\u00e9s. Avec les champs suppl\u00e9mentaires de THEFIFY POST TYPE BUILDER, les utilisateurs ont la flexibilit\u00e9 d&rsquo;ajouter divers types de champs, tels que les champs de texte, les cases \u00e0 cocher, la s\u00e9lection des listes d\u00e9roulantes, etc. De plus, ils peuvent sp\u00e9cifier l&rsquo;\u00e9tiquette du champ, le texte de l&rsquo;espace r\u00e9serv\u00e9, la valeur par d\u00e9faut et les r\u00e8gles de validation. Ce plugin riche en fonctionnalit\u00e9s permet \u00e9galement aux utilisateurs de contr\u00f4ler la visibilit\u00e9 du champ en fonction de la logique conditionnelle, ce qui le rend encore plus dynamique et adapt\u00e9 \u00e0 leurs besoins sp\u00e9cifiques. Que vous souhaitiez cr\u00e9er un formulaire de contact simple ou un syst\u00e8me de saisie de donn\u00e9es complexe, le Builder suppl\u00e9mentaire Tymy Builder Fields vous a couvert.<\/p>\n","protected":false},"featured_media":145546,"comment_status":"open","ping_status":"open","template":"","meta":[],"product_brand":[2674],"product_cat":[1189,1181,1186],"product_tag":[1375],"class_list":{"0":"post-120356","1":"product","2":"type-product","3":"status-publish","4":"has-post-thumbnail","6":"product_brand-themify","7":"product_cat-personnalisation","8":"product_cat-plugins","9":"product_cat-wordpress-plugins","10":"product_tag-themify","11":"member-discount","12":"discount-restricted","14":"first","15":"instock","16":"sale","17":"downloadable","18":"virtual","19":"sold-individually","20":"purchasable","21":"product-type-simple"},"_links":{"self":[{"href":"https:\/\/gpl-love.com\/fr\/wp-json\/wp\/v2\/product\/120356","targetHints":{"allow":["GET"]}}],"collection":[{"href":"https:\/\/gpl-love.com\/fr\/wp-json\/wp\/v2\/product"}],"about":[{"href":"https:\/\/gpl-love.com\/fr\/wp-json\/wp\/v2\/types\/product"}],"replies":[{"embeddable":true,"href":"https:\/\/gpl-love.com\/fr\/wp-json\/wp\/v2\/comments?post=120356"}],"wp:featuredmedia":[{"embeddable":true,"href":"https:\/\/gpl-love.com\/fr\/wp-json\/wp\/v2\/media\/145546"}],"wp:attachment":[{"href":"https:\/\/gpl-love.com\/fr\/wp-json\/wp\/v2\/media?parent=120356"}],"wp:term":[{"taxonomy":"product_brand","embeddable":true,"href":"https:\/\/gpl-love.com\/fr\/wp-json\/wp\/v2\/product_brand?post=120356"},{"taxonomy":"product_cat","embeddable":true,"href":"https:\/\/gpl-love.com\/fr\/wp-json\/wp\/v2\/product_cat?post=120356"},{"taxonomy":"product_tag","embeddable":true,"href":"https:\/\/gpl-love.com\/fr\/wp-json\/wp\/v2\/product_tag?post=120356"}],"curies":[{"name":"wp","href":"https:\/\/api.w.org\/{rel}","templated":true}]}}