{"id":120354,"date":"2025-05-01T00:00:00","date_gmt":"2025-04-30T22:00:00","guid":{"rendered":"https:\/\/gpl-love.com\/fr\/produit\/themify-builder-woocommerce\/"},"modified":"2026-04-10T18:42:45","modified_gmt":"2026-04-10T16:42:45","slug":"themify-builder-woocommerce","status":"publish","type":"product","link":"https:\/\/gpl-love.com\/fr\/produit\/themify-builder-woocommerce\/","title":{"rendered":"Themify Builder WooCommerce 3.6.4"},"content":{"rendered":"<h3>Themify Builder WooCommerce Traits<\/h3>\n<p>THEFIFY Builder WooCommerce est un plugin exceptionnellement puissant qui donne aux utilisateurs la possibilit\u00e9 de personnaliser et de concevoir sans effort leur boutique en ligne WooCommerce. Il poss\u00e8de une interface de glisser-d\u00e9poser incroyablement conviviale qui \u00e9limine la n\u00e9cessit\u00e9 d&rsquo;une expertise de codage, permettant aux utilisateurs de construire sans effort des pages de produits captivantes visuellement, de formulaires de paiement hautement personnalisables et de pages de destination de conduite. De plus, ce plugin remarquable propose une vaste s\u00e9lection de mod\u00e8les pr\u00e9-con\u00e7us et de dispositions r\u00e9actives, qui peuvent toutes \u00eatre commod\u00e9ment adapt\u00e9es pour s&rsquo;aligner sur votre marque unique. En outre, le constructeur de TheCify WooCommerce est \u00e9quip\u00e9 d&rsquo;une multitude de fonctionnalit\u00e9s de commerce \u00e9lectronique de pointe, y compris le filtrage des produits, les capacit\u00e9s de vue rapide et les prix dynamiques, qui fonctionnent tous harmonieusement pour \u00e9lever l&rsquo;exp\u00e9rience d&rsquo;achat globale de vos clients pr\u00e9cieux. Que vous soyez un aspirant dans le domaine de la conception Web ou un professionnel chevronn\u00e9, l&rsquo;indispensabilit\u00e9 de The Thify Builder WooCommerce en tant qu&rsquo;instrument pour \u00e9riger une boutique en ligne prosp\u00e8re ne peut pas \u00eatre surestim\u00e9e.<\/p>\n<ul>\n<li>Outil de cr\u00e9ation de pages \u00e0 glisser-d\u00e9poser puissant et intuitif pour les sites Web WooCommerce<\/li>\n<li>Personnalisez vos pages WooCommerce sans avoir besoin de codage ou de connaissances techniques<\/li>\n<li>Mod\u00e8les de mise en page pr\u00e9-con\u00e7us pour une personnalisation et une optimisation faciles<\/li>\n<li>Large gamme de modules et de widgets pour ajouter des fonctionnalit\u00e9s et de l&rsquo;engagement \u00e0 votre site de commerce \u00e9lectronique<\/li>\n<li>Conception r\u00e9active pour les performances transparentes sur tous les appareils<\/li>\n<li>Int\u00e9gration avec des extensions de WooCommerce populaires et des outils tiers<\/li>\n<li>Aper\u00e7u instantan\u00e9 pour les ajustements en temps r\u00e9el et la gratification instantan\u00e9e<\/li>\n<li>Des fonctionnalit\u00e9s de gain de temps comme des options de copie-coller et d&rsquo;importation<\/li>\n<li>Mises \u00e0 jour r\u00e9guli\u00e8res et soutien de l&rsquo;\u00e9quipe The Th\u00e9ify<\/li>\n<li>Am\u00e9liorez l&rsquo;esth\u00e9tique, les fonctionnalit\u00e9s et l&rsquo;exp\u00e9rience utilisateur de votre site de commerce \u00e9lectronique avec le builder WooCommerce.<\/li>\n<\/ul>\n","protected":false},"excerpt":{"rendered":"<p>THEFIFY Builder WooCommerce est un outil incroyablement robuste et avanc\u00e9 qui permet aux individus de construire leurs propres pages de magasins WooCommerce sur mesure, \u00e9liminant la n\u00e9cessit\u00e9 d&rsquo;une expertise de codage ant\u00e9rieure. En tirant parti de ses fonctionnalit\u00e9s d&rsquo;interface glisser-d\u00e9poser tr\u00e8s intuitives, les utilisateurs ont la possibilit\u00e9 de g\u00e9n\u00e9rer sans effort des pages de produits captivantes visuellement, des pages de paiement et une pl\u00e9thore d&rsquo;autres composants essentiels. De plus, Th\u00e9ify Builder WooCommerce est \u00e9quip\u00e9 d&rsquo;une vaste gamme de mod\u00e8les et de modules pr\u00e9-con\u00e7us, offrant aux utilisateurs un point de d\u00e9part acc\u00e9l\u00e9r\u00e9 et rationalis\u00e9. Cependant, il est \u00e0 noter que les caract\u00e9ristiques de personnalisation ne sont pas sacrifi\u00e9es, car les individus poss\u00e8dent l&rsquo;autonomie pour adapter m\u00e9ticuleusement tous les aspects de leurs pages afin de s&rsquo;aligner avec go\u00fbt avec l&rsquo;esth\u00e9tique distinctive de leur marque. Furthermore, it is imperative to highlight that Themify Builder WooCommerce has been meticulously designed to seamlessly integrate and synergize with the WooCommerce platform, thereby fostering a shopping experience that is both intuitive and user-friendly, ultimately culminating in enhanced customer satisfaction and the cultivation of enduring fid\u00e9lit\u00e9 des consommateurs.<\/p>\n","protected":false},"featured_media":145520,"comment_status":"open","ping_status":"open","template":"","meta":[],"product_brand":[2674],"product_cat":[1189,1181,1186],"product_tag":[1375],"class_list":{"0":"post-120354","1":"product","2":"type-product","3":"status-publish","4":"has-post-thumbnail","6":"product_brand-themify","7":"product_cat-personnalisation","8":"product_cat-plugins","9":"product_cat-wordpress-plugins","10":"product_tag-themify","11":"member-discount","12":"discount-restricted","14":"first","15":"instock","16":"sale","17":"downloadable","18":"virtual","19":"sold-individually","20":"purchasable","21":"product-type-simple"},"_links":{"self":[{"href":"https:\/\/gpl-love.com\/fr\/wp-json\/wp\/v2\/product\/120354","targetHints":{"allow":["GET"]}}],"collection":[{"href":"https:\/\/gpl-love.com\/fr\/wp-json\/wp\/v2\/product"}],"about":[{"href":"https:\/\/gpl-love.com\/fr\/wp-json\/wp\/v2\/types\/product"}],"replies":[{"embeddable":true,"href":"https:\/\/gpl-love.com\/fr\/wp-json\/wp\/v2\/comments?post=120354"}],"wp:featuredmedia":[{"embeddable":true,"href":"https:\/\/gpl-love.com\/fr\/wp-json\/wp\/v2\/media\/145520"}],"wp:attachment":[{"href":"https:\/\/gpl-love.com\/fr\/wp-json\/wp\/v2\/media?parent=120354"}],"wp:term":[{"taxonomy":"product_brand","embeddable":true,"href":"https:\/\/gpl-love.com\/fr\/wp-json\/wp\/v2\/product_brand?post=120354"},{"taxonomy":"product_cat","embeddable":true,"href":"https:\/\/gpl-love.com\/fr\/wp-json\/wp\/v2\/product_cat?post=120354"},{"taxonomy":"product_tag","embeddable":true,"href":"https:\/\/gpl-love.com\/fr\/wp-json\/wp\/v2\/product_tag?post=120354"}],"curies":[{"name":"wp","href":"https:\/\/api.w.org\/{rel}","templated":true}]}}