{"id":120352,"date":"2023-04-17T00:00:00","date_gmt":"2023-04-16T22:00:00","guid":{"rendered":"https:\/\/gpl-love.com\/fr\/produit\/themify-builder-typewriter-addon\/"},"modified":"2026-04-10T18:42:44","modified_gmt":"2026-04-10T16:42:44","slug":"themify-builder-typewriter-addon","status":"publish","type":"product","link":"https:\/\/gpl-love.com\/fr\/produit\/themify-builder-typewriter-addon\/","title":{"rendered":"Themify Builder Typewriter Addon 3.0.3"},"content":{"rendered":"<h3>Themify Builder Typewriter Addon Traits<\/h3>\n<p>L&rsquo;addon de machine \u00e0 \u00e9crire THEFIFY BUILDER, s&rsquo;adress\u00e9 sp\u00e9cifiquement aux utilisateurs WordPress cherchant \u00e0 augmenter leur contenu avec un effet de machine \u00e0 \u00e9crire captivant, sert d&rsquo;outil extr\u00eamement puissant. En utilisant cet addon, les d\u00e9veloppeurs de sites Web et les blogueurs peuvent g\u00e9n\u00e9rer sans effort un texte anim\u00e9 qui \u00e9mule impeccablement l&rsquo;apparence et la sensation d&rsquo;une machine \u00e0 \u00e9crire. Notamment, cet addon comprend une pl\u00e9thore d&rsquo;options de personnalisation, englobant les styles de police, la vitesse d&rsquo;animation et la dur\u00e9e du retard entre chaque lettre individuelle. En tant que tel, il est la solution parfaite pour fabriquer des titres, des sous-titres et des paragraphes captivants et fascinants qui captiveront et absorberont indubitablement votre public estim\u00e9. En outre, le processus d&rsquo;installation et d&rsquo;utilisation de l&rsquo;addon de machine \u00e0 \u00e9crire THEFIFY BUILDER est remarquablement simple et convivial, int\u00e9grant de mani\u00e8re transparente au plugin THEFIFY Builder existant. Par cons\u00e9quent, il sert d&rsquo;une augmentation absolument louable pour tout site Web ou blog aspirant \u00e0 infuser un soup\u00e7on de nostalgie dans leur contenu.<\/p>\n<ul>\n<li>Addon facile \u00e0 utiliser pour The Th\u00e9ify Builder qui ajoute un effet de machine \u00e0 \u00e9crire \u00e0 votre texte<\/li>\n<li>Choisissez parmi plusieurs styles d&rsquo;animation de machine \u00e0 \u00e9crire en fonction de l&rsquo;esth\u00e9tique de votre site<\/li>\n<li>Contr\u00f4lez la vitesse et le retard de l&rsquo;effet de machine \u00e0 \u00e9crire pour un aspect et une sensation personnalis\u00e9s<\/li>\n<li>Compatible avec tout th\u00e8me THEFIFY ou site WordPress \u00e0 l&rsquo;aide de THEFIFY Builder<\/li>\n<li>Aucune comp\u00e9tence de codage requise, Ajoutez \u00e0 simplifier l&rsquo;addon \u00e0 votre module Builder et commencez \u00e0 taper<\/li>\n<li>Stimuler l&rsquo;engagement et l&rsquo;int\u00e9r\u00eat pour les visiteurs de votre site avec des affichages de texte dynamique<\/li>\n<li>Utilisez l&rsquo;addon pour ajouter une couche suppl\u00e9mentaire de narration \u00e0 la conception de votre site Web<\/li>\n<li>Restez \u00e0 la mode avec ce style d&rsquo;animation populaire qui ajoute une touche r\u00e9tro \u00e0 la conception Web moderne<\/li>\n<li>Impressionnez votre public avec un site Web professionnel qui int\u00e8gre des \u00e9l\u00e9ments de conception innovants<\/li>\n<li>Avec The Th\u00e9sify Builder Typewriter Addon, vous pourrez cr\u00e9er des pages Web uniques et visuellement \u00e9tonnantes qui se d\u00e9marquent de la foule.<\/li>\n<\/ul>\n","protected":false},"excerpt":{"rendered":"<p>L&rsquo;addon de machine \u00e0 \u00e9crire Th\u00e9ify Builder, un plugin extraordinaire et innovant, est con\u00e7u pour incorporer un effet de machine \u00e0 \u00e9crire captivant dans votre site Web, am\u00e9liorant ainsi son allure. En utilisant cet addon, vous avez la possibilit\u00e9 d&rsquo;animer votre texte et de captiver votre public via un \u00e9l\u00e9ment dynamique et interactif. De plus, son installation et son utilisation sont \u00e0 la fois sans effort et conviviales, tout en offrant une exp\u00e9rience enti\u00e8rement personnalisable, vous accordant la libert\u00e9 de personnaliser la police, la taille de la police, la couleur et la vitesse de l&rsquo;effet de machine \u00e0 \u00e9crire. Que vous cr\u00e9iez un article de blog, que vous construisiez une page de destination ou g\u00e9n\u00e9rez une autre forme de contenu, l&rsquo;addon de machine \u00e0 \u00e9crire de Builder Th\u00e9siy sert d&rsquo;instrument id\u00e9al pour infuser votre site Web avec un soup\u00e7on d&rsquo;ing\u00e9niosit\u00e9 et d&rsquo;enthousiasme.<\/p>\n","protected":false},"featured_media":145519,"comment_status":"open","ping_status":"open","template":"","meta":[],"product_brand":[2674],"product_cat":[1189,1181,1186],"product_tag":[1375],"class_list":{"0":"post-120352","1":"product","2":"type-product","3":"status-publish","4":"has-post-thumbnail","6":"product_brand-themify","7":"product_cat-personnalisation","8":"product_cat-plugins","9":"product_cat-wordpress-plugins","10":"product_tag-themify","11":"member-discount","12":"discount-restricted","14":"first","15":"instock","16":"sale","17":"downloadable","18":"virtual","19":"sold-individually","20":"purchasable","21":"product-type-simple"},"_links":{"self":[{"href":"https:\/\/gpl-love.com\/fr\/wp-json\/wp\/v2\/product\/120352","targetHints":{"allow":["GET"]}}],"collection":[{"href":"https:\/\/gpl-love.com\/fr\/wp-json\/wp\/v2\/product"}],"about":[{"href":"https:\/\/gpl-love.com\/fr\/wp-json\/wp\/v2\/types\/product"}],"replies":[{"embeddable":true,"href":"https:\/\/gpl-love.com\/fr\/wp-json\/wp\/v2\/comments?post=120352"}],"wp:featuredmedia":[{"embeddable":true,"href":"https:\/\/gpl-love.com\/fr\/wp-json\/wp\/v2\/media\/145519"}],"wp:attachment":[{"href":"https:\/\/gpl-love.com\/fr\/wp-json\/wp\/v2\/media?parent=120352"}],"wp:term":[{"taxonomy":"product_brand","embeddable":true,"href":"https:\/\/gpl-love.com\/fr\/wp-json\/wp\/v2\/product_brand?post=120352"},{"taxonomy":"product_cat","embeddable":true,"href":"https:\/\/gpl-love.com\/fr\/wp-json\/wp\/v2\/product_cat?post=120352"},{"taxonomy":"product_tag","embeddable":true,"href":"https:\/\/gpl-love.com\/fr\/wp-json\/wp\/v2\/product_tag?post=120352"}],"curies":[{"name":"wp","href":"https:\/\/api.w.org\/{rel}","templated":true}]}}