{"id":120350,"date":"2022-12-24T00:00:00","date_gmt":"2022-12-23T23:00:00","guid":{"rendered":"https:\/\/gpl-love.com\/fr\/produit\/themify-builder-timeline\/"},"modified":"2026-03-20T23:40:02","modified_gmt":"2026-03-20T22:40:02","slug":"themify-builder-timeline","status":"publish","type":"product","link":"https:\/\/gpl-love.com\/fr\/produit\/themify-builder-timeline\/","title":{"rendered":"Themify Builder Timeline 3.0.1"},"content":{"rendered":"<h3>Themify Builder Timeline Traits<\/h3>\n<p>Le Thify Builder Timeline, un plugin WordPress tr\u00e8s robuste et instinctif, poss\u00e8de la capacit\u00e9 de vous permettre de concevoir et de pr\u00e9senter sans effort des calendriers esth\u00e9tiques sur votre site Web. \u00c9quip\u00e9 d&rsquo;une interface glisser-d\u00e9poser conviviale, vous avez la libert\u00e9 de personnaliser chaque aspect de votre calendrier, allant de la s\u00e9lection des sch\u00e9mas de couleurs et des styles de police au type sp\u00e9cifique de contenu que vous souhaitez montrer. Irrespective of whether you are aiming to present a comprehensive history of your enterprise, emphasize significant milestones in your personal life, or forge an interactive educational encounter, Themify Builder Timeline affords you the opportunity to effortlessly seize your audience&rsquo;s attention and eloquently narrate your tale in a mani\u00e8re visuellement captivante. De plus, en raison de son int\u00e9gration transparente avec d&rsquo;autres outils de Builder Theyfy, vous pouvez construire de mani\u00e8re transparente une esth\u00e9tique harmonieuse et sophistiqu\u00e9e qui impr\u00e8gne l&rsquo;ensemble de votre site Web.<\/p>\n<ul>\n<li>Un plugin puissant et intuitif qui vous permet de cr\u00e9er des calendriers beaux et r\u00e9actifs sur votre site WordPress avec facilit\u00e9<\/li>\n<li>Comprend une vari\u00e9t\u00e9 d&rsquo;options de mise en page personnalisables, y compris des orientations verticales et horizontales, et la possibilit\u00e9 d&rsquo;ajouter des images, des vid\u00e9os et des ic\u00f4nes personnalis\u00e9es<\/li>\n<li>Configuration rapide et facile avec des fonctionnalit\u00e9s de glisser-d\u00e9poser, ce qui le rend accessible aux utilisateurs de tous les niveaux de comp\u00e9tence<\/li>\n<li>Les options de style int\u00e9gr\u00e9es vous permettent de personnaliser l&rsquo;apparence de votre calendrier pour correspondre \u00e0 votre marque ou \u00e0 votre conception de site Web<\/li>\n<li>La conception r\u00e9active garantit que votre chronologie a fi\u00e8re allure sur tous les appareils, des ordinateurs de bureau aux smartphones<\/li>\n<li>Int\u00e9gration transparente avec The Th\u00e9ify Builder, vous permettant d&rsquo;inclure facilement votre calendrier dans vos pages existantes ou les dispositions de publication<\/li>\n<li>Mises \u00e0 jour r\u00e9guli\u00e8res et soutien de l&rsquo;\u00e9quipe de The Th\u00e9ify, en veillant \u00e0 ce que le plugin reste \u00e0 jour et compatible avec les nouvelles versions de WordPress et de The Thify Builder<\/li>\n<li>Parfait pour pr\u00e9senter des \u00e9v\u00e9nements importants, des jalons ou l&rsquo;historique de l&rsquo;entreprise sur votre site Web, ou pour cr\u00e9er un portefeuille de votre travail ou de vos projets.<\/li>\n<\/ul>\n","protected":false},"excerpt":{"rendered":"<p>Le SUBLIME THEFIFY BUILDER Timeline est un instrument extr\u00eamement formidable qui permet aux utilisateurs de fa\u00e7onner habilement des d\u00e9lais extraordinaires avec une facilit\u00e9 remarquable. Au moyen de ses fonctionnalit\u00e9s de tra\u00een\u00e9e et de d\u00e9p\u00f4t intuitive et de sa vaste gamme de fonctionnalit\u00e9s personnalisables, vous avez la capacit\u00e9 de chronologies de mode m\u00e9ticuleusement adapt\u00e9es \u00e0 vos besoins individuels. Que vous l&rsquo;utilisiez pour les efforts personnels ou pour des objectifs professionnels, le calendrier incomparable de The Th\u00e9ify Builder est incontestablement la solution par excellence pour les personnes cherchant \u00e0 assimiler visuellement des d\u00e9lais captivants dans le tissu de leur site Web.<\/p>\n","protected":false},"featured_media":145518,"comment_status":"open","ping_status":"open","template":"","meta":[],"product_brand":[2674],"product_cat":[1189,1181,1186],"product_tag":[1375],"class_list":{"0":"post-120350","1":"product","2":"type-product","3":"status-publish","4":"has-post-thumbnail","6":"product_brand-themify","7":"product_cat-personnalisation","8":"product_cat-plugins","9":"product_cat-wordpress-plugins","10":"product_tag-themify","11":"member-discount","12":"discount-restricted","14":"first","15":"instock","16":"sale","17":"downloadable","18":"virtual","19":"sold-individually","20":"purchasable","21":"product-type-simple"},"_links":{"self":[{"href":"https:\/\/gpl-love.com\/fr\/wp-json\/wp\/v2\/product\/120350","targetHints":{"allow":["GET"]}}],"collection":[{"href":"https:\/\/gpl-love.com\/fr\/wp-json\/wp\/v2\/product"}],"about":[{"href":"https:\/\/gpl-love.com\/fr\/wp-json\/wp\/v2\/types\/product"}],"replies":[{"embeddable":true,"href":"https:\/\/gpl-love.com\/fr\/wp-json\/wp\/v2\/comments?post=120350"}],"wp:featuredmedia":[{"embeddable":true,"href":"https:\/\/gpl-love.com\/fr\/wp-json\/wp\/v2\/media\/145518"}],"wp:attachment":[{"href":"https:\/\/gpl-love.com\/fr\/wp-json\/wp\/v2\/media?parent=120350"}],"wp:term":[{"taxonomy":"product_brand","embeddable":true,"href":"https:\/\/gpl-love.com\/fr\/wp-json\/wp\/v2\/product_brand?post=120350"},{"taxonomy":"product_cat","embeddable":true,"href":"https:\/\/gpl-love.com\/fr\/wp-json\/wp\/v2\/product_cat?post=120350"},{"taxonomy":"product_tag","embeddable":true,"href":"https:\/\/gpl-love.com\/fr\/wp-json\/wp\/v2\/product_tag?post=120350"}],"curies":[{"name":"wp","href":"https:\/\/api.w.org\/{rel}","templated":true}]}}