{"id":120348,"date":"2025-03-31T00:00:00","date_gmt":"2025-03-30T22:00:00","guid":{"rendered":"https:\/\/gpl-love.com\/fr\/produit\/themify-builder-tiles-addon\/"},"modified":"2026-04-10T18:42:43","modified_gmt":"2026-04-10T16:42:43","slug":"themify-builder-tiles-addon","status":"publish","type":"product","link":"https:\/\/gpl-love.com\/fr\/produit\/themify-builder-tiles-addon\/","title":{"rendered":"Themify Builder Tiles Addon 3.5.4"},"content":{"rendered":"<h3>Themify Builder Tiles Addon Traits<\/h3>\n<p>L&rsquo;addon de carreaux de constructeur The The They pour est une extension tr\u00e8s robuste et puissante qui incorpore efficacement un nouveau module dans le constructeur TheTheify. Ce module particulier permet aux utilisateurs de g\u00e9n\u00e9rer sans effort des dispositions carrel\u00e9es visuellement captivantes et r\u00e9actives pour leurs sites Web respectifs. Offrant une vaste gamme d&rsquo;options de personnalisation qui englobent les effets d&rsquo;animation, les effets de survol, les couleurs d&rsquo;arri\u00e8re-plan et bien plus encore, les utilisateurs ont la possibilit\u00e9 de fabriquer des dispositions vraiment distinctives et engageantes qui poss\u00e8dent la capacit\u00e9 inn\u00e9e de captiver et d&rsquo;engross leur public cible. En outre, l&rsquo;addon poss\u00e8de une interface conviviale et une int\u00e9gration transparente avec le constructeur The Th\u00e9ify, ce qui rend le processus d&rsquo;incorporation de dispositions carrel\u00e9es dans n&rsquo;importe quelle page ou de publier une entreprise remarquablement simple et sans tracas. Que l&rsquo;on soit en train de construire un portefeuille, un blog ou un site commercial, il t\u00e9moigne sans \u00e9quivoque du fait que l&rsquo;addon de carreaux de constructeur de thenify repr\u00e9sente un outil exceptionnel et inestimable dans le but de l&rsquo;entra\u00eenement exquis et dynamique en disant dynamique et dynamiquement en suspens dynamiquement pour engendrer extr\u00eamement beau et dynamiquement envigorant dynamiquement et dynamiquement revigorant dynamiquement et dynamiquement revigorant dynamiquement et dynamiquement revigorant dynamiquement et dynamiquement revigorant dynamiquement et dynamiquement invite en disciporant dynamiquement et dynamiquement en disciporant dynamiquement et dynamiquement en disciporant dynamiquement et dynamiquement en discipant dynamiquement et dynamiquement. conceptions.<\/p>\n<ul>\n<li>Un addition puissant pour The Th\u00e9ify Builder qui ajoute des dispositions de carreaux pr\u00e9-con\u00e7us \u00e0 votre site Web<\/li>\n<li>Choisissez parmi plus de 40 styles de carreaux diff\u00e9rents, y compris la ma\u00e7onnerie, la grille et les carreaux de d\u00e9filement<\/li>\n<li>Personnalisez la disposition et la conception de chaque carreau avec des options de tra\u00een\u00e9e et de d\u00e9pression faciles \u00e0 utiliser<\/li>\n<li>Ajoutez des images, des vid\u00e9os, du texte et d&rsquo;autres contenus \u00e0 vos carreaux pour un site Web visuellement magnifique<\/li>\n<li>La conception r\u00e9active garantit que vos carreaux sont superbes sur n&rsquo;importe quel appareil<\/li>\n<li>Int\u00e9grez facilement vos carreaux avec des plateformes de m\u00e9dias sociaux populaires comme Facebook, Twitter et Instagram<\/li>\n<li>Cr\u00e9ez des types et des taxonomies personnalis\u00e9s pour personnaliser davantage vos dispositions de carreaux<\/li>\n<li>Compatible avec tous les th\u00e8mes Th\u00e9ifient, ainsi que n&rsquo;importe quel th\u00e8me WordPress<\/li>\n<li>Comprend l&rsquo;acc\u00e8s \u00e0 la vaste documentation et aux ressources de support de The Thify<\/li>\n<li>Les prix abordables le rendent accessible aux entreprises et aux particuliers de toutes tailles.<\/li>\n<\/ul>\n","protected":false},"excerpt":{"rendered":"<p>L&rsquo;addon de carreaux de constructeur Th\u00e9ify est une ressource exceptionnelle et indispensable pour les personnes cherchant \u00e0 \u00e9laborer des arrangements sophistiqu\u00e9s et bas\u00e9s sur les carreaux fluides sur leur site Web estim\u00e9. Cet addon remarquable offre la possibilit\u00e9 de montrer sans effort votre contenu captivant de mani\u00e8re visuellement s\u00e9duisante, mettant en \u00e9vidence des colonnes personnalis\u00e9es, des espaces et des alternatives d&rsquo;animation. De plus, il s&rsquo;aligne de mani\u00e8re transparente avec le plugin THEFIFY Builder, facilitant une int\u00e9gration transparente dans la conception actuelle de votre site Web. Que vous poss\u00e9diez le titre d&rsquo;un designer qualifi\u00e9, d&rsquo;un blogueur d\u00e9di\u00e9 ou d&rsquo;un propri\u00e9taire d&rsquo;entreprise ambitieux, l&rsquo;addon de carreaux de constructeur The Th\u00e9ify m\u00e9rite sans aucun doute une place pro\u00e9minente dans votre bo\u00eete \u00e0 outils.<\/p>\n","protected":false},"featured_media":145517,"comment_status":"open","ping_status":"open","template":"","meta":[],"product_brand":[2674],"product_cat":[1189,1181,1186],"product_tag":[1375],"class_list":{"0":"post-120348","1":"product","2":"type-product","3":"status-publish","4":"has-post-thumbnail","6":"product_brand-themify","7":"product_cat-personnalisation","8":"product_cat-plugins","9":"product_cat-wordpress-plugins","10":"product_tag-themify","11":"member-discount","12":"discount-restricted","14":"first","15":"instock","16":"sale","17":"downloadable","18":"virtual","19":"sold-individually","20":"purchasable","21":"product-type-simple"},"_links":{"self":[{"href":"https:\/\/gpl-love.com\/fr\/wp-json\/wp\/v2\/product\/120348","targetHints":{"allow":["GET"]}}],"collection":[{"href":"https:\/\/gpl-love.com\/fr\/wp-json\/wp\/v2\/product"}],"about":[{"href":"https:\/\/gpl-love.com\/fr\/wp-json\/wp\/v2\/types\/product"}],"replies":[{"embeddable":true,"href":"https:\/\/gpl-love.com\/fr\/wp-json\/wp\/v2\/comments?post=120348"}],"wp:featuredmedia":[{"embeddable":true,"href":"https:\/\/gpl-love.com\/fr\/wp-json\/wp\/v2\/media\/145517"}],"wp:attachment":[{"href":"https:\/\/gpl-love.com\/fr\/wp-json\/wp\/v2\/media?parent=120348"}],"wp:term":[{"taxonomy":"product_brand","embeddable":true,"href":"https:\/\/gpl-love.com\/fr\/wp-json\/wp\/v2\/product_brand?post=120348"},{"taxonomy":"product_cat","embeddable":true,"href":"https:\/\/gpl-love.com\/fr\/wp-json\/wp\/v2\/product_cat?post=120348"},{"taxonomy":"product_tag","embeddable":true,"href":"https:\/\/gpl-love.com\/fr\/wp-json\/wp\/v2\/product_tag?post=120348"}],"curies":[{"name":"wp","href":"https:\/\/api.w.org\/{rel}","templated":true}]}}