{"id":120346,"date":"2022-12-25T00:00:00","date_gmt":"2022-12-24T23:00:00","guid":{"rendered":"https:\/\/gpl-love.com\/fr\/produit\/themify-builder-countdown\/"},"modified":"2026-03-20T23:39:47","modified_gmt":"2026-03-20T22:39:47","slug":"themify-builder-countdown","status":"publish","type":"product","link":"https:\/\/gpl-love.com\/fr\/produit\/themify-builder-countdown\/","title":{"rendered":"Themify Builder Countdown 3.0.1"},"content":{"rendered":"<h3>Themify Builder Countdown Traits<\/h3>\n<p>THEFIFY BUILDER COUNTDOWN est un outil incroyablement robuste et puissant qui vous donne la capacit\u00e9 d&rsquo;incorporer de mani\u00e8re transparente les minuteries de compte \u00e0 rebours enti\u00e8rement personnalisables dans le cadre de votre site Web. Gr\u00e2ce \u00e0 son interface de glisser-d\u00e9poser tr\u00e8s intuitive et conviviale, la fa\u00e7onne et l&rsquo;adaptation du compte \u00e0 rebours pour s&rsquo;aligner harmonieusement avec l&rsquo;identit\u00e9 distincte de votre marque et la conception de sites Web devient une entreprise r\u00e9alisable sans effort. L&#8217;emploi de compte \u00e0 rebours sur votre site Web peut remplir un \u00e9ventail de fins pr\u00e9cieuses, telles que la promotion efficace des ventes ou des \u00e9v\u00e9nements sensibles au temps, en cultivant une anticipation impatient pour la publication de nouveaux produits, ou en incitant avec succ\u00e8s les individus \u00e0 s&rsquo;inscrire \u00e0 des cours ou des webinaires. Un assortiment complet de fonctionnalit\u00e9s est facilement disponible dans ce plugin, vous offrant la possibilit\u00e9 de montrer des comptes \u00e0 rebours dans des formats divers et captivants, de personnaliser m\u00e9ticuleusement les polices et les couleurs pour s&rsquo;harmoniser avec l&rsquo;esth\u00e9tique de votre site Web, et \u00e9tablir des conditions sp\u00e9cifiques qui dicte pr\u00e9cis\u00e9ment lorsque le comptage devrait se mat\u00e9rialiser. En exploitant les capacit\u00e9s formidables de The Th\u00e9siy Builder Countdown, vous pouvez soutenir sans effort l&rsquo;exp\u00e9rience utilisateur de votre site Web \u00e0 des hauteurs in\u00e9gal\u00e9es et g\u00e9n\u00e9rer simultan\u00e9ment les conversions en \u00e9laborant des comptes \u00e0 rebours enchanteur et victimes visuellement qui captivent sans effort l&rsquo;attention de votre public.<\/p>\n<ul>\n<li>Cr\u00e9er des comptes \u00e0 rebours sur n&rsquo;importe quelle page ou publication \u00e0 l&rsquo;aide de TheFify Builder<\/li>\n<li>Styling \u00e0 compte \u00e0 rebours personnalisable, y compris la police, la couleur, la taille et l&rsquo;arri\u00e8re-plan<\/li>\n<li>Plusieurs pr\u00e9r\u00e9glages \u00e0 rebours, y compris les jours, les heures, les minutes et les secondes<\/li>\n<li>Afficher le compte \u00e0 rebours dans une vari\u00e9t\u00e9 de formats tels qu&rsquo;un compte \u00e0 rebours de base ou une minuterie de cercle<\/li>\n<li>Choisissez parmi diff\u00e9rents styles d&rsquo;animation pour vos compte \u00e0 rebours<\/li>\n<li>Option pour afficher plusieurs compte \u00e0 rebours sur une seule page<\/li>\n<li>Parfait pour promouvoir les \u00e9v\u00e9nements, les lancements de produits et les annonces sp\u00e9ciales<\/li>\n<li>Interface conviviale avec une fonctionnalit\u00e9 facile \u00e0 glisser-d\u00e9poser<\/li>\n<li>Compatible avec tous les th\u00e8mes et versions WordPress<\/li>\n<li>Mobile r\u00e9actif et enti\u00e8rement adaptable pour toutes les tailles d&rsquo;appareils<\/li>\n<\/ul>\n","protected":false},"excerpt":{"rendered":"<p>The Themify Builder Countdown is an extraordinarily robust and incredibly useful tool that has been meticulously crafted and specifically engineered for the express purpose of assisting you in the creation and development of visually captivating and aesthetically pleasing countdown pages that are certain to leave a lasting impression on your visiteurs du site Web. En utilisant sa fonctionnalit\u00e9 de glisser-d\u00e9poser intuitivement con\u00e7ue, vous poss\u00e9dez la capacit\u00e9 d&rsquo;incorporer sans effort un assortiment d&rsquo;\u00e9l\u00e9ments engageants et accrocheurs tels que les minuteries \u00e0 rebours, les polices sur mesure, les images captivantes et une myriade d&rsquo;autres composants visuellement \u00e9tonnants dans vos pages Web dans vos pages Web dans vos pages Web dans vos pages Web dans vos pages Web dans vos pages Web dans vos pages Web. . Peu importe que vous vous lanciez dans le lancement d&rsquo;un nouveau produit tr\u00e8s attendu, que vous vous efforcez de promouvoir une vente s\u00e9duisante, ou de viser simplement \u00e0 cultiver un sentiment d&rsquo;anticipation ferveuse dans l&rsquo;anticipation avide d&rsquo;un \u00e9v\u00e9nement \u00e0 venir, le compte \u00e0 rebours de The Th\u00e9sify Builder repr\u00e9sente l&rsquo;id\u00e9al et le quintessence mani\u00e8re \u00e0 pr\u00e9senter astucieusement votre contenu, \u00e0 captiver votre public cible et \u00e0 saisir efficacement leur attention individuelle. Par cons\u00e9quent, pourquoi retarder plus longtemps? Passez plus de temps et saisissez l&rsquo;opportunit\u00e9 de d\u00e9couvrir ses capacit\u00e9s remarquables de premi\u00e8re main. Initier votre incursion dans le domaine de la cr\u00e9ation de pages \u00e0 rebours aujourd&rsquo;hui et assistez \u00e0 votre page se mat\u00e9rialiser en quelques minutes!<\/p>\n","protected":false},"featured_media":145502,"comment_status":"open","ping_status":"open","template":"","meta":[],"product_brand":[2674],"product_cat":[1189,1181,1186],"product_tag":[1375],"class_list":{"0":"post-120346","1":"product","2":"type-product","3":"status-publish","4":"has-post-thumbnail","6":"product_brand-themify","7":"product_cat-personnalisation","8":"product_cat-plugins","9":"product_cat-wordpress-plugins","10":"product_tag-themify","11":"member-discount","12":"discount-restricted","14":"first","15":"instock","16":"sale","17":"downloadable","18":"virtual","19":"sold-individually","20":"purchasable","21":"product-type-simple"},"_links":{"self":[{"href":"https:\/\/gpl-love.com\/fr\/wp-json\/wp\/v2\/product\/120346","targetHints":{"allow":["GET"]}}],"collection":[{"href":"https:\/\/gpl-love.com\/fr\/wp-json\/wp\/v2\/product"}],"about":[{"href":"https:\/\/gpl-love.com\/fr\/wp-json\/wp\/v2\/types\/product"}],"replies":[{"embeddable":true,"href":"https:\/\/gpl-love.com\/fr\/wp-json\/wp\/v2\/comments?post=120346"}],"wp:featuredmedia":[{"embeddable":true,"href":"https:\/\/gpl-love.com\/fr\/wp-json\/wp\/v2\/media\/145502"}],"wp:attachment":[{"href":"https:\/\/gpl-love.com\/fr\/wp-json\/wp\/v2\/media?parent=120346"}],"wp:term":[{"taxonomy":"product_brand","embeddable":true,"href":"https:\/\/gpl-love.com\/fr\/wp-json\/wp\/v2\/product_brand?post=120346"},{"taxonomy":"product_cat","embeddable":true,"href":"https:\/\/gpl-love.com\/fr\/wp-json\/wp\/v2\/product_cat?post=120346"},{"taxonomy":"product_tag","embeddable":true,"href":"https:\/\/gpl-love.com\/fr\/wp-json\/wp\/v2\/product_tag?post=120346"}],"curies":[{"name":"wp","href":"https:\/\/api.w.org\/{rel}","templated":true}]}}