{"id":120344,"date":"2024-03-06T00:00:00","date_gmt":"2024-03-05T23:00:00","guid":{"rendered":"https:\/\/gpl-love.com\/fr\/produit\/themify-builder-button-pro\/"},"modified":"2026-04-10T18:42:33","modified_gmt":"2026-04-10T16:42:33","slug":"themify-builder-button-pro","status":"publish","type":"product","link":"https:\/\/gpl-love.com\/fr\/produit\/themify-builder-button-pro\/","title":{"rendered":"Themify Builder Button 3.5.3"},"content":{"rendered":"<h3>Themify Builder Button Traits<\/h3>\n<p>Le plugin de bouton The Th\u00e9ify Builder propose une multitude d&rsquo;options et de fonctionnalit\u00e9s qui en font un outil tr\u00e8s polyvalent pour cr\u00e9er des boutons attrayants visuellement sur votre site Web. Que votre intention soit d&rsquo;inclure un bouton d&rsquo;appel \u00e0 l&rsquo;action sur votre page d&rsquo;accueil ou de fa\u00e7onner un bouton personnalis\u00e9 pour un article de blog, ce plugin dispose de toutes les ressources n\u00e9cessaires pour r\u00e9pondre \u00e0 vos besoins. Il fournit une vaste s\u00e9lection de mod\u00e8les de bouton pr\u00e9-con\u00e7us, vous donnant la flexibilit\u00e9 de choisir celui qui convient le mieux \u00e0 vos besoins. De plus, vous avez la libert\u00e9 de personnaliser votre bouton en modifiant sa police, sa taille, sa couleur et sa forme, vous permettant de cr\u00e9er un bouton qui s&rsquo;aligne parfaitement avec la conception globale de votre site Web. En plus de cela, vous pouvez am\u00e9liorer l&rsquo;impact visuel de votre bouton en incorporant les effets d&rsquo;animation captivants, en vous assurant qu&rsquo;il attire l&rsquo;attention de vos visiteurs. La nature conviviale du plugin, avec son interface glisser-d\u00e9poser sans effort et ses contr\u00f4les intuitifs, le rend adapt\u00e9 aux personnes ayant diff\u00e9rents niveaux d&rsquo;exp\u00e9rience, y compris les novices et les concepteurs de sites Web assaisonn\u00e9s. Ind\u00e9pendamment de savoir si votre objectif principal est d&rsquo;am\u00e9liorer l&rsquo;engagement des utilisateurs ou d&rsquo;\u00e9lever l&rsquo;attrait esth\u00e9tique de votre site Web, le plugin de bouton de Builder Theyfy est un outil indispensable que chaque propri\u00e9taire de site Web devrait poss\u00e9der.<\/p>\n<ul>\n<li>Cr\u00e9ateur de bouton puissant et facile \u00e0 utiliser pour The Th\u00e9ify Builder<\/li>\n<li>Personnalisez facilement les formes, les tailles, les couleurs et les styles<\/li>\n<li>Accessible aux d\u00e9butants mais polyvalents pour les utilisateurs avanc\u00e9s<\/li>\n<li>Int\u00e9gre parfaitement avec les modules et addons de g\u00e9n\u00e9ration<\/li>\n<li>Offre une grande vari\u00e9t\u00e9 d&rsquo;effets de survol et d&rsquo;options d&rsquo;animation<\/li>\n<li>Am\u00e9lioration des temps de chargement et optimis\u00e9 pour des performances rapides<\/li>\n<li>Prend en charge la conception r\u00e9active et les appareils mobiles<\/li>\n<li>Construit avec un code propre et optimis\u00e9 pour la compatibilit\u00e9 avec d&rsquo;autres plugins et th\u00e8mes<\/li>\n<li>R\u00e9guli\u00e8rement mis \u00e0 jour avec de nouvelles fonctionnalit\u00e9s et am\u00e9liorations<\/li>\n<li>Soutien professionnel de l&rsquo;\u00e9quipe The Th\u00e9ify<\/li>\n<\/ul>\n","protected":false},"excerpt":{"rendered":"<p>Le bouton THEIFY Builder, un outil tr\u00e8s efficace, permet la cr\u00e9ation sans effort de boutons visuellement captivants sur votre site Web en cliquant simplement sur quelques boutons. Son interface conviviale, associ\u00e9e \u00e0 une pl\u00e9thore d&rsquo;options personnalisables, vous permet de modeler sans effort les boutons qui s&rsquo;alignent avec votre identit\u00e9 de marque tout en captivant simultan\u00e9ment l&rsquo;int\u00e9r\u00eat de vos visiteurs. Que ce soit le d\u00e9sir de promouvoir une vente, de s\u00e9duire les inscriptions ou de directement le trafic vers une page sp\u00e9cifique, le bouton THEFIFY Builder sert de solution ultime pour int\u00e9grer un composant d&rsquo;appel sophistiqu\u00e9 dans votre site Web.<\/p>\n","protected":false},"featured_media":145499,"comment_status":"open","ping_status":"open","template":"","meta":[],"product_brand":[2674],"product_cat":[1189,1181,1186],"product_tag":[1375],"class_list":{"0":"post-120344","1":"product","2":"type-product","3":"status-publish","4":"has-post-thumbnail","6":"product_brand-themify","7":"product_cat-personnalisation","8":"product_cat-plugins","9":"product_cat-wordpress-plugins","10":"product_tag-themify","11":"member-discount","12":"discount-restricted","14":"first","15":"instock","16":"sale","17":"downloadable","18":"virtual","19":"sold-individually","20":"purchasable","21":"product-type-simple"},"_links":{"self":[{"href":"https:\/\/gpl-love.com\/fr\/wp-json\/wp\/v2\/product\/120344","targetHints":{"allow":["GET"]}}],"collection":[{"href":"https:\/\/gpl-love.com\/fr\/wp-json\/wp\/v2\/product"}],"about":[{"href":"https:\/\/gpl-love.com\/fr\/wp-json\/wp\/v2\/types\/product"}],"replies":[{"embeddable":true,"href":"https:\/\/gpl-love.com\/fr\/wp-json\/wp\/v2\/comments?post=120344"}],"wp:featuredmedia":[{"embeddable":true,"href":"https:\/\/gpl-love.com\/fr\/wp-json\/wp\/v2\/media\/145499"}],"wp:attachment":[{"href":"https:\/\/gpl-love.com\/fr\/wp-json\/wp\/v2\/media?parent=120344"}],"wp:term":[{"taxonomy":"product_brand","embeddable":true,"href":"https:\/\/gpl-love.com\/fr\/wp-json\/wp\/v2\/product_brand?post=120344"},{"taxonomy":"product_cat","embeddable":true,"href":"https:\/\/gpl-love.com\/fr\/wp-json\/wp\/v2\/product_cat?post=120344"},{"taxonomy":"product_tag","embeddable":true,"href":"https:\/\/gpl-love.com\/fr\/wp-json\/wp\/v2\/product_tag?post=120344"}],"curies":[{"name":"wp","href":"https:\/\/api.w.org\/{rel}","templated":true}]}}