{"id":120303,"date":"2022-12-24T00:00:00","date_gmt":"2022-12-23T23:00:00","guid":{"rendered":"https:\/\/gpl-love.com\/fr\/produit\/themify-builder-slideshow\/"},"modified":"2026-03-20T23:40:01","modified_gmt":"2026-03-20T22:40:01","slug":"themify-builder-slideshow","status":"publish","type":"product","link":"https:\/\/gpl-love.com\/fr\/produit\/themify-builder-slideshow\/","title":{"rendered":"Themify Builder Slideshow 3.0.2"},"content":{"rendered":"<h3>Themify Builder Slideshow Traits<\/h3>\n<p>THEFIFY Builder Diapyshow offre une abondance de puissance et de convivialit\u00e9, visant \u00e0 aider les utilisateurs \u00e0 cr\u00e9er des diaporamas visuellement frappants et r\u00e9actifs pour leurs sites Web. Ce plugin incroyablement innovant s&rsquo;int\u00e8gre parfaitement au constructeur TheThefy, accordant aux utilisateurs une ma\u00eetrise compl\u00e8te de tous les aspects de leur diaporama, allant de sa mise en page et de sa conception aux effets de transition et \u00e0 la synchronisation. Avec une vaste gamme d&rsquo;options de personnalisation \u00e0 votre disposition et la capacit\u00e9 d&rsquo;incorporer du texte, des images et des vid\u00e9os, la cr\u00e9ation de diaporamas engageants et interactifs qui enchantera votre public et agrandira la pr\u00e9sentation de vos produits ou services devient une entreprise transparente. Que vous souhaitiez infuser votre page d&rsquo;accueil avec une dose suppl\u00e9mentaire d&rsquo;attrait visuel ou organiser un portefeuille dynamique, vous pouvez \u00eatre assur\u00e9 que The Th\u00e9siy Builder Diapyshow s&rsquo;av\u00e9rera \u00eatre un outil exceptionnel pour la t\u00e2che \u00e0 accomplir.<\/p>\n<ul>\n<li>Un g\u00e9n\u00e9rateur de diaporama puissant et personnalisable pour les sites Web WordPress<\/li>\n<li>Choisissez parmi plusieurs dispositions de diapositives et options d&rsquo;animation<\/li>\n<li>Cr\u00e9er sans effort les diaporamas dynamiques et engageants avec des fonctionnalit\u00e9s de glisser-d\u00e9poser<\/li>\n<li>Ajoutez facilement des images, des vid\u00e9os et d&rsquo;autres \u00e9l\u00e9ments m\u00e9diatiques \u00e0 vos diapositives<\/li>\n<li>Personnalisez les polices, les couleurs, les transitions et autres \u00e9l\u00e9ments de conception pour correspondre \u00e0 l&rsquo;esth\u00e9tique de votre site Web<\/li>\n<li>R\u00e9actif mobile, donc vos diaporamas auront fi\u00e8re allure sur tous les appareils<\/li>\n<li>S\u00e9o-adapt\u00e9, avec des options pour ajouter des balises et des titres alt aux images pour une meilleure visibilit\u00e9 du moteur de recherche<\/li>\n<li>S&rsquo;int\u00e8gre parfaitement \u00e0 The Th\u00e9ify Builder, afin que vous puissiez facilement incorporer vos diaporamas dans la conception de votre site Web<\/li>\n<li>Livr\u00e9 avec une documentation compl\u00e8te et le support client de l&rsquo;\u00e9quipe de The Th\u00e9ify<\/li>\n<li>R\u00e9guli\u00e8rement mis \u00e0 jour avec de nouvelles fonctionnalit\u00e9s et am\u00e9liorations pour garder vos diaporamas frais et engageants.<\/li>\n<\/ul>\n","protected":false},"excerpt":{"rendered":"<p>Le diaporama de The Th\u00e9ify Builder est un outil incroyablement polyvalent et extr\u00eamement puissant qui permet aux utilisateurs de cr\u00e9er sans effort sans effort et captivant les diaporamas sur leur site Web ou leur blog. Avec une vaste gamme de fonctionnalit\u00e9s avanc\u00e9es et une multitude d&rsquo;options personnalisables, les individus ont la possibilit\u00e9 de g\u00e9n\u00e9rer des diaporamas visuellement \u00e9tonnants et engageants dynamiquement qui pr\u00e9sentent parfaitement et mettent en \u00e9vidence leur contenu de la mani\u00e8re la plus optimale et la plus remarquable. Peu importe que l&rsquo;on vise \u00e0 pr\u00e9senter un portefeuille extraordinaire, \u00e0 promouvoir leurs produits exceptionnels ou \u00e0 fournir simplement une rencontre lourde et stimulante visuellement pour leurs visiteurs estim\u00e9s, le diaporama de The Thify Builder sert incontestablement la solution consomm\u00e9e. Par cons\u00e9quent, pourquoi h\u00e9siter? Initiez le processus aujourd&rsquo;hui et \u00e9levez votre site Web \u00e0 des hauteurs sans pr\u00e9c\u00e9dent!<\/p>\n","protected":false},"featured_media":145516,"comment_status":"open","ping_status":"open","template":"","meta":[],"product_brand":[2674],"product_cat":[1189,1181,1186],"product_tag":[1375],"class_list":{"0":"post-120303","1":"product","2":"type-product","3":"status-publish","4":"has-post-thumbnail","6":"product_brand-themify","7":"product_cat-personnalisation","8":"product_cat-plugins","9":"product_cat-wordpress-plugins","10":"product_tag-themify","11":"member-discount","12":"discount-restricted","14":"first","15":"instock","16":"sale","17":"downloadable","18":"virtual","19":"sold-individually","20":"purchasable","21":"product-type-simple"},"_links":{"self":[{"href":"https:\/\/gpl-love.com\/fr\/wp-json\/wp\/v2\/product\/120303","targetHints":{"allow":["GET"]}}],"collection":[{"href":"https:\/\/gpl-love.com\/fr\/wp-json\/wp\/v2\/product"}],"about":[{"href":"https:\/\/gpl-love.com\/fr\/wp-json\/wp\/v2\/types\/product"}],"replies":[{"embeddable":true,"href":"https:\/\/gpl-love.com\/fr\/wp-json\/wp\/v2\/comments?post=120303"}],"wp:featuredmedia":[{"embeddable":true,"href":"https:\/\/gpl-love.com\/fr\/wp-json\/wp\/v2\/media\/145516"}],"wp:attachment":[{"href":"https:\/\/gpl-love.com\/fr\/wp-json\/wp\/v2\/media?parent=120303"}],"wp:term":[{"taxonomy":"product_brand","embeddable":true,"href":"https:\/\/gpl-love.com\/fr\/wp-json\/wp\/v2\/product_brand?post=120303"},{"taxonomy":"product_cat","embeddable":true,"href":"https:\/\/gpl-love.com\/fr\/wp-json\/wp\/v2\/product_cat?post=120303"},{"taxonomy":"product_tag","embeddable":true,"href":"https:\/\/gpl-love.com\/fr\/wp-json\/wp\/v2\/product_tag?post=120303"}],"curies":[{"name":"wp","href":"https:\/\/api.w.org\/{rel}","templated":true}]}}