{"id":120301,"date":"2024-05-12T00:00:00","date_gmt":"2024-05-11T22:00:00","guid":{"rendered":"https:\/\/gpl-love.com\/fr\/produit\/themify-builder-slider-pro\/"},"modified":"2026-04-10T18:42:42","modified_gmt":"2026-04-10T16:42:42","slug":"themify-builder-slider-pro","status":"publish","type":"product","link":"https:\/\/gpl-love.com\/fr\/produit\/themify-builder-slider-pro\/","title":{"rendered":"Themify Builder Slider Pro 3.5.3"},"content":{"rendered":"<h3>Themify Builder Slider Pro Traits<\/h3>\n<p>THEIFY Builder Slider Pro, un plugin WordPress robuste et multiforme, permet aux utilisateurs de modeler les curseurs personnalis\u00e9s pour leurs sites Web. Offrant une gamme de mod\u00e8les pr\u00e9-con\u00e7us et une interface de glisser-d\u00e9poser conviviale, les individus peuvent personnaliser sans effort leurs curseurs pour montrer leur contenu de mani\u00e8re visuellement captivante. Ce plugin englobe des fonctionnalit\u00e9s avanc\u00e9es telles que la lecture automatique, la navigation de glissement tactile et les dispositions pleine largeur, garantissant des performances transparentes sur tous les appareils en raison de sa r\u00e9activit\u00e9 compl\u00e8te. Peu importe que l&rsquo;on vise \u00e0 pr\u00e9senter ses produits, \u00e0 accentuer son portefeuille ou \u00e0 fabriquer des banni\u00e8res qui attirent l&rsquo;attention, The Thefy Builder Slider Pro est la solution optimale pour g\u00e9n\u00e9rer des curseurs engageants et dynamiques sur leur site WordPress.<\/p>\n<ul>\n<li>Cr\u00e9ez facilement des curseurs beaux et r\u00e9actifs pour votre site Web<\/li>\n<li>Effets de transition personnalisables et dispositions de diapositives<\/li>\n<li>Ajouter des couches de contenu illimit\u00e9es, y compris du texte, des images et des vid\u00e9os<\/li>\n<li>Prend en charge les gestes tactiles pour les utilisateurs mobiles<\/li>\n<li>Capacit\u00e9 \u00e0 ajouter des points chauds et des liens vers des diapositives sp\u00e9cifiques<\/li>\n<li>Comprend une biblioth\u00e8que de mod\u00e8les de curseur pr\u00e9-con\u00e7us pour vous aider \u00e0 d\u00e9marrer<\/li>\n<li>Int\u00e9gration avec The Th\u00e9ify Builder et autres constructeurs de pages populaires<\/li>\n<li>Compatible avec WordPress et d&rsquo;autres syst\u00e8mes de gestion de contenu<\/li>\n<li>Option pour ajouter des param\u00e8tres de la minuterie et de la lecture automatique pour vos curseurs<\/li>\n<li>Conception r\u00e9active pour vous assurer que votre curseur a fi\u00e8re allure sur n&rsquo;importe quel appareil<\/li>\n<\/ul>\n","protected":false},"excerpt":{"rendered":"<p>THEFIFY BUILDER SLIDER PRO est un plugin WordPress incroyablement robuste et convivial qui a \u00e9t\u00e9 ing\u00e9nieusement d\u00e9velopp\u00e9 pour faciliter la cr\u00e9ation sans effort de curseurs sophistiqu\u00e9s et raffin\u00e9s. Ce plugin exceptionnel poss\u00e8de un vaste r\u00e9pertoire d&rsquo;options de conception \u00e0 couper le souffle et de fonctionnalit\u00e9s personnalisables, vous accordant ainsi la libert\u00e9 de pr\u00e9senter votre contenu d&rsquo;une mani\u00e8re esth\u00e9tique et captivante et captivante. De plus, son interface de glisser-d\u00e9poser remarquablement intuitive vous permet de modeler sans effort les dispositions de diapositives complexes en quelques minutes, tandis que sa conception sans faille garantit que vos curseurs maintiennent leur apparence resplendissante sur tous les appareils. De plus, l&rsquo;inclusion de fonctionnalit\u00e9s avanc\u00e9es telles que le d\u00e9filement de parallaxe et les ant\u00e9c\u00e9dents vid\u00e9o \u00e9l\u00e8vent vos curseurs \u00e0 des hauteurs sans pr\u00e9c\u00e9dent, vous permettant de g\u00e9rer des merveilles visuelles vraiment impressionnantes qui laissent un impact durable sur votre public estim\u00e9.<\/p>\n","protected":false},"featured_media":145515,"comment_status":"open","ping_status":"open","template":"","meta":[],"product_brand":[2674],"product_cat":[1189,1181,1186],"product_tag":[1375],"class_list":{"0":"post-120301","1":"product","2":"type-product","3":"status-publish","4":"has-post-thumbnail","6":"product_brand-themify","7":"product_cat-personnalisation","8":"product_cat-plugins","9":"product_cat-wordpress-plugins","10":"product_tag-themify","11":"member-discount","12":"discount-restricted","14":"first","15":"instock","16":"sale","17":"downloadable","18":"virtual","19":"sold-individually","20":"purchasable","21":"product-type-simple"},"_links":{"self":[{"href":"https:\/\/gpl-love.com\/fr\/wp-json\/wp\/v2\/product\/120301","targetHints":{"allow":["GET"]}}],"collection":[{"href":"https:\/\/gpl-love.com\/fr\/wp-json\/wp\/v2\/product"}],"about":[{"href":"https:\/\/gpl-love.com\/fr\/wp-json\/wp\/v2\/types\/product"}],"replies":[{"embeddable":true,"href":"https:\/\/gpl-love.com\/fr\/wp-json\/wp\/v2\/comments?post=120301"}],"wp:featuredmedia":[{"embeddable":true,"href":"https:\/\/gpl-love.com\/fr\/wp-json\/wp\/v2\/media\/145515"}],"wp:attachment":[{"href":"https:\/\/gpl-love.com\/fr\/wp-json\/wp\/v2\/media?parent=120301"}],"wp:term":[{"taxonomy":"product_brand","embeddable":true,"href":"https:\/\/gpl-love.com\/fr\/wp-json\/wp\/v2\/product_brand?post=120301"},{"taxonomy":"product_cat","embeddable":true,"href":"https:\/\/gpl-love.com\/fr\/wp-json\/wp\/v2\/product_cat?post=120301"},{"taxonomy":"product_tag","embeddable":true,"href":"https:\/\/gpl-love.com\/fr\/wp-json\/wp\/v2\/product_tag?post=120301"}],"curies":[{"name":"wp","href":"https:\/\/api.w.org\/{rel}","templated":true}]}}