{"id":120299,"date":"2024-09-13T00:00:00","date_gmt":"2024-09-12T22:00:00","guid":{"rendered":"https:\/\/gpl-love.com\/fr\/produit\/themify-builder-progress-bar\/"},"modified":"2026-04-10T18:42:41","modified_gmt":"2026-04-10T16:42:41","slug":"themify-builder-progress-bar","status":"publish","type":"product","link":"https:\/\/gpl-love.com\/fr\/produit\/themify-builder-progress-bar\/","title":{"rendered":"Themify Builder Progress Bar 3.5.3"},"content":{"rendered":"<h3>Themify Builder Progress Bar Traits<\/h3>\n<p>La barre de progression du constructeur The The Thefily, un outil incroyablement puissant, a \u00e9t\u00e9 con\u00e7ue de mani\u00e8re experte pour \u00e9lever l&rsquo;attrait esth\u00e9tique de votre site Web. Ce plugin ph\u00e9nom\u00e9nal poss\u00e8de la capacit\u00e9 extraordinaire de g\u00e9n\u00e9rer sans effort des barres de progr\u00e8s visuellement captivantes, vous permettant ainsi de montrer parfaitement vos progr\u00e8s et r\u00e9alisations remarquables d&rsquo;une mani\u00e8re extr\u00eamement sophistiqu\u00e9e et professionnelle. En outre, son interface remarquablement conviviale le rend extr\u00eamement sans effort pour que m\u00eame les novices fabriquent des barres de progr\u00e8s exquises d\u00e9pourvues de toute expertise de codage ant\u00e9rieure. Dans une course de brillance, ce plugin englobe \u00e9galement une immense \u00e9ventail d&rsquo;options de personnalisation, vous offrant ainsi la flexibilit\u00e9 sans effort pour adapter de mani\u00e8re transparente les couleurs et les styles pour s&rsquo;aligner impeccablement avec la marque distincte de votre site Web. Sans aucun doute, la barre de progression du constructeur de The Th\u00e9ify est un plugin indispensable pour tout individu exigeant qui cherche ardemment \u00e0 optimiser l&rsquo;attrait visuel de leur site Web tout en augmentant simultan\u00e9ment l&rsquo;exp\u00e9rience utilisateur globale.<\/p>\n<ul>\n<li>Outil de barre de progression facile \u00e0 utiliser pour la cr\u00e9ation de sites Web d&rsquo;aspect professionnel \u00e0 l&rsquo;aide de Theyfy Builder<\/li>\n<li>Options de conception enti\u00e8rement personnalisables, y compris la couleur d&rsquo;arri\u00e8re-plan, la couleur de la barre de progression et la taille du texte de l&rsquo;\u00e9tiquette<\/li>\n<li>Option de choisir entre le pourcentage ou l&rsquo;affichage de la valeur num\u00e9rique pour le suivi des progr\u00e8s<\/li>\n<li>Plusieurs options d&rsquo;animation, y compris lin\u00e9aire et facilit\u00e9 de sortie, pour une exp\u00e9rience utilisateur dynamique<\/li>\n<li>Capacit\u00e9 \u00e0 ajuster facilement la taille et le placement de la barre de progression sur la page \u00e0 l&rsquo;aide de l&rsquo;interface de glisser-d\u00e9poser de The Thefy<\/li>\n<li>La conception r\u00e9active mobile garantit une exp\u00e9rience de visualisation transparente sur tous les appareils<\/li>\n<li>Compatible avec la large gamme des autres fonctionnalit\u00e9s et modules compl\u00e9mentaires du constructeur de The Thify.<\/li>\n<\/ul>\n","protected":false},"excerpt":{"rendered":"<p>La barre de progression du constructeur Th\u00e9ify est un outil tr\u00e8s convivial et simple qui offre la possibilit\u00e9 d&rsquo;incorporer des barres de progression complexes et visuellement captivantes dans votre site Web. Offrant un large \u00e9ventail d&rsquo;options de personnalisation, vous avez la flexibilit\u00e9 d&rsquo;adapter sans effort la couleur, l&rsquo;opacit\u00e9 et la hauteur de vos barres de progr\u00e8s, en plus de s\u00e9lectionner une couleur d&rsquo;arri\u00e8re-plan ou d&rsquo;int\u00e9grer un effet d&rsquo;animation s\u00e9duisant. Que votre objectif soit d&rsquo;\u00e9tablir des barres de progression dans le but de surveiller les progr\u00e8s des utilisateurs, d&rsquo;atteindre les objectifs de vente ou d&rsquo;analyser d&rsquo;autres mesures vitales, ce plugin remarquable comprend toutes les fonctionnalit\u00e9s essentielles requises pour un d\u00e9but remarquable. Par cons\u00e9quent, pourquoi prolonger? Pascez pas de temps et acqu\u00e9rir la barre de progression du constructeur Th\u00e9ify aujourd&rsquo;hui pour \u00e9lever votre site Web \u00e0 des hauteurs sans pr\u00e9c\u00e9dent!<\/p>\n","protected":false},"featured_media":145514,"comment_status":"open","ping_status":"open","template":"","meta":[],"product_brand":[2674],"product_cat":[1189,1181,1186],"product_tag":[1375],"class_list":{"0":"post-120299","1":"product","2":"type-product","3":"status-publish","4":"has-post-thumbnail","6":"product_brand-themify","7":"product_cat-personnalisation","8":"product_cat-plugins","9":"product_cat-wordpress-plugins","10":"product_tag-themify","11":"member-discount","12":"discount-restricted","14":"first","15":"instock","16":"sale","17":"downloadable","18":"virtual","19":"sold-individually","20":"purchasable","21":"product-type-simple"},"_links":{"self":[{"href":"https:\/\/gpl-love.com\/fr\/wp-json\/wp\/v2\/product\/120299","targetHints":{"allow":["GET"]}}],"collection":[{"href":"https:\/\/gpl-love.com\/fr\/wp-json\/wp\/v2\/product"}],"about":[{"href":"https:\/\/gpl-love.com\/fr\/wp-json\/wp\/v2\/types\/product"}],"replies":[{"embeddable":true,"href":"https:\/\/gpl-love.com\/fr\/wp-json\/wp\/v2\/comments?post=120299"}],"wp:featuredmedia":[{"embeddable":true,"href":"https:\/\/gpl-love.com\/fr\/wp-json\/wp\/v2\/media\/145514"}],"wp:attachment":[{"href":"https:\/\/gpl-love.com\/fr\/wp-json\/wp\/v2\/media?parent=120299"}],"wp:term":[{"taxonomy":"product_brand","embeddable":true,"href":"https:\/\/gpl-love.com\/fr\/wp-json\/wp\/v2\/product_brand?post=120299"},{"taxonomy":"product_cat","embeddable":true,"href":"https:\/\/gpl-love.com\/fr\/wp-json\/wp\/v2\/product_cat?post=120299"},{"taxonomy":"product_tag","embeddable":true,"href":"https:\/\/gpl-love.com\/fr\/wp-json\/wp\/v2\/product_tag?post=120299"}],"curies":[{"name":"wp","href":"https:\/\/api.w.org\/{rel}","templated":true}]}}