{"id":120297,"date":"2025-02-09T00:00:00","date_gmt":"2025-02-08T23:00:00","guid":{"rendered":"https:\/\/gpl-love.com\/fr\/produit\/themify-builder-pointers\/"},"modified":"2026-04-10T18:42:39","modified_gmt":"2026-04-10T16:42:39","slug":"themify-builder-pointers","status":"publish","type":"product","link":"https:\/\/gpl-love.com\/fr\/produit\/themify-builder-pointers\/","title":{"rendered":"Themify Builder Pointers 3.5.4"},"content":{"rendered":"<h3>Themify Builder Pointers Traits<\/h3>\n<p>Les pointeurs de Builder thenify s&rsquo;av\u00e8rent \u00eatre un atout extr\u00eamement formidable pour faciliter la cr\u00e9ation de sites Web visuellement frappants et polis par des professionnels avec la plus grande facilit\u00e9. Ce plugin remarquablement complet englobe un large \u00e9ventail de fonctionnalit\u00e9s, offrant aux utilisateurs la possibilit\u00e9 d&rsquo;int\u00e9grer de mani\u00e8re transparente divers \u00e9l\u00e9ments dans leur site Web, y compris, mais sans s&rsquo;y limiter, des images, des images, des vid\u00e9os et des widgets personnalis\u00e9s, qui peuvent tous \u00eatre ajout\u00e9s sans effort via la tra\u00een\u00e9e intuitive -e et fonctionnalit\u00e9 \u00e0 d\u00e9tenir. Arm\u00e9s de pointeurs de constructeurs de The Th\u00e9ify, les individus peuvent adapter sans effort leurs sites Web pour r\u00e9pondre \u00e0 leurs besoins sp\u00e9cifiques, que ce soit en tirant parti de l&rsquo;assortiment de mod\u00e8les pr\u00e9-con\u00e7us \u00e0 leur disposition ou en partant de z\u00e9ro et en construisant m\u00e9ticuleusement une disposition distinctive et in\u00e9gal\u00e9e. L&rsquo;interface conviviale, associ\u00e9e \u00e0 l&rsquo;inclusion d&rsquo;animations int\u00e9gr\u00e9es et d&rsquo;options de style avanc\u00e9es, garantit que le processus de mode de mode dynamique et captivant est un jeu d&rsquo;enfant, m\u00eame pour ceux qui manquent d&rsquo;expertise de codage. Ainsi, que l&rsquo;on soit aux stades naissants de leur parcours de d\u00e9veloppement Web ou que ce soit un v\u00e9t\u00e9ran chevronn\u00e9 sur le terrain, la nature indispensable de The Th\u00e9siy Builder Pointers ne peut pas \u00eatre surestim\u00e9e, ce qui le rend une n\u00e9cessit\u00e9 absolue pour quiconque cherche \u00e0 cr\u00e9er des sites Web visuellement s\u00e9duisants et hautement fonctionnels .<\/p>\n<ul>\n<li>Fournit une interface conviviale pour cr\u00e9er de superbes conceptions de sites Web<\/li>\n<li>Livr\u00e9 avec des modules pr\u00e9-con\u00e7us pour la cr\u00e9ation de sites Web plus rapides<\/li>\n<li>Permet la personnalisation de chaque \u00e9l\u00e9ment sans avoir \u00e0 coder<\/li>\n<li>Offre une large gamme d&rsquo;options de conception, y compris les couleurs, les polices et les dispositions<\/li>\n<li>Prend en charge tous les th\u00e8mes WordPress populaires<\/li>\n<li>Comprend des fonctionnalit\u00e9s de conception r\u00e9active, ce qui rend votre site Web superbe sur n&rsquo;importe quel appareil<\/li>\n<li>Fonctionne de mani\u00e8re transparente avec d&rsquo;autres modules compl\u00e9mentaires et plugins de The Thify Builder<\/li>\n<li>Fournit des mises \u00e0 jour r\u00e9guli\u00e8res et un support pour une exp\u00e9rience de cr\u00e9ation de site Web fluide<\/li>\n<\/ul>\n","protected":false},"excerpt":{"rendered":"<p>THEFIFY BUILDER POINTERS, un outil tr\u00e8s puissant et polyvalent, amplifie consid\u00e9rablement les fonctionnalit\u00e9s du constructeur WordPress TheThefy. En fournissant une navigation sans effort \u00e0 travers des \u00e9l\u00e9ments de conception et en facilitant l&rsquo;\u00e9dition et la manipulation sans effort, il simplifie consid\u00e9rablement le processus global. Gr\u00e2ce \u00e0 son interface intuitive pour les utilisateurs et les param\u00e8tres personnalisables, les constructeurs peuvent rationaliser efficacement leur flux de travail et g\u00e9n\u00e9rer rapidement des sites Web visuellement captivants et adaptatifs. Peu importe que l&rsquo;on soit un d\u00e9veloppeur Web exp\u00e9riment\u00e9 ou un novice, les pointeurs de constructeurs de The Thify sont incontestablement un ajout indispensable \u00e0 leur bo\u00eete \u00e0 outils.<\/p>\n","protected":false},"featured_media":145511,"comment_status":"open","ping_status":"open","template":"","meta":[],"product_brand":[2674],"product_cat":[1189,1181,1186],"product_tag":[1375],"class_list":{"0":"post-120297","1":"product","2":"type-product","3":"status-publish","4":"has-post-thumbnail","6":"product_brand-themify","7":"product_cat-personnalisation","8":"product_cat-plugins","9":"product_cat-wordpress-plugins","10":"product_tag-themify","11":"member-discount","12":"discount-restricted","14":"first","15":"instock","16":"sale","17":"downloadable","18":"virtual","19":"sold-individually","20":"purchasable","21":"product-type-simple"},"_links":{"self":[{"href":"https:\/\/gpl-love.com\/fr\/wp-json\/wp\/v2\/product\/120297","targetHints":{"allow":["GET"]}}],"collection":[{"href":"https:\/\/gpl-love.com\/fr\/wp-json\/wp\/v2\/product"}],"about":[{"href":"https:\/\/gpl-love.com\/fr\/wp-json\/wp\/v2\/types\/product"}],"replies":[{"embeddable":true,"href":"https:\/\/gpl-love.com\/fr\/wp-json\/wp\/v2\/comments?post=120297"}],"wp:featuredmedia":[{"embeddable":true,"href":"https:\/\/gpl-love.com\/fr\/wp-json\/wp\/v2\/media\/145511"}],"wp:attachment":[{"href":"https:\/\/gpl-love.com\/fr\/wp-json\/wp\/v2\/media?parent=120297"}],"wp:term":[{"taxonomy":"product_brand","embeddable":true,"href":"https:\/\/gpl-love.com\/fr\/wp-json\/wp\/v2\/product_brand?post=120297"},{"taxonomy":"product_cat","embeddable":true,"href":"https:\/\/gpl-love.com\/fr\/wp-json\/wp\/v2\/product_cat?post=120297"},{"taxonomy":"product_tag","embeddable":true,"href":"https:\/\/gpl-love.com\/fr\/wp-json\/wp\/v2\/product_tag?post=120297"}],"curies":[{"name":"wp","href":"https:\/\/api.w.org\/{rel}","templated":true}]}}