{"id":120295,"date":"2025-10-24T00:00:00","date_gmt":"2025-10-23T22:00:00","guid":{"rendered":"https:\/\/gpl-love.com\/fr\/produit\/themify-builder-mosaic\/"},"modified":"2026-03-20T23:39:55","modified_gmt":"2026-03-20T22:39:55","slug":"themify-builder-mosaic","status":"publish","type":"product","link":"https:\/\/gpl-love.com\/fr\/produit\/themify-builder-mosaic\/","title":{"rendered":"Themify Builder Mosaic 3.5.6"},"content":{"rendered":"<h3>Themify Builder Mosaic Traits<\/h3>\n<p>THEFIFY Builder Mosaic est un outil incroyablement robuste et tr\u00e8s efficace qui offre aux utilisateurs la capacit\u00e9 exceptionnelle de g\u00e9n\u00e9rer sans effort des dispositions de mosa\u00efque impressionnantes pour leurs sites Web, le tout sans n\u00e9cessiter de connaissances ou d&rsquo;exp\u00e9rience de codage pr\u00e9alables. Offrant une vaste gamme d&rsquo;options incroyablement polyvalentes et personnalisables, les utilisateurs sont autoris\u00e9s \u00e0 s\u00e9lectionner sans effort parmi une gamme diversifi\u00e9e de styles de grille, des effets d&rsquo;animation captivants, ainsi que des options de superposition captivantes, dans l&rsquo;objectif ultime de construire une disposition in\u00e9gal\u00e9e, visuellement captivante et captivante pour leur site Web. De plus, la conception r\u00e9active et adapt\u00e9e aux mobiles garantit que la disposition de la mosa\u00efque maintient son apparence exceptionnelle et visuellement frappante, quel que soit l&rsquo;appareil utilis\u00e9. THEMIFY Builder Mosaic repr\u00e9sente la solution parfaite pour toutes les personnes qui cherchent \u00e0 infuser la conception de leur site Web avec un niveau de cr\u00e9ativit\u00e9 et d&rsquo;engagement in\u00e9gal\u00e9.<\/p>\n<ul>\n<li>Cr\u00e9ez de belles dispositions de mosa\u00efque pour votre site Web WordPress<\/li>\n<li>L&rsquo;interface de glisser-d\u00e9poser le rend facile \u00e0 utiliser pour tout le monde, quelles que soient les comp\u00e9tences de codage<\/li>\n<li>Choisissez parmi les mod\u00e8les pr\u00e9-fabriqu\u00e9s ou personnalisez enti\u00e8rement votre propre mise en page<\/li>\n<li>La conception r\u00e9active signifie que votre disposition en mosa\u00efque aura fi\u00e8re allure sur tous les appareils<\/li>\n<li>Compatible avec The Th\u00e9ify Builder et The Th\u00e9sify Ultra Th\u00e8mes<\/li>\n<li>Am\u00e9lioration du temps de chargement de la page avec du code optimis\u00e9<\/li>\n<li>Options de couleurs illimit\u00e9es pour un look vraiment unique<\/li>\n<li>Les outils de ch\u00e8que et de d\u00e9compte des mots pour assurer la cr\u00e9ation de contenu sans faille<\/li>\n<li>Int\u00e9gration avec des plateformes de m\u00e9dias sociaux populaires pour un partage et un engagement faciles.<\/li>\n<\/ul>\n","protected":false},"excerpt":{"rendered":"<p>THEIFY Builder Mosaic, un plugin WordPress tr\u00e8s polyvalent et remarquablement puissant, pr\u00e9sente une solution exceptionnelle pour g\u00e9n\u00e9rer des dispositions et des grilles en mosa\u00efque impressionnantes. Gr\u00e2ce \u00e0 son interface de glisser-d\u00e9poser par les utilisateurs, manipulez sans effort la disposition de votre contenu dans une multitude de configurations et de styles personnalis\u00e9s, augmentant ainsi l&rsquo;attrait visuel et captivant la nature de votre site Web pour saisir vos visiteurs estim\u00e9s. Que ce soit l&rsquo;affichage de votre portefeuille, l&rsquo;exposition de produits ou l&rsquo;\u00e9tablissement d&rsquo;une galerie en ligne, le constructeur de The Thify Mosaic est l&rsquo;instrument ultime pour infuser une dose suppl\u00e9mentaire d&rsquo;ing\u00e9niosit\u00e9 et de sophistication dans votre site Web, l&rsquo;\u00e9l\u00e8ve \u00e0 des niveaux de cr\u00e9ativit\u00e9 et de professionnalisme sans pr\u00e9c\u00e9dent.<\/p>\n","protected":false},"featured_media":145510,"comment_status":"open","ping_status":"open","template":"","meta":[],"product_brand":[2674],"product_cat":[1189,1181,1186],"product_tag":[1375],"class_list":{"0":"post-120295","1":"product","2":"type-product","3":"status-publish","4":"has-post-thumbnail","6":"product_brand-themify","7":"product_cat-personnalisation","8":"product_cat-plugins","9":"product_cat-wordpress-plugins","10":"product_tag-themify","11":"member-discount","12":"discount-restricted","14":"first","15":"instock","16":"sale","17":"downloadable","18":"virtual","19":"sold-individually","20":"purchasable","21":"product-type-simple"},"_links":{"self":[{"href":"https:\/\/gpl-love.com\/fr\/wp-json\/wp\/v2\/product\/120295","targetHints":{"allow":["GET"]}}],"collection":[{"href":"https:\/\/gpl-love.com\/fr\/wp-json\/wp\/v2\/product"}],"about":[{"href":"https:\/\/gpl-love.com\/fr\/wp-json\/wp\/v2\/types\/product"}],"replies":[{"embeddable":true,"href":"https:\/\/gpl-love.com\/fr\/wp-json\/wp\/v2\/comments?post=120295"}],"wp:featuredmedia":[{"embeddable":true,"href":"https:\/\/gpl-love.com\/fr\/wp-json\/wp\/v2\/media\/145510"}],"wp:attachment":[{"href":"https:\/\/gpl-love.com\/fr\/wp-json\/wp\/v2\/media?parent=120295"}],"wp:term":[{"taxonomy":"product_brand","embeddable":true,"href":"https:\/\/gpl-love.com\/fr\/wp-json\/wp\/v2\/product_brand?post=120295"},{"taxonomy":"product_cat","embeddable":true,"href":"https:\/\/gpl-love.com\/fr\/wp-json\/wp\/v2\/product_cat?post=120295"},{"taxonomy":"product_tag","embeddable":true,"href":"https:\/\/gpl-love.com\/fr\/wp-json\/wp\/v2\/product_tag?post=120295"}],"curies":[{"name":"wp","href":"https:\/\/api.w.org\/{rel}","templated":true}]}}