{"id":120293,"date":"2024-07-11T00:00:00","date_gmt":"2024-07-10T22:00:00","guid":{"rendered":"https:\/\/gpl-love.com\/fr\/produit\/themify-builder-infinite-posts\/"},"modified":"2026-04-10T18:42:37","modified_gmt":"2026-04-10T16:42:37","slug":"themify-builder-infinite-posts","status":"publish","type":"product","link":"https:\/\/gpl-love.com\/fr\/produit\/themify-builder-infinite-posts\/","title":{"rendered":"Themify Builder Infinite Posts 3.5.4"},"content":{"rendered":"<h3>Themify Builder Infinite Posts Traits<\/h3>\n<p>Th\u00e9sify Builder Infinite Posts est un plugin WordPress extr\u00eamement robuste qui offre aux propri\u00e9taires de sites Web la capacit\u00e9 transparente de montrer sans effort et rapidement un nombre in\u00e9puisable de messages sur leur site Web. Le plugin permet aux utilisateurs d&rsquo;adapter sans effort la mise en page et la conception de leurs messages en raison de l&rsquo;interface de glisser-d\u00e9poser tr\u00e8s conviviale et instinctive de The Thify. Cet outil est indispensable pour que les blogueurs s&rsquo;efforcent de pr\u00e9senter leurs derniers articles ou plateformes de commerce \u00e9lectronique qui souhaitent pr\u00e9senter leurs produits, car il am\u00e9liore consid\u00e9rablement la fonctionnalit\u00e9 et l&rsquo;attrait esth\u00e9tique de leur site Web. Avec la capacit\u00e9 de pr\u00e9senter des publications dans une grille visuellement captivante ou un format de liste complet et syst\u00e9matique, ce formidable plugin garantit que votre contenu est pr\u00e9sent\u00e9 de mani\u00e8re la plus captivante et la plus centr\u00e9e sur l&rsquo;utilisateur. Sortie \u00e0 gagner du temps et \u00e0 faciliter la commodit\u00e9, The Thify Builder Infinite Posts repr\u00e9sente le choix pr\u00e9\u00e9minent pour les personnes qui sont vraiment engag\u00e9es dans l&rsquo;optimisation de leur site Web WordPress.<\/p>\n<ul>\n<li>L&rsquo;outil de publication infinie de Builder The Th\u00e9ify vous permet d&rsquo;afficher un nombre illimit\u00e9 de messages sans pagination ni rechargement de page<\/li>\n<li>Vous pouvez personnaliser la fa\u00e7on dont vos messages infinis sont affich\u00e9s, avec des options \u00e0 afficher ou \u00e0 masquer les cat\u00e9gories de publication, les auteurs et plus<\/li>\n<li>Avec une fonctionnalit\u00e9 de d\u00e9filement infinie int\u00e9gr\u00e9e, les visiteurs de votre site Web peuvent naviguer de mani\u00e8re transparente dans tous vos messages sans avoir \u00e0 cliquer sur diff\u00e9rentes pages<\/li>\n<li>Cet outil est enti\u00e8rement r\u00e9actif, garantissant que vos messages infinis s&rsquo;affichent parfaitement sur n&rsquo;importe quel appareil<\/li>\n<li>Vous pouvez facilement int\u00e9grer vos messages infinis dans votre site Web WordPress \u00e0 l&rsquo;aide de l&rsquo;interface de glisser-d\u00e9poser de Builder, qui ne n\u00e9cessite aucune connaissance de codage<\/li>\n<li>Avec le support pour les types de publication personnalis\u00e9s et les taxonomies personnalis\u00e9es, vous pouvez utiliser l&rsquo;outil de publication Infinite de Builder thenify pour pr\u00e9senter tout type de contenu que vous aimez<\/li>\n<li>Th\u00e9ify Builder Infinite Posts est compatible avec un large \u00e9ventail de th\u00e8mes WordPress, ce qui en fait un choix polyvalent pour tout propri\u00e9taire de site Web<\/li>\n<\/ul>\n","protected":false},"excerpt":{"rendered":"<p>Th\u00e9sifier Builder Infinite Posts est un outil incroyablement robuste qui offre aux utilisateurs la capacit\u00e9 exceptionnelle de pr\u00e9senter sans effort une multitude infinie de publications sur leur site Web. Au moyen de son interface remarquablement conviviale de glisser-d\u00e9poser, les individus sont autoris\u00e9s \u00e0 construire des grilles et des carrousels captivants et interactifs qui pr\u00e9sentent efficacement leur contenu d&rsquo;une mani\u00e8re profond\u00e9ment vibrante et captivante. Que son occupation tourne autour des blogs, du marketing ou de la cr\u00e9ation de contenu, ce plugin extraordinaire offre une assistance inestimable dans la cr\u00e9ation de dispositions \u00e9tonnamment impressionnantes et tr\u00e8s r\u00e9actives qui captiveront sans aucun doute son public, engendrant un sentiment d&rsquo;engagement perp\u00e9tuel et un d\u00e9sir de visites r\u00e9p\u00e9t\u00e9es. Par cons\u00e9quent, si l&rsquo;on se retrouve \u00e0 la recherche d&rsquo;un moyen vraiment in\u00e9gal\u00e9 d&rsquo;augmenter les niveaux de trafic, d&rsquo;engagement et de conversions v\u00e9cues par leur site Web, ils n&rsquo;ont pas besoin de chercher plus loin que les capacit\u00e9s exceptionnelles des postes incomparables de The Th\u00e9sify Builder Infinite.<\/p>\n","protected":false},"featured_media":145507,"comment_status":"open","ping_status":"open","template":"","meta":[],"product_brand":[2674],"product_cat":[1189,1181,1186],"product_tag":[1375],"class_list":{"0":"post-120293","1":"product","2":"type-product","3":"status-publish","4":"has-post-thumbnail","6":"product_brand-themify","7":"product_cat-personnalisation","8":"product_cat-plugins","9":"product_cat-wordpress-plugins","10":"product_tag-themify","11":"member-discount","12":"discount-restricted","14":"first","15":"instock","16":"sale","17":"downloadable","18":"virtual","19":"sold-individually","20":"purchasable","21":"product-type-simple"},"_links":{"self":[{"href":"https:\/\/gpl-love.com\/fr\/wp-json\/wp\/v2\/product\/120293","targetHints":{"allow":["GET"]}}],"collection":[{"href":"https:\/\/gpl-love.com\/fr\/wp-json\/wp\/v2\/product"}],"about":[{"href":"https:\/\/gpl-love.com\/fr\/wp-json\/wp\/v2\/types\/product"}],"replies":[{"embeddable":true,"href":"https:\/\/gpl-love.com\/fr\/wp-json\/wp\/v2\/comments?post=120293"}],"wp:featuredmedia":[{"embeddable":true,"href":"https:\/\/gpl-love.com\/fr\/wp-json\/wp\/v2\/media\/145507"}],"wp:attachment":[{"href":"https:\/\/gpl-love.com\/fr\/wp-json\/wp\/v2\/media?parent=120293"}],"wp:term":[{"taxonomy":"product_brand","embeddable":true,"href":"https:\/\/gpl-love.com\/fr\/wp-json\/wp\/v2\/product_brand?post=120293"},{"taxonomy":"product_cat","embeddable":true,"href":"https:\/\/gpl-love.com\/fr\/wp-json\/wp\/v2\/product_cat?post=120293"},{"taxonomy":"product_tag","embeddable":true,"href":"https:\/\/gpl-love.com\/fr\/wp-json\/wp\/v2\/product_tag?post=120293"}],"curies":[{"name":"wp","href":"https:\/\/api.w.org\/{rel}","templated":true}]}}