{"id":120291,"date":"2022-12-25T00:00:00","date_gmt":"2022-12-24T23:00:00","guid":{"rendered":"https:\/\/gpl-love.com\/fr\/produit\/themify-builder-infinite-background\/"},"modified":"2026-03-20T23:39:52","modified_gmt":"2026-03-20T22:39:52","slug":"themify-builder-infinite-background","status":"publish","type":"product","link":"https:\/\/gpl-love.com\/fr\/produit\/themify-builder-infinite-background\/","title":{"rendered":"Themify Builder Infinite Background 3.0.1"},"content":{"rendered":"<h3>Themify Builder Infinite Background Traits<\/h3>\n<p>Pr\u00e9sentation de l&rsquo;interface Infinite Infinite Infinite Infinite, un plugin r\u00e9volutionnaire, con\u00e7u pour r\u00e9volutionner la fa\u00e7on dont les utilisateurs int\u00e8grent des effets de d\u00e9filement de fond infini dans leurs sites Web. Ce plugin exceptionnel vous permet \u00e0 intudier sans effort votre site Web d&rsquo;\u00e9l\u00e9ments visuellement captivants qui captiveront et maintiendront sans aucun doute l&rsquo;int\u00e9r\u00eat de vos visiteurs estim\u00e9s. Offrant une facilit\u00e9 d&rsquo;utilisation in\u00e9gal\u00e9e, le plugin d&rsquo;arri\u00e8re-plan infini est \u00e9quip\u00e9 d&rsquo;une large gamme d&rsquo;options personnalisables, ce qui le rend le choix ultime pour les utilisateurs de WordPress novices et assaisonn\u00e9s. Que vous aspirez \u00e0 int\u00e9grer un effet de d\u00e9filement subtilement s\u00e9duisant ou un spectacle visuel plus grandiose et frappant, Theyify Builder Infinite Contexte Garanties pour r\u00e9pondre et d\u00e9passer toutes vos attentes. Lib\u00e9rez le plein potentiel de l&rsquo;attrait visuel de votre site Web et assurez-vous un engagement optimal des visiteurs en se lan\u00e7ant dans un voyage inoubliable avec Th\u00e9sify Builder Infinite Fteals aujourd&rsquo;hui.<\/p>\n<ul>\n<li>Ajoute des options d&rsquo;arri\u00e8re-plan infinies au plugin de Builder thenify<\/li>\n<li>Permet aux utilisateurs de cr\u00e9er des arri\u00e8re-plans continue visuellement \u00e9tonnants<\/li>\n<li>Comprend une vaste biblioth\u00e8que de mod\u00e8les de fond, d&rsquo;images et de gradients<\/li>\n<li>Options de personnalisation pour l&rsquo;opacit\u00e9, la transition et la direction<\/li>\n<li>Compatible avec tous les th\u00e8mes de The Thify et d&rsquo;autres th\u00e8mes WordPress<\/li>\n<li>Facile \u00e0 utiliser, avec des fonctionnalit\u00e9s de glisser-d\u00e9poser<\/li>\n<li>Aucun codage requis<\/li>\n<li>\u00c9conomise du temps et des efforts pour cr\u00e9er des horizons uniques et professionnels<\/li>\n<li>Support et mises \u00e0 jour r\u00e9guli\u00e8res fournies par l&rsquo;\u00e9quipe de The Th\u00e9ify<\/li>\n<li>Am\u00e9liore la conception du site Web et am\u00e9liore l&rsquo;exp\u00e9rience utilisateur.<\/li>\n<\/ul>\n","protected":false},"excerpt":{"rendered":"<p>L&rsquo;arri\u00e8re-plan Infinite de The Th\u00e9ify Builder, un outil tr\u00e8s puissant pour fabriquer des conceptions visuellement frappantes et passionnantes, offre aux utilisateurs la possibilit\u00e9 de g\u00e9n\u00e9rer sans effort des arri\u00e8re-plans sans cesse qui accordent \u00e0 leurs sites Web une apparence in\u00e9branlable et en constante \u00e9volution. Cette fonctionnalit\u00e9 remarquable s&rsquo;harmonise parfaitement avec tout module THEFIFY BUILDER, offrant aux utilisateurs la possibilit\u00e9 de m\u00e9langer et juxtaposer de mani\u00e8re transparente divers \u00e9l\u00e9ments pour atteindre leur effet souhait\u00e9. Peu importe que l&rsquo;on fasse fa\u00e7onner un portfolio, un blog ou un site Web de commerce \u00e9lectronique, cet outil remarquable est garanti pour captiver et hypnotiser les visiteurs, assurant leur engagement continu. Ne perdez pas de temps et vous lancez dans un voyage transformateur lorsque vous adoptez cet outil aujourd&rsquo;hui, propulsant votre site Web \u00e0 Uncharted Heights!<\/p>\n","protected":false},"featured_media":145506,"comment_status":"open","ping_status":"open","template":"","meta":[],"product_brand":[2674],"product_cat":[1189,1181,1186],"product_tag":[1375],"class_list":{"0":"post-120291","1":"product","2":"type-product","3":"status-publish","4":"has-post-thumbnail","6":"product_brand-themify","7":"product_cat-personnalisation","8":"product_cat-plugins","9":"product_cat-wordpress-plugins","10":"product_tag-themify","11":"member-discount","12":"discount-restricted","14":"first","15":"instock","16":"sale","17":"downloadable","18":"virtual","19":"sold-individually","20":"purchasable","21":"product-type-simple"},"_links":{"self":[{"href":"https:\/\/gpl-love.com\/fr\/wp-json\/wp\/v2\/product\/120291","targetHints":{"allow":["GET"]}}],"collection":[{"href":"https:\/\/gpl-love.com\/fr\/wp-json\/wp\/v2\/product"}],"about":[{"href":"https:\/\/gpl-love.com\/fr\/wp-json\/wp\/v2\/types\/product"}],"replies":[{"embeddable":true,"href":"https:\/\/gpl-love.com\/fr\/wp-json\/wp\/v2\/comments?post=120291"}],"wp:featuredmedia":[{"embeddable":true,"href":"https:\/\/gpl-love.com\/fr\/wp-json\/wp\/v2\/media\/145506"}],"wp:attachment":[{"href":"https:\/\/gpl-love.com\/fr\/wp-json\/wp\/v2\/media?parent=120291"}],"wp:term":[{"taxonomy":"product_brand","embeddable":true,"href":"https:\/\/gpl-love.com\/fr\/wp-json\/wp\/v2\/product_brand?post=120291"},{"taxonomy":"product_cat","embeddable":true,"href":"https:\/\/gpl-love.com\/fr\/wp-json\/wp\/v2\/product_cat?post=120291"},{"taxonomy":"product_tag","embeddable":true,"href":"https:\/\/gpl-love.com\/fr\/wp-json\/wp\/v2\/product_tag?post=120291"}],"curies":[{"name":"wp","href":"https:\/\/api.w.org\/{rel}","templated":true}]}}