{"id":120209,"date":"2025-04-17T00:00:00","date_gmt":"2025-04-16T22:00:00","guid":{"rendered":"https:\/\/gpl-love.com\/fr\/produit\/woocommerce-split-orders\/"},"modified":"2026-03-20T23:48:00","modified_gmt":"2026-03-20T22:48:00","slug":"woocommerce-split-orders","status":"publish","type":"product","link":"https:\/\/gpl-love.com\/fr\/produit\/woocommerce-split-orders\/","title":{"rendered":"WooCommerce Split Orders 1.8.2"},"content":{"rendered":"<h3>WooCommerce Split Orders Traits<\/h3>\n<p>WooCommerce Split Orders, un outil tr\u00e8s efficace, offre aux utilisateurs la possibilit\u00e9 de diviser leurs commandes en de nombreuses exp\u00e9ditions, facilitant ainsi le processus de s\u00e9paration des commandes en exp\u00e9ditions distinctes en raison de contraintes pos\u00e9es par le stock de produits, le lieu d&rsquo;exp\u00e9dition ou tout autre facteur. Gr\u00e2ce \u00e0 l&rsquo;utilisation des commandes divis\u00e9es WooCommerce, les utilisateurs peuvent g\u00e9n\u00e9rer sans effort plusieurs exp\u00e9ditions pour une seule commande, allouant des produits sp\u00e9cifiques \u00e0 chaque exp\u00e9dition individuelle. De plus, ce plugin permet aux utilisateurs la capacit\u00e9 de surveiller m\u00e9ticuleusement chaque envoi individuellement, leur accordant ainsi une visibilit\u00e9 compl\u00e8te \u00e0 l&rsquo;ensemble des op\u00e9rations d&rsquo;exp\u00e9dition. Essentiellement, WooCommerce Split Orders sert \u00e0 optimiser la proc\u00e9dure d&rsquo;exp\u00e9dition, entra\u00eenant finalement des \u00e9conomies de temps et de ressources, tout en renfor\u00e7ant simultan\u00e9ment les niveaux de satisfaction client.<\/p>\n<ul>\n<li>Simplifie le processus de division de commande dans WooCommerce<\/li>\n<li>Permet aux clients de diviser une seule commande en plusieurs exp\u00e9ditions<\/li>\n<li>Offre des options flexibles pour la commande en fonction du type de produit, de la quantit\u00e9 ou du prix<\/li>\n<li>Fournit une interface claire et simple pour g\u00e9rer les commandes divis\u00e9es<\/li>\n<li>Intrez sans effort avec les passerelles d&rsquo;exp\u00e9dition compatibles et de paiement compatibles WooCommerce<\/li>\n<li>Prend en charge le suivi des envois partiels et la consolidation des commandes pour une meilleure satisfaction du client<\/li>\n<li>Gave le temps et r\u00e9duit les erreurs associ\u00e9es \u00e0 la division et au suivi des commandes manuelles<\/li>\n<li>Am\u00e9liore l&rsquo;efficacit\u00e9 de la gestion des commandes et rationalise les processus d&rsquo;exp\u00e9dition et de r\u00e9alisation<\/li>\n<li>Augmente la fid\u00e9lit\u00e9 des clients et augmente les revenus en optimisant l&rsquo;exp\u00e9rience d&rsquo;achat client.<\/li>\n<\/ul>\n","protected":false},"excerpt":{"rendered":"<p>WooCommerce Split Orders se pr\u00e9sente comme une solution incroyablement robuste et efficace pour les commer\u00e7ants en ligne visant \u00e0 am\u00e9liorer et rationaliser leurs proc\u00e9dures de gestion des commandes. Gr\u00e2ce \u00e0 l&rsquo;utilisation de ce plugin innovant, les commer\u00e7ants peuvent diviser sans effort une commande en plusieurs exp\u00e9ditions, attribuant des m\u00e9thodes d&rsquo;exp\u00e9dition distinctes \u00e0 chaque exp\u00e9dition individuelle, tout en ayant la possibilit\u00e9 de diviser le paiement en transactions distinctes. En outre, ce plugin offre la commodit\u00e9 de cr\u00e9er une logique personnalis\u00e9e pour le fractionnement des commandes, permettant ainsi un processus de r\u00e9alisation automatis\u00e9 et simplifi\u00e9. Que vous soyez exploit\u00e9 une modeste entreprise \u00e0 petite \u00e9chelle ou une boutique de commerce \u00e9lectronique grandiose, les commandes de WooCommerce se r\u00e9v\u00e8lent \u00eatre un outil indispensable pour optimiser et perfectionner votre flux de travail de gestion des commandes.<\/p>\n","protected":false},"featured_media":146038,"comment_status":"open","ping_status":"open","template":"","meta":[],"product_brand":[2440],"product_cat":[1182,1223,1181],"product_tag":[1398],"class_list":{"0":"post-120209","1":"product","2":"type-product","3":"status-publish","4":"has-post-thumbnail","6":"product_brand-woocommerce","7":"product_cat-commerce-electronique-plugins","8":"product_cat-personnalisation-commerce-electronique-plugins","9":"product_cat-plugins","10":"product_tag-woocommerce","11":"member-discount","12":"discount-restricted","14":"first","15":"instock","16":"sale","17":"downloadable","18":"virtual","19":"sold-individually","20":"purchasable","21":"product-type-simple"},"_links":{"self":[{"href":"https:\/\/gpl-love.com\/fr\/wp-json\/wp\/v2\/product\/120209","targetHints":{"allow":["GET"]}}],"collection":[{"href":"https:\/\/gpl-love.com\/fr\/wp-json\/wp\/v2\/product"}],"about":[{"href":"https:\/\/gpl-love.com\/fr\/wp-json\/wp\/v2\/types\/product"}],"replies":[{"embeddable":true,"href":"https:\/\/gpl-love.com\/fr\/wp-json\/wp\/v2\/comments?post=120209"}],"wp:featuredmedia":[{"embeddable":true,"href":"https:\/\/gpl-love.com\/fr\/wp-json\/wp\/v2\/media\/146038"}],"wp:attachment":[{"href":"https:\/\/gpl-love.com\/fr\/wp-json\/wp\/v2\/media?parent=120209"}],"wp:term":[{"taxonomy":"product_brand","embeddable":true,"href":"https:\/\/gpl-love.com\/fr\/wp-json\/wp\/v2\/product_brand?post=120209"},{"taxonomy":"product_cat","embeddable":true,"href":"https:\/\/gpl-love.com\/fr\/wp-json\/wp\/v2\/product_cat?post=120209"},{"taxonomy":"product_tag","embeddable":true,"href":"https:\/\/gpl-love.com\/fr\/wp-json\/wp\/v2\/product_tag?post=120209"}],"curies":[{"name":"wp","href":"https:\/\/api.w.org\/{rel}","templated":true}]}}