{"id":120207,"date":"2026-04-18T00:00:00","date_gmt":"2026-04-17T22:00:00","guid":{"rendered":"https:\/\/gpl-love.com\/fr\/produit\/document-library-pro\/"},"modified":"2026-04-19T00:30:21","modified_gmt":"2026-04-18T22:30:21","slug":"document-library-pro","status":"publish","type":"product","link":"https:\/\/gpl-love.com\/fr\/produit\/document-library-pro\/","title":{"rendered":"Document Library Pro 3.2.0"},"content":{"rendered":"<h3>Document Library Pro Traits<\/h3>\n<p>Document Library Pro est un outil incroyablement robuste qui offre des fonctionnalit\u00e9s approfondies pour g\u00e9rer sans effort toutes vos exigences de gestion des documents. Cet outil remarquable poss\u00e8de une interface conviviale \u00e0 la fois simple et intuitive, vous permettant d&rsquo;organiser, de stocker et d&rsquo;acc\u00e9der rapidement \u00e0 vos documents. Avec Document Library Pro \u00e0 votre disposition, vous avez la possibilit\u00e9 de cr\u00e9er des dossiers, des sous-dossiers et des balises, vous permettant de classer de mani\u00e8re transparente vos documents, en facilitant la recherche et la r\u00e9cup\u00e9ration sans effort chaque fois que le besoin se r\u00e9pond. De plus, cet outil puissant \u00e9tend la prise en charge de divers types de fichiers, englobant les PDF, les documents de mots et les feuilles de calcul Excel, tout en offrant des fonctionnalit\u00e9s indispensables comme le contr\u00f4le de version et les capacit\u00e9s de collaboration. Ces attributs inestimables vous permettent de collaborer avec les membres de votre \u00e9quipe en temps r\u00e9el, garantissant des efforts synchronis\u00e9s sur l&rsquo;\u00e9dition et la modification des documents. Que vous soyez un propri\u00e9taire d&rsquo;entreprise \u00e0 petite \u00e9chelle ou une partie d&rsquo;une vaste entreprise, la biblioth\u00e8que de documents Pro repr\u00e9sente ind\u00e9niablement la solution ultime pour toutes vos n\u00e9cessit\u00e9s de gestion de documents.<\/p>\n<ul>\n<li>Organise vos documents pour un acc\u00e8s facile: Document Library Pro vous permet d&rsquo;organiser vos fichiers par dossiers, balises et cat\u00e9gories, ce qui rend la recherche et la gestion de vos documents simples.<\/li>\n<li>S\u00e9curit\u00e9 accrue: avec Document Library Pro, vous pouvez vous assurer que vos fichiers sont prot\u00e9g\u00e9s par la configuration du contr\u00f4le d&rsquo;acc\u00e8s et des autorisations pour des utilisateurs ou des groupes sp\u00e9cifiques.<\/li>\n<li>Vues personnalisables: Document Library Pro vous permet de personnaliser votre biblioth\u00e8que et de choisir les colonnes que vous souhaitez, lesquelles sont visibles et comment elles sont tri\u00e9es.<\/li>\n<li>Meilleure collaboration: vous pouvez partager vos documents au sein de votre \u00e9quipe en toute s\u00e9curit\u00e9 et avec facilit\u00e9 avec les fonctionnalit\u00e9s de collaboration de Document Library Pro.<\/li>\n<li>Modification de document pratique: Document Library Pro peut rationaliser le processus d&rsquo;\u00e9dition de document pour vous en autorisant l&rsquo;\u00e9dition en temps r\u00e9el via Google Docs et en maintenant les versions et r\u00e9visions \u00e0 des fins r\u00e9f\u00e9rentielles.<\/li>\n<li>R\u00e9activit\u00e9 mobile: Document Library Pro est sensible aux mobiles, ce qui vous permet d&rsquo;acc\u00e9der \u00e0 vos documents en d\u00e9placement et de fonctionner de n&rsquo;importe o\u00f9.<\/li>\n<li>INTERGATIONS: Le plugin Document Library Pro permet l&rsquo;int\u00e9gration avec des plugins populaires comme WooCommerce, Gravity Forms, Restrict Content Pro, LearnDash, etc.<\/li>\n<li>Organisation automatis\u00e9e: vous obtenez une large gamme d&rsquo;options d&rsquo;automatisation qui vous aident \u00e0 gagner du temps pour organiser des fichiers.<\/li>\n<li>Prise en charge et mises \u00e0 jour: nous fournissons des mises \u00e0 jour r\u00e9guli\u00e8res et un support client. Cela garantit que nos clients obtiennent les derniers correctifs de s\u00e9curit\u00e9 et corrections de bogues; Support technique gratuit pendant un an.<\/li>\n<\/ul>\n","protected":false},"excerpt":{"rendered":"<p>Document Library Pro est une solution num\u00e9rique compl\u00e8te et performante qui r\u00e9volutionne la fa\u00e7on dont vous g\u00e9rez, stockez et partagez vos pr\u00e9cieux documents. Cet outil de qualit\u00e9 professionnelle fournit une interface transparente, vous permettant de cataloguer une vaste gamme de types de documents dans une biblioth\u00e8que organis\u00e9e et facile \u00e0 naviguer. Avec Document Library Pro, vous pouvez suivre tous vos fichiers importants, des contrats commerciaux aux enregistrements personnels, avec une facilit\u00e9 et une efficacit\u00e9 exceptionnelles.<\/p>\n<p>Non seulement Docubary Library Pro diffuse la gestion des documents, mais il \u00e9l\u00e8ve \u00e9galement la fa\u00e7on dont vous partagez les fichiers. Avec des fonctionnalit\u00e9s de partage avanc\u00e9es, vous pouvez distribuer des documents aux coll\u00e8gues ou aux clients en quelques secondes, ce qui vous permet de gagner du temps pr\u00e9cieux et de stimuler la productivit\u00e9.<\/p>\n<p>Document Library Pro appr\u00e9cie \u00e9galement votre s\u00e9curit\u00e9. Il est livr\u00e9 avec des mesures de s\u00e9curit\u00e9 robustes pour garantir que vos documents sont toujours prot\u00e9g\u00e9s. Cela comprend la protection des mots de passe, le chiffrement et le stockage du cloud s\u00e9curis\u00e9, vous donnant la tranquillit\u00e9 d&rsquo;esprit que vos informations sensibles sont toujours entre des mains s\u00fbres.<\/p>\n<p>De plus, Document Library Pro propose des fonctionnalit\u00e9s telles que le versioning de document, qui vous permet de<\/p>\n","protected":false},"featured_media":143561,"comment_status":"open","ping_status":"open","template":"","meta":[],"product_brand":[2518],"product_cat":[1189,1181,1186],"product_tag":[1619],"class_list":{"0":"post-120207","1":"product","2":"type-product","3":"status-publish","4":"has-post-thumbnail","6":"product_brand-barn2","7":"product_cat-personnalisation","8":"product_cat-plugins","9":"product_cat-wordpress-plugins","10":"product_tag-barn2","11":"member-discount","12":"discount-restricted","14":"first","15":"instock","16":"sale","17":"downloadable","18":"virtual","19":"sold-individually","20":"purchasable","21":"product-type-simple"},"_links":{"self":[{"href":"https:\/\/gpl-love.com\/fr\/wp-json\/wp\/v2\/product\/120207","targetHints":{"allow":["GET"]}}],"collection":[{"href":"https:\/\/gpl-love.com\/fr\/wp-json\/wp\/v2\/product"}],"about":[{"href":"https:\/\/gpl-love.com\/fr\/wp-json\/wp\/v2\/types\/product"}],"replies":[{"embeddable":true,"href":"https:\/\/gpl-love.com\/fr\/wp-json\/wp\/v2\/comments?post=120207"}],"wp:featuredmedia":[{"embeddable":true,"href":"https:\/\/gpl-love.com\/fr\/wp-json\/wp\/v2\/media\/143561"}],"wp:attachment":[{"href":"https:\/\/gpl-love.com\/fr\/wp-json\/wp\/v2\/media?parent=120207"}],"wp:term":[{"taxonomy":"product_brand","embeddable":true,"href":"https:\/\/gpl-love.com\/fr\/wp-json\/wp\/v2\/product_brand?post=120207"},{"taxonomy":"product_cat","embeddable":true,"href":"https:\/\/gpl-love.com\/fr\/wp-json\/wp\/v2\/product_cat?post=120207"},{"taxonomy":"product_tag","embeddable":true,"href":"https:\/\/gpl-love.com\/fr\/wp-json\/wp\/v2\/product_tag?post=120207"}],"curies":[{"name":"wp","href":"https:\/\/api.w.org\/{rel}","templated":true}]}}