{"id":120205,"date":"2024-03-15T00:00:00","date_gmt":"2024-03-14T23:00:00","guid":{"rendered":"https:\/\/gpl-love.com\/fr\/produit\/woocommerce-discontinued-products\/"},"modified":"2026-04-10T18:46:42","modified_gmt":"2026-04-10T16:46:42","slug":"woocommerce-discontinued-products","status":"publish","type":"product","link":"https:\/\/gpl-love.com\/fr\/produit\/woocommerce-discontinued-products\/","title":{"rendered":"WooCommerce Discontinued Products 1.2.5"},"content":{"rendered":"<h3>WooCommerce Discontinued Products Traits<\/h3>\n<p>Le plugin WooCommerce Arr\u00eat des produits est un outil extr\u00eamement puissant qui offre une aide pr\u00e9cieuse aux propri\u00e9taires de magasins en ligne dans leur qu\u00eate pour g\u00e9rer efficacement leur inventaire. En utilisant ce plugin exceptionnel, les utilisateurs peuvent identifier et \u00e9liminer sans effort les produits qui ne sont plus obtenus ou \u00e0 subir une demande diminu\u00e9e. Cette action aide remarquablement \u00e0 affiner et \u00e0 rationaliser leur assortiment d&rsquo;offres, conduisant finalement \u00e0 une augmentation substantielle des ventes. De plus, ce plugin pr\u00e9sente une \u00e9num\u00e9ration globale de produits abandonn\u00e9s, de fourniture aux op\u00e9rateurs de le choix de les \u00e9radiquer en permanence ou de les d\u00e9signer simplement comme inaccessibles. En outre, il poss\u00e8de un \u00e9ventail extraordinaire de param\u00e8tres personnalisables, facilitant la configuration des notifications et des redirectes pour s&rsquo;assurer que les clients sont consciencieusement inform\u00e9s et guid\u00e9s de mani\u00e8re transparente vers des produits alternatifs. En r\u00e9sum\u00e9, le plugin de produits WooCommerce abandonn\u00e9 est un outil indispensable pour tous les d\u00e9taillants en ligne aspirant \u00e0 augmenter leurs capacit\u00e9s de gestion des stocks et \u00e0 am\u00e9liorer la satisfaction globale de leur client\u00e8le estim\u00e9e.<\/p>\n<ul>\n<li>Retirez instantan\u00e9ment les produits abandonn\u00e9s de votre magasin WooCommerce<\/li>\n<li>Gardez votre magasin propre et organis\u00e9 en supprimant les produits qui ne sont plus disponibles \u00e0 la vente<\/li>\n<li>Facile \u00e0 utiliser et \u00e0 personnaliser pour r\u00e9pondre \u00e0 vos besoins sp\u00e9cifiques<\/li>\n<li>Am\u00e9liore l&rsquo;exp\u00e9rience utilisateur en garantissant que les clients ne tentent pas d&rsquo;acheter des produits indisponibles<\/li>\n<li>Gagnez du temps en automatisant le processus de suppression des produits abandonn\u00e9s<\/li>\n<li>Compatible avec d&rsquo;autres plugins et th\u00e8mes WooCommerce<\/li>\n<li>Augmente les ventes en se concentrant sur les produits disponibles, plut\u00f4t que sur les clients distrayants avec des produits abandonn\u00e9s<\/li>\n<li>Vous aide \u00e0 rester au courant de la gestion des stocks en supprimant rapidement les produits abandonn\u00e9s<\/li>\n<li>R\u00e9guli\u00e8rement mis \u00e0 jour avec de nouvelles fonctionnalit\u00e9s et am\u00e9liorations pour des performances optimales<\/li>\n<li>Excellente \u00e9quipe de support client disponible pour aider \u00e0 toute question ou probl\u00e8me.<\/li>\n<\/ul>\n","protected":false},"excerpt":{"rendered":"<p>Le plugin de produits WooCommerce abandonn\u00e9 pr\u00e9sente un m\u00e9canisme transparent et opportun pour g\u00e9rer efficacement les produits abandonn\u00e9s dans votre boutique WooCommerce. Ce plugin ing\u00e9nieux vous permet de cacher sans effort des produits qui ne sont plus accessibles ou de les rediriger sans effort vers d&rsquo;autres alternatives viables, garantissant ainsi une exp\u00e9rience d&rsquo;achat plus fluide et ininterrompue pour votre client\u00e8le estim\u00e9e. Ce plugin inestimable est une acquisition imp\u00e9rative pour toute personne exigeante cherchant \u00e0 maintenir une organisation optimale et une convivialit\u00e9 in\u00e9gal\u00e9e dans leur magasin estim\u00e9.<\/p>\n","protected":false},"featured_media":145863,"comment_status":"open","ping_status":"open","template":"","meta":[],"product_brand":[2518],"product_cat":[1182,1223,1181],"product_tag":[1619],"class_list":{"0":"post-120205","1":"product","2":"type-product","3":"status-publish","4":"has-post-thumbnail","6":"product_brand-barn2","7":"product_cat-commerce-electronique-plugins","8":"product_cat-personnalisation-commerce-electronique-plugins","9":"product_cat-plugins","10":"product_tag-barn2","11":"member-discount","12":"discount-restricted","14":"first","15":"instock","16":"sale","17":"downloadable","18":"virtual","19":"sold-individually","20":"purchasable","21":"product-type-simple"},"_links":{"self":[{"href":"https:\/\/gpl-love.com\/fr\/wp-json\/wp\/v2\/product\/120205","targetHints":{"allow":["GET"]}}],"collection":[{"href":"https:\/\/gpl-love.com\/fr\/wp-json\/wp\/v2\/product"}],"about":[{"href":"https:\/\/gpl-love.com\/fr\/wp-json\/wp\/v2\/types\/product"}],"replies":[{"embeddable":true,"href":"https:\/\/gpl-love.com\/fr\/wp-json\/wp\/v2\/comments?post=120205"}],"wp:featuredmedia":[{"embeddable":true,"href":"https:\/\/gpl-love.com\/fr\/wp-json\/wp\/v2\/media\/145863"}],"wp:attachment":[{"href":"https:\/\/gpl-love.com\/fr\/wp-json\/wp\/v2\/media?parent=120205"}],"wp:term":[{"taxonomy":"product_brand","embeddable":true,"href":"https:\/\/gpl-love.com\/fr\/wp-json\/wp\/v2\/product_brand?post=120205"},{"taxonomy":"product_cat","embeddable":true,"href":"https:\/\/gpl-love.com\/fr\/wp-json\/wp\/v2\/product_cat?post=120205"},{"taxonomy":"product_tag","embeddable":true,"href":"https:\/\/gpl-love.com\/fr\/wp-json\/wp\/v2\/product_tag?post=120205"}],"curies":[{"name":"wp","href":"https:\/\/api.w.org\/{rel}","templated":true}]}}