{"id":120203,"date":"2025-02-20T00:00:00","date_gmt":"2025-02-19T23:00:00","guid":{"rendered":"https:\/\/gpl-love.com\/fr\/produit\/modern-events-advanced-location\/"},"modified":"2026-04-10T18:31:46","modified_gmt":"2026-04-10T16:31:46","slug":"modern-events-advanced-location","status":"publish","type":"product","link":"https:\/\/gpl-love.com\/fr\/produit\/modern-events-advanced-location\/","title":{"rendered":"Modern Events Calendar Advanced Location 1.3.5"},"content":{"rendered":"<h3>Modern Events Calendar Advanced Location Traits<\/h3>\n<p>Le calendrier des \u00e9v\u00e9nements modernes L&#8217;emplacement avanc\u00e9 est vraiment un ajout exceptionnel \u00e0 votre arsenal d&rsquo;outils de gestion d&rsquo;\u00e9v\u00e9nements, offrant une pl\u00e9thore de fonctionnalit\u00e9s remarquables. Notamment, ce plugin vous permet de pr\u00e9senter sans effort vos \u00e9v\u00e9nements sur une carte interactive, rationalisant le processus de localisation de votre \u00e9v\u00e9nement pour vos participants estim\u00e9s. Ce qui distingue ce plugin, c&rsquo;est son incorporation de Google Maps, permettant une int\u00e9gration transparente et une exp\u00e9rience plus immersive. De plus, l&rsquo;inclusion de marqueurs de carte personnalis\u00e9s et la possibilit\u00e9 d&rsquo;ajouter un nombre illimit\u00e9 d&#8217;emplacements am\u00e9liore encore la polyvalence de ce plugin. L&rsquo;interface conviviale garantit que vous pouvez personnaliser tous les aspects de vos cartes, du niveau de zoom au placement pr\u00e9cis des \u00e9pingles de localisation. En tant que tel, ce plugin devient un atout indispensable pour les organisateurs d&rsquo;\u00e9v\u00e9nements qui cherchent \u00e0 \u00e9lever l&rsquo;exp\u00e9rience globale de leurs participants et \u00e0 rationaliser le processus de recherche d&rsquo;\u00e9v\u00e9nements. En plus de toutes ces fonctionnalit\u00e9s remarquables, la facilit\u00e9 d&rsquo;installation et la convivialit\u00e9 imm\u00e9diate du calendrier des \u00e9v\u00e9nements modernes l&#8217;emplacement avanc\u00e9 en font vraiment un changement de jeu dans le domaine de la gestion des \u00e9v\u00e9nements. En mettant en \u0153uvre ce plugin, vous pouvez soutenir sans effort vos efforts de gestion d&rsquo;\u00e9v\u00e9nements, garantissant une exp\u00e9rience transparente et agr\u00e9able pour tous les participants.<\/p>\n<ul>\n<li>Ajoutez des capacit\u00e9s de localisation avanc\u00e9es \u00e0 votre calendrier des \u00e9v\u00e9nements modernes.<\/li>\n<li>Affichez les informations de localisation pr\u00e9cises, y compris la latitude et la longitude, pour tout \u00e9v\u00e9nement.<\/li>\n<li>Utilisez des marqueurs et des ic\u00f4nes personnalis\u00e9s pour faire ressortir vos emplacements d&rsquo;\u00e9v\u00e9nements.<\/li>\n<li>Int\u00e9grez \u00e0 Google Maps pour fournir des instructions pr\u00e9cises pour vos participants.<\/li>\n<li>Permettez aux organisateurs d&rsquo;\u00e9v\u00e9nements de g\u00e9rer facilement plusieurs emplacements dans le m\u00eame \u00e9v\u00e9nement.<\/li>\n<li>Mettre \u00e0 jour instantan\u00e9ment les d\u00e9tails de l&#8217;emplacement si quelque chose change, en gardant les participants dans la boucle.<\/li>\n<li>Am\u00e9liorez la planification des \u00e9v\u00e9nements en fournissant des informations de localisation d\u00e9taill\u00e9es aux clients.<\/li>\n<\/ul>\n","protected":false},"excerpt":{"rendered":"<p>La fonctionnalit\u00e9 de localisation avanc\u00e9e des \u00e9v\u00e9nements modernes sert de ressource id\u00e9ale pour les planificateurs d&rsquo;\u00e9v\u00e9nements et les entreprises qui cherchent \u00e0 d\u00e9velopper des pages d&rsquo;\u00e9v\u00e9nements qui sont \u00e0 la fois transparentes et visuellement captivantes. En tirant parti de cet outil, les utilisateurs acqui\u00e8rent la possibilit\u00e9 d&rsquo;incorporer sans effort des formats divers, tels que les adresses et les coordonn\u00e9es, dans leurs \u00e9v\u00e9nements, garantissant ainsi que les participants peuvent trouver facilement l&rsquo;\u00e9v\u00e9nement tout en simplifiant simultan\u00e9ment le processus de planification. De plus, la fonction de localisation avanc\u00e9e facilite les options de personnalisation avanc\u00e9es, permettant la cr\u00e9ation de pages d&rsquo;\u00e9v\u00e9nements distinctes et captivantes. Pour ceux qui aspirent \u00e0 \u00e9lever leurs efforts de planification des \u00e9v\u00e9nements \u00e0 de nouveaux sommets, la fonctionnalit\u00e9 de localisation avanc\u00e9e des \u00e9v\u00e9nements modernes repr\u00e9sente la solution ultime.<\/p>\n","protected":false},"featured_media":144560,"comment_status":"open","ping_status":"open","template":"","meta":[],"product_brand":[2504],"product_cat":[1189,1181,1186],"product_tag":[1394],"class_list":{"0":"post-120203","1":"product","2":"type-product","3":"status-publish","4":"has-post-thumbnail","6":"product_brand-webnus","7":"product_cat-personnalisation","8":"product_cat-plugins","9":"product_cat-wordpress-plugins","10":"product_tag-webnus","11":"member-discount","12":"discount-restricted","14":"first","15":"instock","16":"sale","17":"downloadable","18":"virtual","19":"sold-individually","20":"purchasable","21":"product-type-simple"},"_links":{"self":[{"href":"https:\/\/gpl-love.com\/fr\/wp-json\/wp\/v2\/product\/120203","targetHints":{"allow":["GET"]}}],"collection":[{"href":"https:\/\/gpl-love.com\/fr\/wp-json\/wp\/v2\/product"}],"about":[{"href":"https:\/\/gpl-love.com\/fr\/wp-json\/wp\/v2\/types\/product"}],"replies":[{"embeddable":true,"href":"https:\/\/gpl-love.com\/fr\/wp-json\/wp\/v2\/comments?post=120203"}],"wp:featuredmedia":[{"embeddable":true,"href":"https:\/\/gpl-love.com\/fr\/wp-json\/wp\/v2\/media\/144560"}],"wp:attachment":[{"href":"https:\/\/gpl-love.com\/fr\/wp-json\/wp\/v2\/media?parent=120203"}],"wp:term":[{"taxonomy":"product_brand","embeddable":true,"href":"https:\/\/gpl-love.com\/fr\/wp-json\/wp\/v2\/product_brand?post=120203"},{"taxonomy":"product_cat","embeddable":true,"href":"https:\/\/gpl-love.com\/fr\/wp-json\/wp\/v2\/product_cat?post=120203"},{"taxonomy":"product_tag","embeddable":true,"href":"https:\/\/gpl-love.com\/fr\/wp-json\/wp\/v2\/product_tag?post=120203"}],"curies":[{"name":"wp","href":"https:\/\/api.w.org\/{rel}","templated":true}]}}