{"id":120201,"date":"2025-01-21T00:00:00","date_gmt":"2025-01-20T23:00:00","guid":{"rendered":"https:\/\/gpl-love.com\/fr\/produit\/modern-events-calendar-advanced-organizer\/"},"modified":"2026-04-10T18:31:46","modified_gmt":"2026-04-10T16:31:46","slug":"modern-events-calendar-advanced-organizer","status":"publish","type":"product","link":"https:\/\/gpl-love.com\/fr\/produit\/modern-events-calendar-advanced-organizer\/","title":{"rendered":"Modern Events Calendar Advanced Organizer 1.3.5"},"content":{"rendered":"<h3>Modern Events Calendar Advanced Organizer Traits<\/h3>\n<p>L&rsquo;organisateur avanc\u00e9 des \u00e9v\u00e9nements modernes est un outil tout compris et complet qui a \u00e9t\u00e9 sp\u00e9cialement con\u00e7u dans le but de simplifier la t\u00e2che complexe et multiforme de la gestion d&rsquo;\u00e9v\u00e9nements. En raison de son interface exceptionnellement conviviale, ce logiciel de pointe permet la cr\u00e9ation sans effort, l&rsquo;\u00e9dition et l&rsquo;organisation globale d&rsquo;une gamme diversifi\u00e9e d&rsquo;\u00e9v\u00e9nements dans une vari\u00e9t\u00e9 de formats. Packed with an impressive array of features, this formidable tool offers an extensive selection of functionalities, including but not limited to, the ability to seamlessly schedule recurring events, facilitate hassle-free ticketing procedures, efficiently manage bookings, and seamlessly integrate with the most popular et les passerelles de paiement largement utilis\u00e9es. De plus, avec une vue de calendrier enti\u00e8rement personnalisable, cette ressource inestimable vous permet de pr\u00e9senter vos \u00e9v\u00e9nements d&rsquo;une mani\u00e8re adapt\u00e9e \u00e0 vos exigences et pr\u00e9f\u00e9rences sp\u00e9cifiques. Que vous soyez un planificateur d&rsquo;\u00e9v\u00e9nements, un propri\u00e9taire d&rsquo;entreprise ou un organisateur communautaire d\u00e9di\u00e9, l&rsquo;organisateur avanc\u00e9 du calendrier des \u00e9v\u00e9nements modernes repr\u00e9sente la solution ultime qui vous permettra de rationaliser vos processus de gestion d&rsquo;\u00e9v\u00e9nements avec une efficacit\u00e9 et garantir l&rsquo;ex\u00e9cution transparente de l&rsquo;ex\u00e9cution de transport de la nette vos \u00e9v\u00e9nements.<\/p>\n<ul>\n<li>Rationaliser l&rsquo;organisation des \u00e9v\u00e9nements avec une plate-forme moderne et intuitive qui simplifie le processus du d\u00e9but \u00e0 la fin.<\/li>\n<li>Gardez votre horaire organis\u00e9 de mani\u00e8re transparente avec un outil complet qui couvre tout, de la planification \u00e0 l&rsquo;ex\u00e9cution.<\/li>\n<li>Engagez votre public avec des pages d&rsquo;\u00e9v\u00e9nements magnifiquement con\u00e7ues qui impressionnent et attirent vos participants.<\/li>\n<li>Maximisez votre port\u00e9e avec l&rsquo;int\u00e9gration des m\u00e9dias sociaux qui vous permet de partager rapidement des \u00e9v\u00e9nements sur diff\u00e9rents canaux.<\/li>\n<li>Personnalisez les pages d&rsquo;\u00e9v\u00e9nements avec une gamme d&rsquo;options, des niveaux de prix et de la billetterie aux d\u00e9tails de localisation et aux formulaires de r\u00e9servation.<\/li>\n<li>Simplifiez la gestion des \u00e9v\u00e9nements avec des outils puissants qui vous permettent de suivre les participants, d&rsquo;envoyer des rappels et de g\u00e9rer facilement les listes d&rsquo;invit\u00e9s.<\/li>\n<li>Am\u00e9liorez la commercialisation de vos \u00e9v\u00e9nements avec des fonctionnalit\u00e9s avanc\u00e9es telles que les widgets \u00e0 rebours, les \u00e9v\u00e9nements r\u00e9currents, etc.<\/li>\n<li>Am\u00e9liorez la communication et l&rsquo;engagement des participants avec des outils de messagerie faciles \u00e0 utiliser int\u00e9gr\u00e9s directement \u00e0 la plate-forme.<\/li>\n<li>Que vous organisiez une r\u00e9union des petites entreprises ou une conf\u00e9rence \u00e0 grande \u00e9chelle, le calendrier des \u00e9v\u00e9nements modernes vous permet de cr\u00e9er, promouvoir et g\u00e9rer vos \u00e9v\u00e9nements en toute confiance.<\/li>\n<\/ul>\n","protected":false},"excerpt":{"rendered":"<p>L&rsquo;organisateur avanc\u00e9 des \u00e9v\u00e9nements modernes, un outil exceptionnel con\u00e7u pour g\u00e9rer sans effort vos \u00e9v\u00e9nements, propose une gamme de fonctionnalit\u00e9s avanc\u00e9es qui vous permettent de g\u00e9rer des exp\u00e9riences d&rsquo;\u00e9v\u00e9nements remarquables, laissant une marque ind\u00e9l\u00e9bile sur vos participants. Avec ses dispositions d&rsquo;\u00e9v\u00e9nements personnalisables, ses capacit\u00e9s de gestion des billets et la possibilit\u00e9 de suivre les RSVP, cet organisateur in\u00e9gal\u00e9 garantit une organisation et une ex\u00e9cution transparentes, que vous orchestrant une collecte intime ou une conf\u00e9rence \u00e0 grande \u00e9chelle. Embarquez dans la planification de votre prochain \u00e9v\u00e9nement aujourd&rsquo;hui, en tirant parti du puissant organisateur avanc\u00e9 du calendrier des \u00e9v\u00e9nements modernes!<\/p>\n","protected":false},"featured_media":144562,"comment_status":"open","ping_status":"open","template":"","meta":[],"product_brand":[2504],"product_cat":[1189,1181,1186],"product_tag":[1394],"class_list":{"0":"post-120201","1":"product","2":"type-product","3":"status-publish","4":"has-post-thumbnail","6":"product_brand-webnus","7":"product_cat-personnalisation","8":"product_cat-plugins","9":"product_cat-wordpress-plugins","10":"product_tag-webnus","11":"member-discount","12":"discount-restricted","14":"first","15":"instock","16":"sale","17":"downloadable","18":"virtual","19":"sold-individually","20":"purchasable","21":"product-type-simple"},"_links":{"self":[{"href":"https:\/\/gpl-love.com\/fr\/wp-json\/wp\/v2\/product\/120201","targetHints":{"allow":["GET"]}}],"collection":[{"href":"https:\/\/gpl-love.com\/fr\/wp-json\/wp\/v2\/product"}],"about":[{"href":"https:\/\/gpl-love.com\/fr\/wp-json\/wp\/v2\/types\/product"}],"replies":[{"embeddable":true,"href":"https:\/\/gpl-love.com\/fr\/wp-json\/wp\/v2\/comments?post=120201"}],"wp:featuredmedia":[{"embeddable":true,"href":"https:\/\/gpl-love.com\/fr\/wp-json\/wp\/v2\/media\/144562"}],"wp:attachment":[{"href":"https:\/\/gpl-love.com\/fr\/wp-json\/wp\/v2\/media?parent=120201"}],"wp:term":[{"taxonomy":"product_brand","embeddable":true,"href":"https:\/\/gpl-love.com\/fr\/wp-json\/wp\/v2\/product_brand?post=120201"},{"taxonomy":"product_cat","embeddable":true,"href":"https:\/\/gpl-love.com\/fr\/wp-json\/wp\/v2\/product_cat?post=120201"},{"taxonomy":"product_tag","embeddable":true,"href":"https:\/\/gpl-love.com\/fr\/wp-json\/wp\/v2\/product_tag?post=120201"}],"curies":[{"name":"wp","href":"https:\/\/api.w.org\/{rel}","templated":true}]}}