{"id":120199,"date":"2025-10-28T00:00:00","date_gmt":"2025-10-27T23:00:00","guid":{"rendered":"https:\/\/gpl-love.com\/fr\/produit\/eventon-rsvp-events-waitlist\/"},"modified":"2026-03-20T23:05:01","modified_gmt":"2026-03-20T22:05:01","slug":"eventon-rsvp-events-waitlist","status":"publish","type":"product","link":"https:\/\/gpl-love.com\/fr\/produit\/eventon-rsvp-events-waitlist\/","title":{"rendered":"EventOn RSVP Events Waitlist 1.1.5"},"content":{"rendered":"<h3>EventOn RSVP Events Waitlist Traits<\/h3>\n<p>La liste d&rsquo;attente Eventon RSVP Events sert d&rsquo;outil tr\u00e8s efficace pour g\u00e9rer et superviser efficacement votre liste d&rsquo;invit\u00e9s pour un \u00e9v\u00e9nement donn\u00e9. Ce logiciel exceptionnel vous permet d&rsquo;\u00e9tablir sans effort une liste d&rsquo;attente pour votre \u00e9v\u00e9nement, garantissant par cons\u00e9quent votre capacit\u00e9 \u00e0 surveiller m\u00e9ticuleusement le nombre de participants pr\u00e9vus, garantissant ainsi que chaque individu poss\u00e8de un endroit s\u00fbr. En raison de son interface conviviale et de son processus de configuration simple, vous pouvez commencer rapidement votre voyage vers l&rsquo;accumulation de RSVP de vos invit\u00e9s estim\u00e9s. De plus, gr\u00e2ce \u00e0 son \u00e9ventail global de fonctionnalit\u00e9s de rapports et d&rsquo;analyses, vous \u00eates en mesure de surveiller la pr\u00e9sence de votre \u00e9v\u00e9nement, acqu\u00e9rant ainsi des informations inestimables concernant les tendances comportementales de vos participants. Que vous soyez en proie \u00e0 l&rsquo;organisation d&rsquo;un rassemblement intime ou \u00e0 l&rsquo;orchestration d&rsquo;une conf\u00e9rence \u00e9labor\u00e9e, la liste d&rsquo;attente des \u00e9v\u00e9nements Eventon RSVP repr\u00e9sente ind\u00e9niablement la solution par excellence pour g\u00e9rer efficacement votre liste de clients exclusive tout en garantissant simultan\u00e9ment que chaque participant jouit d&rsquo;une exp\u00e9rience exceptionnelle et inoubliable lors de votre \u00e9v\u00e9nement.<\/p>\n<ul>\n<li>Options de liste d&rsquo;attente avanc\u00e9es pour les \u00e9v\u00e9nements RSVP Eventon<\/li>\n<li>Garde les participants int\u00e9ress\u00e9s et disponibles<\/li>\n<li>Envoie des notifications automatiques lorsque l&rsquo;espace devient disponible<\/li>\n<li>Param\u00e8tres de liste d&rsquo;attente personnalisables pour r\u00e9pondre aux besoins de l&rsquo;\u00e9v\u00e9nement<\/li>\n<li>Int\u00e8gre de mani\u00e8re transparente aux \u00e9v\u00e9nements Eventon RSVP<\/li>\n<li>Augmente les taux de fr\u00e9quentation globaux en maximisant les espaces d&rsquo;\u00e9v\u00e9nements<\/li>\n<li>Interface facile \u00e0 utiliser pour les organisateurs d&rsquo;\u00e9v\u00e9nements et les participants<\/li>\n<li>\u00c9conomise du temps et des efforts pour g\u00e9rer manuellement les listes d&rsquo;attente<\/li>\n<li>Fournit des donn\u00e9es pr\u00e9cieuses sur le comportement et l&rsquo;int\u00e9r\u00eat des participants<\/li>\n<li>Am\u00e9liore la planification et la gestion des \u00e9v\u00e9nements \u00e0 long terme.<\/li>\n<\/ul>\n","protected":false},"excerpt":{"rendered":"<p>L&rsquo;utilisation de la liste d&rsquo;attente des \u00e9v\u00e9nements Eventon RSVP constitue un m\u00e9canisme tr\u00e8s puissant pour administrer efficacement les inscriptions des \u00e9v\u00e9nements. En employant ce logiciel, on se permettait de surveiller sans effort les personnes qui ont confirm\u00e9 leur pr\u00e9sence \u00e0 l&rsquo;\u00e9v\u00e9nement, ainsi que celles qui ont \u00e9t\u00e9 plac\u00e9es sur la liste d&rsquo;attente. De plus, en raison de l&rsquo;inclusion de formulaires RSVP personnalisables et d&rsquo;int\u00e9gration transparente avec des syst\u00e8mes de paiement pro\u00e9minents, on peut facilement amasser les paiements et superviser efficacement la compilation de la liste des invit\u00e9s dans un emplacement singulier. De plus, la fourniture de notifications et de rappels de courrier \u00e9lectronique automatis\u00e9s facilite la communication transparente entre l&rsquo;h\u00f4te et leurs invit\u00e9s. Que l&rsquo;on organise un rassemblement intime ou une vaste conf\u00e9rence, la liste d&rsquo;attente des \u00e9v\u00e9nements RSVP Eventon sert d&rsquo;outil inestimable pour rationaliser et r\u00e9glementer les proc\u00e9dures de l&rsquo;\u00e9v\u00e9nement.<\/p>\n","protected":false},"featured_media":143811,"comment_status":"open","ping_status":"open","template":"","meta":[],"product_brand":[2540],"product_cat":[1189,1181,1186],"product_tag":[1267],"class_list":{"0":"post-120199","1":"product","2":"type-product","3":"status-publish","4":"has-post-thumbnail","6":"product_brand-eventon","7":"product_cat-personnalisation","8":"product_cat-plugins","9":"product_cat-wordpress-plugins","10":"product_tag-eventon","11":"member-discount","12":"discount-restricted","14":"first","15":"instock","16":"sale","17":"downloadable","18":"virtual","19":"sold-individually","20":"purchasable","21":"product-type-simple"},"_links":{"self":[{"href":"https:\/\/gpl-love.com\/fr\/wp-json\/wp\/v2\/product\/120199","targetHints":{"allow":["GET"]}}],"collection":[{"href":"https:\/\/gpl-love.com\/fr\/wp-json\/wp\/v2\/product"}],"about":[{"href":"https:\/\/gpl-love.com\/fr\/wp-json\/wp\/v2\/types\/product"}],"replies":[{"embeddable":true,"href":"https:\/\/gpl-love.com\/fr\/wp-json\/wp\/v2\/comments?post=120199"}],"wp:featuredmedia":[{"embeddable":true,"href":"https:\/\/gpl-love.com\/fr\/wp-json\/wp\/v2\/media\/143811"}],"wp:attachment":[{"href":"https:\/\/gpl-love.com\/fr\/wp-json\/wp\/v2\/media?parent=120199"}],"wp:term":[{"taxonomy":"product_brand","embeddable":true,"href":"https:\/\/gpl-love.com\/fr\/wp-json\/wp\/v2\/product_brand?post=120199"},{"taxonomy":"product_cat","embeddable":true,"href":"https:\/\/gpl-love.com\/fr\/wp-json\/wp\/v2\/product_cat?post=120199"},{"taxonomy":"product_tag","embeddable":true,"href":"https:\/\/gpl-love.com\/fr\/wp-json\/wp\/v2\/product_tag?post=120199"}],"curies":[{"name":"wp","href":"https:\/\/api.w.org\/{rel}","templated":true}]}}