{"id":120197,"date":"2025-02-20T00:00:00","date_gmt":"2025-02-19T23:00:00","guid":{"rendered":"https:\/\/gpl-love.com\/fr\/produit\/modern-events-calendar-advanced-speaker\/"},"modified":"2026-04-10T18:31:47","modified_gmt":"2026-04-10T16:31:47","slug":"modern-events-calendar-advanced-speaker","status":"publish","type":"product","link":"https:\/\/gpl-love.com\/fr\/produit\/modern-events-calendar-advanced-speaker\/","title":{"rendered":"Modern Events Calendar Advanced Speaker 1.3.5"},"content":{"rendered":"<h3>Modern Events Calendar Advanced Speaker Traits<\/h3>\n<p>Le conf\u00e9rencier avanc\u00e9 des \u00e9v\u00e9nements modernes est un appareil exemplaire qui d\u00e9tient une grande puissance, b\u00e9n\u00e9ficiant aux organisateurs d&rsquo;\u00e9v\u00e9nements qui recherchent activement des m\u00e9thodes pour \u00e9lever leurs \u00e9v\u00e9nements \u00e0 un niveau sans pr\u00e9c\u00e9dent d&rsquo;excellence auditive. Ce haut-parleur remarquable de mani\u00e8re complexe pour fournir des travers\u00e9es de qualit\u00e9 sonore impeccables \u00e0 travers le spectre des types d&rsquo;\u00e9v\u00e9nements, s&rsquo;\u00e9tendant du milieu exquis des conf\u00e9rences et s\u00e9minaires \u00e0 l&rsquo;ambiance jubilante des mariages et des parties. Ses progr\u00e8s technologiques de pointe garantissent la distribution uniforme et \u00e9quitable des ondes sonores tout au long de l&rsquo;\u00e9tendue de la salle, garantissant que chaque participant \u00e0 proximit\u00e9 peut discerner et comprendre sans effort chaque syllabe prononc\u00e9e avec la plus grande clart\u00e9 et pr\u00e9cision. Orn\u00e9 d&rsquo;un design contemporain et \u00e9l\u00e9gant, ce conf\u00e9rencier avanc\u00e9 des \u00e9v\u00e9nements modernes est impr\u00e9gn\u00e9 d&rsquo;une interface qui est conviviale et sans effort navigable, ce qui le rend un ajout indispensable au r\u00e9pertoire des essentiels dans la bo\u00eete \u00e0 outils de chaque planificateur d&rsquo;\u00e9v\u00e9nements assaisonn\u00e9. Quelle que soit l&rsquo;ampleur du rassemblement \u00e0 port\u00e9e de main, qu&rsquo;il s&rsquo;agisse d&rsquo;un rassemblement intime ou d&rsquo;un symposium grandiose, cet haut-parleur d&rsquo;avant-garde sera indubitablement le conduit pour une exp\u00e9rience enchanteresse et ind\u00e9l\u00e9bile qui s&rsquo;allumera \u00e0 la m\u00e9moire de vos invit\u00e9s estim\u00e9s pendant des ann\u00e9es venir.<\/p>\n<ul>\n<li>Con\u00e7u sp\u00e9cifiquement pour la gestion des \u00e9v\u00e9nements et la planification des conf\u00e9renciers<\/li>\n<li>Fonctionnalit\u00e9s avanc\u00e9es pour g\u00e9rer plusieurs conf\u00e9renciers et \u00e9v\u00e9nements<\/li>\n<li>Interface facile \u00e0 utiliser pour l&rsquo;organisation et l&rsquo;\u00e9dition d&rsquo;informations sur les conf\u00e9renciers<\/li>\n<li>Planiques d&rsquo;\u00e9v\u00e9nements personnalisables avec des options pour les d\u00e9tails des conf\u00e9renciers et les heures de session<\/li>\n<li>Int\u00e9gration avec des plateformes WordPress populaires et d&rsquo;autres outils de gestion d&rsquo;\u00e9v\u00e9nements<\/li>\n<li>Mises \u00e0 jour et notifications en temps r\u00e9el pour les modifications des horaires des conf\u00e9renciers<\/li>\n<li>Int\u00e9gration transparente avec d&rsquo;autres plugins de calendrier des \u00e9v\u00e9nements modernes pour les capacit\u00e9s am\u00e9lior\u00e9es de gestion d&rsquo;\u00e9v\u00e9nements<\/li>\n<li>Des fonctions de recherche et de filtre puissantes pour trouver des haut-parleurs et des \u00e9v\u00e9nements en fonction de crit\u00e8res sp\u00e9cifiques<\/li>\n<li>Sensible au mobile et optimis\u00e9 pour la visualisation sur n&rsquo;importe quelle taille d&rsquo;\u00e9cran<\/li>\n<li>Documentation approfondie et support client disponibles \u00e0 des fins de d\u00e9pannage et de formation.<\/li>\n<\/ul>\n","protected":false},"excerpt":{"rendered":"<p>Le calendrier des \u00e9v\u00e9nements modernes, le conf\u00e9rencier avanc\u00e9 sert de ressource incroyablement robuste pour les organisateurs d&rsquo;\u00e9v\u00e9nements qui souhaitent mettre en \u00e9vidence un \u00e9ventail de conf\u00e9renciers. Offrant une gamme d&rsquo;options de personnalisation avanc\u00e9es, cet outil permet aux utilisateurs de fabriquer des profils de conf\u00e9rences visuellement attrayants qui englobent des biographies engageantes, des photographies captivantes et des liens pratiques vers diverses plateformes de m\u00e9dias sociaux. De plus, ce plugin s&rsquo;int\u00e8gre de mani\u00e8re transparente au calendrier des \u00e9v\u00e9nements modernes, rationalisant ainsi l&rsquo;ensemble du processus de planification et de gestion efficace des conf\u00e9rences pour votre \u00e9v\u00e9nement. En tirant parti du conf\u00e9rencier avanc\u00e9 du calendrier des \u00e9v\u00e9nements modernes, vous avez la possibilit\u00e9 de vous distinguer de vos concurrents et de g\u00e9n\u00e9rer une excitation et une anticipation substantielles entourant votre prochain \u00e9v\u00e9nement.<\/p>\n","protected":false},"featured_media":144563,"comment_status":"open","ping_status":"open","template":"","meta":[],"product_brand":[2504],"product_cat":[1189,1181,1186],"product_tag":[1394],"class_list":{"0":"post-120197","1":"product","2":"type-product","3":"status-publish","4":"has-post-thumbnail","6":"product_brand-webnus","7":"product_cat-personnalisation","8":"product_cat-plugins","9":"product_cat-wordpress-plugins","10":"product_tag-webnus","11":"member-discount","12":"discount-restricted","14":"first","15":"instock","16":"sale","17":"downloadable","18":"virtual","19":"sold-individually","20":"purchasable","21":"product-type-simple"},"_links":{"self":[{"href":"https:\/\/gpl-love.com\/fr\/wp-json\/wp\/v2\/product\/120197","targetHints":{"allow":["GET"]}}],"collection":[{"href":"https:\/\/gpl-love.com\/fr\/wp-json\/wp\/v2\/product"}],"about":[{"href":"https:\/\/gpl-love.com\/fr\/wp-json\/wp\/v2\/types\/product"}],"replies":[{"embeddable":true,"href":"https:\/\/gpl-love.com\/fr\/wp-json\/wp\/v2\/comments?post=120197"}],"wp:featuredmedia":[{"embeddable":true,"href":"https:\/\/gpl-love.com\/fr\/wp-json\/wp\/v2\/media\/144563"}],"wp:attachment":[{"href":"https:\/\/gpl-love.com\/fr\/wp-json\/wp\/v2\/media?parent=120197"}],"wp:term":[{"taxonomy":"product_brand","embeddable":true,"href":"https:\/\/gpl-love.com\/fr\/wp-json\/wp\/v2\/product_brand?post=120197"},{"taxonomy":"product_cat","embeddable":true,"href":"https:\/\/gpl-love.com\/fr\/wp-json\/wp\/v2\/product_cat?post=120197"},{"taxonomy":"product_tag","embeddable":true,"href":"https:\/\/gpl-love.com\/fr\/wp-json\/wp\/v2\/product_tag?post=120197"}],"curies":[{"name":"wp","href":"https:\/\/api.w.org\/{rel}","templated":true}]}}