{"id":120195,"date":"2025-09-22T00:00:00","date_gmt":"2025-09-21T22:00:00","guid":{"rendered":"https:\/\/gpl-love.com\/fr\/produit\/woocommerce-api-product-sync-with-multiple-woocommerce-stores\/"},"modified":"2026-04-10T18:46:05","modified_gmt":"2026-04-10T16:46:05","slug":"woocommerce-api-product-sync-with-multiple-woocommerce-stores","status":"publish","type":"product","link":"https:\/\/gpl-love.com\/fr\/produit\/woocommerce-api-product-sync-with-multiple-woocommerce-stores\/","title":{"rendered":"WooCommerce API Product Sync with Multiple WooCommerce Stores 3.1.0"},"content":{"rendered":"<h3>WooCommerce API Product Sync with Multiple WooCommerce Stores Traits<\/h3>\n<p>La synchronisation des produits API WooCommerce avec plusieurs magasins WooCommerce est un outil extr\u00eamement puissant qui permet aux entreprises de synchroniser de mani\u00e8re transparente leurs produits dans une multitude de magasins WooCommerce. En utilisant cette synchronisation innovante de produits, les entreprises ont la commodit\u00e9 de g\u00e9rer sans effort leur inventaire, les prix et la disponibilit\u00e9 de leurs produits dans divers magasins distincts. Par cons\u00e9quent, cela facilite la rationalisation des processus op\u00e9rationnels et att\u00e9nue efficacement les risques inh\u00e9rents associ\u00e9s aux produits sur vendange ou sous-vendus. La synchronisation des produits de l&rsquo;API WooCommerce poss\u00e8de une interface conviviale, qui garantit une facilit\u00e9 d&rsquo;utilisation, et peut \u00eatre adapt\u00e9e parfaitement \u00e0 r\u00e9pondre aux exigences distinctives de toute entreprise. Cet outil indispensable est une n\u00e9cessit\u00e9 absolue pour les entreprises qui exploitent plusieurs magasins WooCommerce, cherchant \u00e0 am\u00e9liorer leur productivit\u00e9 globale et leur efficacit\u00e9 op\u00e9rationnelle.<\/p>\n<ul>\n<li>Permet une synchronisation transparente des produits dans plusieurs magasins WooCommerce<\/li>\n<li>Utilise l&rsquo;API WooCommerce pour garantir la pr\u00e9cision et la fiabilit\u00e9<\/li>\n<li>Gagasse du temps et des efforts en \u00e9liminant le besoin de mises \u00e0 jour manuelles sur les produits sur chaque magasin<\/li>\n<li>Maintient les stocks \u00e0 jour et coh\u00e9rents dans tous les magasins<\/li>\n<li>Peut \u00eatre personnalis\u00e9 pour r\u00e9pondre aux besoins sp\u00e9cifiques de chaque magasin<\/li>\n<li>Aide \u00e0 pr\u00e9venir les erreurs et les \u00e9carts dans les listes de produits<\/li>\n<li>Une solution rentable pour g\u00e9rer efficacement plusieurs magasins WooCommerce<\/li>\n<li>Fournit la synchronisation en temps r\u00e9el des donn\u00e9es sur les produits, les prix et les niveaux d&rsquo;inventaire<\/li>\n<li>Int\u00e9gre parfaitement les plates-formes et outils de commerce \u00e9lectronique tiers populaires<\/li>\n<li>Offre le support client et l&rsquo;assistance pour tout probl\u00e8me ou question technique.<\/li>\n<\/ul>\n","protected":false},"excerpt":{"rendered":"<p>Nous sommes ravis de pr\u00e9senter notre synchronisation de produits API WooCommerce tr\u00e8s sophistiqu\u00e9e et technologiquement avanc\u00e9e, un outil exceptionnel m\u00e9ticuleusement con\u00e7u pour harmoniser et synchroniser de mani\u00e8re transparente des donn\u00e9es de produits cruciales dans plusieurs magasins WooCommerce. Gr\u00e2ce \u00e0 notre solution ing\u00e9nieuse, vous pouvez d\u00e9sormais superviser et contr\u00f4ler efficacement les aspects vitaux tels que l&rsquo;inventaire des produits, les prix et la disponibilit\u00e9, le tout \u00e0 partir d&rsquo;une plate-forme centralis\u00e9e et facilement accessible. Cela garantit que chacun de vos magasins WooCommerce sera constamment \u00e9quip\u00e9 des informations sur les produits les plus \u00e0 jour et les plus pr\u00e9cises, \u00e9liminant toutes les \u00e9carts ou inexactitudes. Notre synchronisation r\u00e9volutionnaire de produits API WooCommerce est la panac\u00e9e ultime pour les d\u00e9taillants qui aspirent \u00e0 optimiser leurs op\u00e9rations en \u00e9conomisant un temps pr\u00e9cieux, en att\u00e9nuant les erreurs co\u00fbteuses et en rationalisant leurs processus de vente en ligne. N&rsquo;h\u00e9sitez plus et entrez dans ce voyage transformateur en essayant notre solution exceptionnelle aujourd&rsquo;hui, propulsant finalement votre entreprise vers un niveau d&rsquo;efficacit\u00e9 et de rentabilit\u00e9 accru.<\/p>\n","protected":false},"featured_media":145805,"comment_status":"open","ping_status":"open","template":"","meta":[],"product_brand":[2435],"product_cat":[1182,1223,1181],"product_tag":[1231],"class_list":{"0":"post-120195","1":"product","2":"type-product","3":"status-publish","4":"has-post-thumbnail","6":"product_brand-codecanyon","7":"product_cat-commerce-electronique-plugins","8":"product_cat-personnalisation-commerce-electronique-plugins","9":"product_cat-plugins","10":"product_tag-codecanyon","11":"member-discount","12":"discount-restricted","14":"first","15":"instock","16":"sale","17":"downloadable","18":"virtual","19":"sold-individually","20":"purchasable","21":"product-type-simple"},"_links":{"self":[{"href":"https:\/\/gpl-love.com\/fr\/wp-json\/wp\/v2\/product\/120195","targetHints":{"allow":["GET"]}}],"collection":[{"href":"https:\/\/gpl-love.com\/fr\/wp-json\/wp\/v2\/product"}],"about":[{"href":"https:\/\/gpl-love.com\/fr\/wp-json\/wp\/v2\/types\/product"}],"replies":[{"embeddable":true,"href":"https:\/\/gpl-love.com\/fr\/wp-json\/wp\/v2\/comments?post=120195"}],"wp:featuredmedia":[{"embeddable":true,"href":"https:\/\/gpl-love.com\/fr\/wp-json\/wp\/v2\/media\/145805"}],"wp:attachment":[{"href":"https:\/\/gpl-love.com\/fr\/wp-json\/wp\/v2\/media?parent=120195"}],"wp:term":[{"taxonomy":"product_brand","embeddable":true,"href":"https:\/\/gpl-love.com\/fr\/wp-json\/wp\/v2\/product_brand?post=120195"},{"taxonomy":"product_cat","embeddable":true,"href":"https:\/\/gpl-love.com\/fr\/wp-json\/wp\/v2\/product_cat?post=120195"},{"taxonomy":"product_tag","embeddable":true,"href":"https:\/\/gpl-love.com\/fr\/wp-json\/wp\/v2\/product_tag?post=120195"}],"curies":[{"name":"wp","href":"https:\/\/api.w.org\/{rel}","templated":true}]}}