{"id":120193,"date":"2021-11-30T00:00:00","date_gmt":"2021-11-29T23:00:00","guid":{"rendered":"https:\/\/gpl-love.com\/fr\/produit\/premium-seo-pack-wordpress-plugin\/"},"modified":"2026-03-20T23:32:09","modified_gmt":"2026-03-20T22:32:09","slug":"premium-seo-pack-wordpress-plugin","status":"publish","type":"product","link":"https:\/\/gpl-love.com\/fr\/produit\/premium-seo-pack-wordpress-plugin\/","title":{"rendered":"Premium SEO Pack WordPress Plugin 3.3.2"},"content":{"rendered":"<h3>Premium SEO Pack WordPress Plugin Traits<\/h3>\n<p>Le plugin WordPress de SEO Pack Premium, qui est un outil global \u00e9quip\u00e9 d&rsquo;une multitude de fonctionnalit\u00e9s avanc\u00e9es, sert \u00e0 amplifier et \u00e0 affiner l&rsquo;optimisation du moteur de recherche de votre site Web estim\u00e9. Ce plugin remarquable profite \u00e0 une myriade de fonctionnalit\u00e9s de pointe qui contribuent collectivement \u00e0 l&rsquo;am\u00e9lioration du classement et de la pro\u00e9minence de votre site Web sur divers moteurs de recherche. Les composants remarquables de ce plugin comprennent un g\u00e9n\u00e9rateur de sitemap XML, une int\u00e9gration transparente avec Google Analytics, des capacit\u00e9s d&rsquo;optimisation des m\u00e9dias sociaux astucieuses, ainsi que la fourniture d&rsquo;options d&rsquo;optimisation d&rsquo;image. De plus, cet outil ing\u00e9nieux accorde \u00e0 ses utilisateurs la comp\u00e9tence inestimable de la r\u00e9alisation d&rsquo;une analyse des mots cl\u00e9s, de la forge des strat\u00e9gies de cr\u00e9ation de liens et de l&rsquo;optimisation du contenu de leur site Web avec la plus grande pr\u00e9cision afin de r\u00e9pondre aux pr\u00e9f\u00e9rences des moteurs de recherche. Gr\u00e2ce \u00e0 l&rsquo;utilisation du pack de r\u00e9f\u00e9rencement premium, vous pouvez surveiller et \u00e9valuer sans effort la trajectoire des performances d&rsquo;optimisation des moteurs de recherche de votre site Web tout en vous rendant simultan\u00e9ment bien \u00e9quip\u00e9 pour prendre des d\u00e9cisions judicieuses visant \u00e0 l&rsquo;augmentation de sa visibilit\u00e9 et de son attrait, ce qui a par la suite recueilli un trafic accru. En r\u00e9sum\u00e9, le pack SEO premium appara\u00eet comme une force indomptable dans le domaine de l&rsquo;optimisation des moteurs de recherche, caract\u00e9ris\u00e9e par sa convivialit\u00e9 inn\u00e9e et son efficacit\u00e9 in\u00e9gal\u00e9e, facilitant ainsi la r\u00e9alisation de r\u00e9sultats optimaux pour les efforts d&rsquo;optimisation des moteurs de recherche de votre site Web.<\/p>\n<ul>\n<li>Stimulez la visibilit\u00e9 de votre site WordPress sur les moteurs de recherche avec un plugin de pack SEO premium<\/li>\n<li>Meta Titre et description personnalis\u00e9s Tags pour chaque publication ou page<\/li>\n<li>G\u00e9n\u00e9rateur de sitemap XML int\u00e9gr\u00e9 pour une indexation facile par les moteurs de recherche<\/li>\n<li>Surveiller les classements des mots cl\u00e9s et suivre les progr\u00e8s au fil du temps<\/li>\n<li>Analyser et optimiser le contenu avec un outil de suggestion de mots cl\u00e9s int\u00e9gr\u00e9s<\/li>\n<li>Int\u00e9gration avanc\u00e9e des m\u00e9dias sociaux pour un partage et une promotion faciles<\/li>\n<li>Compatibilit\u00e9 avec les plugins de mise en cache populaires pour une vitesse de site optimis\u00e9e<\/li>\n<li>Soutien complet et documentation de d\u00e9veloppeurs exp\u00e9riment\u00e9s<\/li>\n<li>Mises \u00e0 jour et am\u00e9liorations r\u00e9guli\u00e8res pour suivre les tendances du r\u00e9f\u00e9rencement et les meilleures pratiques.<\/li>\n<\/ul>\n","protected":false},"excerpt":{"rendered":"<p>Le plugin WordPress de SEO Pack INTR ENTER, avec une gamme de fonctions formidables telles que la g\u00e9n\u00e9ration de sitemap XML, l&rsquo;int\u00e9gration des m\u00e9dias sociaux et les param\u00e8tres de m\u00e9ta avanc\u00e9s, sert d&rsquo;outil inestimable pour am\u00e9liorer la visibilit\u00e9 de votre site Web sur les moteurs de recherche. En exploitant sa multitude de fonctionnalit\u00e9s, vous pouvez renforcer sans effort le classement de votre site Web et attirer un plus grand nombre de visiteurs. Ce plugin fournit une suite compl\u00e8te de services, englobant une analyse des mots cl\u00e9s, des analyses d\u00e9taill\u00e9es et des rapports complets, vous \u00e9quipant ainsi de tous les outils n\u00e9cessaires pour maximiser votre pr\u00e9sence en ligne et vous connecter efficacement avec le public souhait\u00e9. En outre, l&rsquo;interface conviviale de ce plugin et la conception intuitive garantissent que m\u00eame les utilisateurs ayant une exp\u00e9rience limit\u00e9e peuvent enti\u00e8rement capitaliser sur ses capacit\u00e9s formidables. \u00c9levez vos prouesses de r\u00e9f\u00e9rencement avec le plugin WordPress de SEO Pack d&rsquo;entr\u00e9e Premium Pack.<\/p>\n","protected":false},"featured_media":145012,"comment_status":"open","ping_status":"open","template":"","meta":[],"product_brand":[2435],"product_cat":[1335,1181,1186],"product_tag":[1231],"class_list":{"0":"post-120193","1":"product","2":"type-product","3":"status-publish","4":"has-post-thumbnail","6":"product_brand-codecanyon","7":"product_cat-seo","8":"product_cat-plugins","9":"product_cat-wordpress-plugins","10":"product_tag-codecanyon","11":"member-discount","12":"discount-restricted","14":"first","15":"instock","16":"sale","17":"downloadable","18":"virtual","19":"sold-individually","20":"purchasable","21":"product-type-simple"},"_links":{"self":[{"href":"https:\/\/gpl-love.com\/fr\/wp-json\/wp\/v2\/product\/120193","targetHints":{"allow":["GET"]}}],"collection":[{"href":"https:\/\/gpl-love.com\/fr\/wp-json\/wp\/v2\/product"}],"about":[{"href":"https:\/\/gpl-love.com\/fr\/wp-json\/wp\/v2\/types\/product"}],"replies":[{"embeddable":true,"href":"https:\/\/gpl-love.com\/fr\/wp-json\/wp\/v2\/comments?post=120193"}],"wp:featuredmedia":[{"embeddable":true,"href":"https:\/\/gpl-love.com\/fr\/wp-json\/wp\/v2\/media\/145012"}],"wp:attachment":[{"href":"https:\/\/gpl-love.com\/fr\/wp-json\/wp\/v2\/media?parent=120193"}],"wp:term":[{"taxonomy":"product_brand","embeddable":true,"href":"https:\/\/gpl-love.com\/fr\/wp-json\/wp\/v2\/product_brand?post=120193"},{"taxonomy":"product_cat","embeddable":true,"href":"https:\/\/gpl-love.com\/fr\/wp-json\/wp\/v2\/product_cat?post=120193"},{"taxonomy":"product_tag","embeddable":true,"href":"https:\/\/gpl-love.com\/fr\/wp-json\/wp\/v2\/product_tag?post=120193"}],"curies":[{"name":"wp","href":"https:\/\/api.w.org\/{rel}","templated":true}]}}