{"id":120191,"date":"2025-11-15T00:00:00","date_gmt":"2025-11-14T23:00:00","guid":{"rendered":"https:\/\/gpl-love.com\/fr\/produit\/advanced-google-maps-plugin-pour-wordpress\/"},"modified":"2026-03-20T22:53:38","modified_gmt":"2026-03-20T21:53:38","slug":"advanced-google-maps-plugin-pour-wordpress","status":"publish","type":"product","link":"https:\/\/gpl-love.com\/fr\/produit\/advanced-google-maps-plugin-pour-wordpress\/","title":{"rendered":"Advanced Google Maps Plugin pour WordPress 6.0.4"},"content":{"rendered":"<h3>Advanced Google Maps Plugin pour WordPress Traits<\/h3>\n<p>L&rsquo;utilisation du plugin avanc\u00e9 Google Maps pour WordPress est consid\u00e9r\u00e9e comme un instrument puissant qui simplifie le processus d&rsquo;incorporation de cartes interactives dans votre site Web. Ce plugin le rend r\u00e9alisable pour que vous fasciez les marqueurs personnalis\u00e9s, les directions d&rsquo;ajout et m\u00eame de pr\u00e9senter des informations sur le trafic en temps r\u00e9el. De plus, vous avez la capacit\u00e9 d&rsquo;adapter l&rsquo;apparence et l&rsquo;ambiance de vos cartes afin qu&rsquo;elle s&rsquo;harmonise avec la conception globale de votre site Web. Que vous g\u00e9rez un blog ax\u00e9 sur les voyages, un r\u00e9pertoire commercial complet ou une plate-forme de commerce \u00e9lectronique, ce plugin est une n\u00e9cessit\u00e9 absolue pour les individus qui s&rsquo;efforcent d&rsquo;\u00e9lever la fonctionnalit\u00e9 et l&rsquo;exp\u00e9rience utilisateur de leur site Web. Avec son interface conviviale et son vaste tableau de fonctionnalit\u00e9s, le plugin avanc\u00e9 Google Maps pour WordPress appara\u00eet comme la r\u00e9solution ultime pour int\u00e9grer de mani\u00e8re transparente les cartes dans votre site Web.<\/p>\n<ul>\n<li>Int\u00e8gre de mani\u00e8re transparente l&rsquo;API Google Maps dans votre site Web WordPress<\/li>\n<li>Marqueurs de carte personnalisables et fen\u00eatres d&rsquo;information<\/li>\n<li>Capacit\u00e9 \u00e0 afficher plusieurs marqueurs et itin\u00e9raires de carte<\/li>\n<li>Prend en charge plusieurs styles de carte (feuille de route, satellite, terrain, etc.)<\/li>\n<li>Contr\u00f4les de carte personnalisables (zoom, d\u00e9filement, type de carte, etc.)<\/li>\n<li>Interface conviviale pour une cr\u00e9ation et une personnalisation faciles<\/li>\n<li>Prend en charge divers formats de carte (int\u00e9gration, carte unique, r\u00e9pertoire de carte, etc.)<\/li>\n<li>Niveau \u00e9lev\u00e9 de compatibilit\u00e9 avec la plupart des th\u00e8mes et plugins WordPress<\/li>\n<li>Mises \u00e0 jour r\u00e9guli\u00e8res et soutien du d\u00e9veloppeur<\/li>\n<li>Permet une int\u00e9gration facile avec d&rsquo;autres fonctionnalit\u00e9s WordPress (par exemple, l&rsquo;ajout de cartes aux poteaux ou pages)<\/li>\n<\/ul>\n","protected":false},"excerpt":{"rendered":"<p>Le plugin Google Maps avanc\u00e9 pour WordPress est un outil indispensable pour les propri\u00e9taires de sites Web. Il am\u00e9liore l&rsquo;interactivit\u00e9 du site Web et rend votre site plus convivial avec les plugins WordPress. Ce plugin WordPress remarquablement puissant offre un acc\u00e8s sans restriction aux fonctionnalit\u00e9s de pointe Google Maps, vous permettant de cr\u00e9er des cartes sur mesure pour WordPress. Vous pouvez pr\u00e9senter des emplacements avec Google Maps et repr\u00e9senter vos services et produits WordPress sous un tout nouveau jour.<\/p>\n<p>Ce plugin est livr\u00e9 avec une interface intuitive pour les plugins WordPress et propose une vaste gamme d&rsquo;options de personnalisation pour Google Maps. Si vous cherchez \u00e0 \u00e9lever votre site Web WordPress, c&rsquo;est l&rsquo;outil parfait pour vous. Explorez l&rsquo;impact transformateur de Google Maps avanc\u00e9 et am\u00e9liorez votre site WordPress avec Google Maps aujourd&rsquo;hui.<\/p>\n<p>Ne manquez pas l&rsquo;opportunit\u00e9 de profiter de ce plugin WordPress remarquablement puissant &#8211; un outil vraiment indispensable pour les propri\u00e9taires de sites Web. Il vous offre un acc\u00e8s sans restriction aux meilleures fonctionnalit\u00e9s et fonctionnalit\u00e9s de Google Maps, vous permettant de cr\u00e9er des cartes personnalis\u00e9es \u00e9poustouflantes qui pr\u00e9sentent de mani\u00e8re vivante vos emplacements, services et produits.<\/p>\n<p>Alors pourquoi attendre plus longtemps<\/p>\n","protected":false},"featured_media":143065,"comment_status":"open","ping_status":"open","template":"","meta":[],"product_brand":[2435],"product_cat":[1189,1181,1186],"product_tag":[1231],"class_list":{"0":"post-120191","1":"product","2":"type-product","3":"status-publish","4":"has-post-thumbnail","6":"product_brand-codecanyon","7":"product_cat-personnalisation","8":"product_cat-plugins","9":"product_cat-wordpress-plugins","10":"product_tag-codecanyon","11":"member-discount","12":"discount-restricted","14":"first","15":"instock","16":"sale","17":"downloadable","18":"virtual","19":"sold-individually","20":"purchasable","21":"product-type-simple"},"_links":{"self":[{"href":"https:\/\/gpl-love.com\/fr\/wp-json\/wp\/v2\/product\/120191","targetHints":{"allow":["GET"]}}],"collection":[{"href":"https:\/\/gpl-love.com\/fr\/wp-json\/wp\/v2\/product"}],"about":[{"href":"https:\/\/gpl-love.com\/fr\/wp-json\/wp\/v2\/types\/product"}],"replies":[{"embeddable":true,"href":"https:\/\/gpl-love.com\/fr\/wp-json\/wp\/v2\/comments?post=120191"}],"wp:featuredmedia":[{"embeddable":true,"href":"https:\/\/gpl-love.com\/fr\/wp-json\/wp\/v2\/media\/143065"}],"wp:attachment":[{"href":"https:\/\/gpl-love.com\/fr\/wp-json\/wp\/v2\/media?parent=120191"}],"wp:term":[{"taxonomy":"product_brand","embeddable":true,"href":"https:\/\/gpl-love.com\/fr\/wp-json\/wp\/v2\/product_brand?post=120191"},{"taxonomy":"product_cat","embeddable":true,"href":"https:\/\/gpl-love.com\/fr\/wp-json\/wp\/v2\/product_cat?post=120191"},{"taxonomy":"product_tag","embeddable":true,"href":"https:\/\/gpl-love.com\/fr\/wp-json\/wp\/v2\/product_tag?post=120191"}],"curies":[{"name":"wp","href":"https:\/\/api.w.org\/{rel}","templated":true}]}}