{"id":120187,"date":"2025-05-06T00:00:00","date_gmt":"2025-05-05T22:00:00","guid":{"rendered":"https:\/\/gpl-love.com\/fr\/produit\/eventon-slider\/"},"modified":"2026-03-20T23:05:04","modified_gmt":"2026-03-20T22:05:04","slug":"eventon-slider","status":"publish","type":"product","link":"https:\/\/gpl-love.com\/fr\/produit\/eventon-slider\/","title":{"rendered":"EventOn Slider 2.1.3"},"content":{"rendered":"<h3>EventOn Slider Traits<\/h3>\n<p>Le curseur Eventon propose une multitude de fonctionnalit\u00e9s puissantes et conviviales qui en font un excellent outil pour pr\u00e9senter efficacement vos \u00e9v\u00e9nements et vos promotions sur votre site Web. Ce curseur poss\u00e8de la capacit\u00e9 de g\u00e9n\u00e9rer des curseurs visuellement captivants et dynamiques qui captivent sans effort l&rsquo;attention des visiteurs de votre site Web, assurant leur engagement prolong\u00e9. De plus, le curseur Eventon est tr\u00e8s flexible et peut \u00eatre adapt\u00e9 \u00e0 vos exigences et pr\u00e9f\u00e9rences de conception sp\u00e9cifiques, vous permettant d&rsquo;int\u00e9grer de mani\u00e8re transparente vos propres images, texte et liens pour cr\u00e9er un curseur qui s&rsquo;aligne harmonieusement avec votre marque et communique efficacement votre message. De plus, ce curseur est enti\u00e8rement r\u00e9actif, ce qui signifie qu&rsquo;il s&rsquo;adapte sans effort \u00e0 n&rsquo;importe quel appareil ou taille d&rsquo;\u00e9cran, am\u00e9liorant davantage l&rsquo;exp\u00e9rience utilisateur globale. Que vous cherchiez \u00e0 promouvoir un \u00e9v\u00e9nement \u00e0 venir ou \u00e0 pr\u00e9senter vos derniers produits, le curseur Eventon sert d&rsquo;outil par excellence pour diffuser des informations et g\u00e9n\u00e9rer un afflux de trafic vers votre site Web.<\/p>\n<ul>\n<li>Curseur hautement personnalisable pour les \u00e9v\u00e9nements et les horaires<\/li>\n<li>Conception r\u00e9active pour l&rsquo;int\u00e9gration transparente<\/li>\n<li>Plusieurs mod\u00e8les au choix<\/li>\n<li>Possibilit\u00e9 d&rsquo;afficher les d\u00e9tails de l&rsquo;\u00e9v\u00e9nement et les descriptions<\/li>\n<li>Option pour d\u00e9finir les heures de d\u00e9but et de fin<\/li>\n<li>Contr\u00f4le des effets d&rsquo;animation et de transition<\/li>\n<li>Compatible avec divers th\u00e8mes WordPress<\/li>\n<li>Affiche efficacement les \u00e9v\u00e9nements sur n&rsquo;importe quel \u00e9cran de taille<\/li>\n<li>Interface conviviale pour une configuration facile<\/li>\n<li>Offre un support pour une gamme de formats multim\u00e9dias<\/li>\n<li>Offre un acc\u00e8s facile \u00e0 l&rsquo;enregistrement des \u00e9v\u00e9nements et \u00e0 la billetterie<\/li>\n<\/ul>\n","protected":false},"excerpt":{"rendered":"<p>Le curseur Eventon, qui est un outil incroyablement polyvalent et convivial, sert de ressource exceptionnelle pour afficher des \u00e9v\u00e9nements sur votre site Web. Ses fonctionnalit\u00e9s \u00e9tendues vous permettent de cr\u00e9er sans effort des diaporamas et des carrousels personnalis\u00e9s de vos \u00e9v\u00e9nements, vous offrant une pl\u00e9thore d&rsquo;options de personnalisation, y compris l&rsquo;ajout d&rsquo;images captivantes, des descriptions engageantes et des liens pertinents. De plus, le curseur Eventon poss\u00e8de une conception tr\u00e8s r\u00e9active, garantissant qu&rsquo;il d\u00e9gage une esth\u00e9tique visuellement attrayante sur tous les appareils, tout en garantissant des temps de chargement optimis\u00e9s pour une exp\u00e9rience utilisateur am\u00e9lior\u00e9e. Que vous cherchiez \u00e0 promouvoir des concerts \u00e0 venir, des conf\u00e9rences ou tout autre \u00e9v\u00e9nement notable, rassurez-vous que le curseur Eventon sert incontestablement la solution d\u00e9finitive pour pr\u00e9senter efficacement votre calendrier et, par la suite, entra\u00eener un engagement substantiel de votre public estim\u00e9.<\/p>\n","protected":false},"featured_media":143814,"comment_status":"open","ping_status":"open","template":"","meta":[],"product_brand":[2540],"product_cat":[1189,1181,1186],"product_tag":[1267],"class_list":{"0":"post-120187","1":"product","2":"type-product","3":"status-publish","4":"has-post-thumbnail","6":"product_brand-eventon","7":"product_cat-personnalisation","8":"product_cat-plugins","9":"product_cat-wordpress-plugins","10":"product_tag-eventon","11":"member-discount","12":"discount-restricted","14":"first","15":"instock","16":"sale","17":"downloadable","18":"virtual","19":"sold-individually","20":"purchasable","21":"product-type-simple"},"_links":{"self":[{"href":"https:\/\/gpl-love.com\/fr\/wp-json\/wp\/v2\/product\/120187","targetHints":{"allow":["GET"]}}],"collection":[{"href":"https:\/\/gpl-love.com\/fr\/wp-json\/wp\/v2\/product"}],"about":[{"href":"https:\/\/gpl-love.com\/fr\/wp-json\/wp\/v2\/types\/product"}],"replies":[{"embeddable":true,"href":"https:\/\/gpl-love.com\/fr\/wp-json\/wp\/v2\/comments?post=120187"}],"wp:featuredmedia":[{"embeddable":true,"href":"https:\/\/gpl-love.com\/fr\/wp-json\/wp\/v2\/media\/143814"}],"wp:attachment":[{"href":"https:\/\/gpl-love.com\/fr\/wp-json\/wp\/v2\/media?parent=120187"}],"wp:term":[{"taxonomy":"product_brand","embeddable":true,"href":"https:\/\/gpl-love.com\/fr\/wp-json\/wp\/v2\/product_brand?post=120187"},{"taxonomy":"product_cat","embeddable":true,"href":"https:\/\/gpl-love.com\/fr\/wp-json\/wp\/v2\/product_cat?post=120187"},{"taxonomy":"product_tag","embeddable":true,"href":"https:\/\/gpl-love.com\/fr\/wp-json\/wp\/v2\/product_tag?post=120187"}],"curies":[{"name":"wp","href":"https:\/\/api.w.org\/{rel}","templated":true}]}}