{"id":120185,"date":"2025-07-23T00:00:00","date_gmt":"2025-07-22T22:00:00","guid":{"rendered":"https:\/\/gpl-love.com\/fr\/produit\/eventon-repeat-customizer\/"},"modified":"2026-03-20T23:04:57","modified_gmt":"2026-03-20T22:04:57","slug":"eventon-repeat-customizer","status":"publish","type":"product","link":"https:\/\/gpl-love.com\/fr\/produit\/eventon-repeat-customizer\/","title":{"rendered":"EventOn Repeat Customizer 2.0.4"},"content":{"rendered":"<h3>EventOn Repeat Customizer Traits<\/h3>\n<p>Le Customizer Repeal Eventon, qui est un outil incroyablement robuste, vous donne la possibilit\u00e9 de personnaliser et de superviser facilement les \u00e9v\u00e9nements de r\u00e9p\u00e9tition sur votre site Web. En utilisant cet outil, vous gagnez la capacit\u00e9 de g\u00e9n\u00e9rer et de r\u00e9guler plusieurs \u00e9v\u00e9nements qui poss\u00e8dent des horaires, des dur\u00e9es et des dates finales distinctes. De plus, vous pouvez imposer des restrictions au nombre de fois qu&rsquo;un \u00e9v\u00e9nement peut \u00eatre r\u00e9p\u00e9t\u00e9, ainsi que de choisir si chaque occurrence doit \u00eatre affich\u00e9e individuellement ou dans le cadre d&rsquo;une s\u00e9rie. Par cons\u00e9quent, cela vous permet d&rsquo;\u00e9tablir sans effort des horaires d&rsquo;\u00e9v\u00e9nements complexes sans recourir \u00e0 des mises \u00e0 jour manuelles ou \u00e0 un code alambiqu\u00e9. Si vous supervisez les \u00e9v\u00e9nements pour une petite entreprise ou une organisation importante, le Customizer Eventon Repeal se distingue comme un outil essentiel pour tout propri\u00e9taire de site Web qui souhaite rationaliser son flux de travail de gestion d&rsquo;\u00e9v\u00e9nements.<\/p>\n<ul>\n<li>Options de r\u00e9p\u00e9tition d&rsquo;\u00e9v\u00e9nements personnalisables<\/li>\n<li>Permet des \u00e9v\u00e9nements de r\u00e9p\u00e9tition quotidiens, hebdomadaires ou mensuels<\/li>\n<li>Capacit\u00e9 \u00e0 d\u00e9finir des jours sp\u00e9cifiques pour les \u00e9v\u00e9nements r\u00e9currents<\/li>\n<li>Option pour exclure certaines dates du calendrier de r\u00e9p\u00e9tition<\/li>\n<li>Interface facile \u00e0 utiliser pour une personnalisation rapide des \u00e9v\u00e9nements<\/li>\n<li>Tr\u00e8s compatible avec Eventon, un plugin de calendrier populaire<\/li>\n<li>Augmente l&rsquo;efficacit\u00e9 de l&rsquo;organisation des \u00e9v\u00e9nements et de la gestion du temps<\/li>\n<li>Gave du temps et des efforts pour mettre en place des \u00e9v\u00e9nements r\u00e9currents<\/li>\n<li>Offre une flexibilit\u00e9 et un contr\u00f4le sur la planification des \u00e9v\u00e9nements<\/li>\n<li>Am\u00e9liore l&rsquo;exp\u00e9rience utilisateur pour les administrateurs et les visiteurs.<\/li>\n<\/ul>\n","protected":false},"excerpt":{"rendered":"<p>Le Customizer Repeal Eventon, un outil incroyablement adaptable, se pr\u00e9sente comme une solution id\u00e9ale pour les personnes cherchant \u00e0 personnaliser et m\u00e9caniser la r\u00e9currence des \u00e9v\u00e9nements affich\u00e9s sur leur calendrier. Ce logiciel de pointe permet aux utilisateurs de g\u00e9n\u00e9rer sans effort des horaires complexes englobant non seulement des \u00e9v\u00e9nements de r\u00e9p\u00e9tition hebdomadaires, mais aussi mensuels et annuels. En outre, les individus ont la libert\u00e9 d&rsquo;adapter la dur\u00e9e, la fr\u00e9quence et le calendrier desdits \u00e9v\u00e9nements en fonction de leurs pr\u00e9f\u00e9rences. B\u00e9n\u00e9ficiant d&rsquo;une conception intuitive et d&rsquo;une interface remarquablement conviviale, cet outil r\u00e9pond parfaitement aux besoins de ses utilisateurs, rendant la gestion du calendrier une entreprise acc\u00e9l\u00e9r\u00e9e et sans effort. N&rsquo;h\u00e9sitez pas \u00e0 acqu\u00e9rir le personnalisateur Repeal Eventon aujourd&rsquo;hui et \u00e0 pr\u00e9parer la simplification de vos capacit\u00e9s de gestion d&rsquo;\u00e9v\u00e9nements.<\/p>\n","protected":false},"featured_media":143807,"comment_status":"open","ping_status":"open","template":"","meta":[],"product_brand":[2540],"product_cat":[1189,1181,1186],"product_tag":[1267],"class_list":{"0":"post-120185","1":"product","2":"type-product","3":"status-publish","4":"has-post-thumbnail","6":"product_brand-eventon","7":"product_cat-personnalisation","8":"product_cat-plugins","9":"product_cat-wordpress-plugins","10":"product_tag-eventon","11":"member-discount","12":"discount-restricted","14":"first","15":"instock","16":"sale","17":"downloadable","18":"virtual","19":"sold-individually","20":"purchasable","21":"product-type-simple"},"_links":{"self":[{"href":"https:\/\/gpl-love.com\/fr\/wp-json\/wp\/v2\/product\/120185","targetHints":{"allow":["GET"]}}],"collection":[{"href":"https:\/\/gpl-love.com\/fr\/wp-json\/wp\/v2\/product"}],"about":[{"href":"https:\/\/gpl-love.com\/fr\/wp-json\/wp\/v2\/types\/product"}],"replies":[{"embeddable":true,"href":"https:\/\/gpl-love.com\/fr\/wp-json\/wp\/v2\/comments?post=120185"}],"wp:featuredmedia":[{"embeddable":true,"href":"https:\/\/gpl-love.com\/fr\/wp-json\/wp\/v2\/media\/143807"}],"wp:attachment":[{"href":"https:\/\/gpl-love.com\/fr\/wp-json\/wp\/v2\/media?parent=120185"}],"wp:term":[{"taxonomy":"product_brand","embeddable":true,"href":"https:\/\/gpl-love.com\/fr\/wp-json\/wp\/v2\/product_brand?post=120185"},{"taxonomy":"product_cat","embeddable":true,"href":"https:\/\/gpl-love.com\/fr\/wp-json\/wp\/v2\/product_cat?post=120185"},{"taxonomy":"product_tag","embeddable":true,"href":"https:\/\/gpl-love.com\/fr\/wp-json\/wp\/v2\/product_tag?post=120185"}],"curies":[{"name":"wp","href":"https:\/\/api.w.org\/{rel}","templated":true}]}}