{"id":120183,"date":"2025-05-13T00:00:00","date_gmt":"2025-05-12T22:00:00","guid":{"rendered":"https:\/\/gpl-love.com\/fr\/produit\/eventon-event-reviewer\/"},"modified":"2026-03-20T23:04:52","modified_gmt":"2026-03-20T22:04:52","slug":"eventon-event-reviewer","status":"publish","type":"product","link":"https:\/\/gpl-love.com\/fr\/produit\/eventon-event-reviewer\/","title":{"rendered":"EventOn Event Reviewer 1.2.1"},"content":{"rendered":"<h3>EventOn Event Reviewer Traits<\/h3>\n<p>L&rsquo;\u00e9v\u00e9nement Eventon Event est un outil exceptionnellement robuste qui a \u00e9t\u00e9 m\u00e9ticuleusement con\u00e7u pour rationaliser et acc\u00e9l\u00e9rer le processus d&rsquo;examen des \u00e9v\u00e9nements. Ce syst\u00e8me ing\u00e9nieux poss\u00e8de un niveau d&rsquo;intuitivit\u00e9 in\u00e9gal\u00e9, ce qui permet aux utilisateurs de naviguer sans effort dans les soumissions d&rsquo;\u00e9v\u00e9nements et d&rsquo;accorder efficacement les approbations, garantissant ainsi que seuls les \u00e9v\u00e9nements les plus exceptionnels sont s\u00e9lectionn\u00e9s pour l&rsquo;inclusion sur le calendrier convoit\u00e9. L&rsquo;interface conviviale, coupl\u00e9e \u00e0 une vaste gamme d&rsquo;options personnalisables, rend le r\u00e9viseur d&rsquo;\u00e9v\u00e9nements Eventon une aubaine absolue pour les planificateurs d&rsquo;\u00e9v\u00e9nements, les gestionnaires de lieu et d&rsquo;autres professionnels distingu\u00e9s qui se d\u00e9brouillent avec la t\u00e2che intimidante de g\u00e9rer un afflux accablant de soumissions d&rsquo;\u00e9v\u00e9nements. Que votre objectif principal soit de r\u00e9volutionner votre processus d&rsquo;examen existant ou simplement d&rsquo;am\u00e9liorer son efficacit\u00e9, le r\u00e9viseur d&rsquo;\u00e9v\u00e9nements Eventon propose une solution vraiment in\u00e9gal\u00e9e et sans \u00e9quivoque.<\/p>\n<ul>\n<li>Un outil puissant pour g\u00e9rer les critiques d&rsquo;\u00e9v\u00e9nements et les commentaires<\/li>\n<li>Rationalise le processus de capture et d&rsquo;organisation des commentaires des \u00e9v\u00e9nements des participants, des vendeurs et du personnel<\/li>\n<li>Permet \u00e0 la personnalisation des formulaires de r\u00e9vision pour recueillir des commentaires sp\u00e9cifiques<\/li>\n<li>Fournit des analyses et des informations sur les performances des \u00e9v\u00e9nements et les domaines d&rsquo;am\u00e9lioration<\/li>\n<li>S&rsquo;int\u00e8gre aux logiciels de gestion d&rsquo;\u00e9v\u00e9nements populaires tels que Eventon et EventBrite<\/li>\n<li>Fournit des notifications en temps r\u00e9el pour les nouvelles critiques et commentaires<\/li>\n<li>Am\u00e9liore la communication et l&rsquo;engagement avec les participants et les parties prenantes<\/li>\n<li>\u00c9conomise du temps et de l&rsquo;\u00e9nergie en automatisant la collecte et l&rsquo;organisation des commentaires<\/li>\n<li>Aide les organisateurs d&rsquo;\u00e9v\u00e9nements \u00e0 cr\u00e9er des \u00e9v\u00e9nements plus r\u00e9ussis et satisfaisants pour toutes les parties impliqu\u00e9es<\/li>\n<li>Interface facile \u00e0 utiliser avec une navigation et des fonctionnalit\u00e9s intuitives.<\/li>\n<\/ul>\n","protected":false},"excerpt":{"rendered":"<p>L&rsquo;\u00e9v\u00e9nement Eventon Event est une solution de pointe et r\u00e9volutionnaire qui vise \u00e0 rationaliser et \u00e0 am\u00e9liorer le processus de gestion des \u00e9v\u00e9nements. Cet outil extr\u00eamement puissant vous permet d&rsquo;\u00e9valuer et d&rsquo;autoriser rapidement les \u00e9v\u00e9nements rapidement et sans effort, vous accordant ainsi la libert\u00e9 de vous concentrer sur la gestion efficace de votre horaire et l&rsquo;orchestration des \u00e9v\u00e9nements ph\u00e9nom\u00e9naux. Avec son interface remarquablement conviviale, vous avez la possibilit\u00e9 de gouverner avec comp\u00e9tence un \u00e9ventail de t\u00e2ches, allant de l&rsquo;extension des invitations d&rsquo;\u00e9v\u00e9nements \u00e0 maintenir votre calendrier d&rsquo;\u00e9v\u00e9nements \u00e0 jour, le tout accompli de mani\u00e8re transparente via un tableau de bord singulier. Que vous vous identifiiez comme un planificateur d&rsquo;\u00e9v\u00e9nements cherchant \u00e0 \u00e9lever votre m\u00e9tier ou un propri\u00e9taire d&rsquo;entreprise diligent s&rsquo;effor\u00e7ant de propulser vos \u00e9v\u00e9nements \u00e0 des hauteurs sans pr\u00e9c\u00e9dent, le r\u00e9viseur d&rsquo;\u00e9v\u00e9nements Eventon d\u00e9passe toutes les attentes, servant de solution par excellence pour vos besoins. Alors pourquoi en tarder davantage? Saisissez l&rsquo;opportunit\u00e9 de se lancer dans un voyage transformateur en embrassant cet outil extraordinaire aujourd&rsquo;hui, et assistez \u00e0 votre prochain \u00e9v\u00e9nement s&rsquo;\u00e9panouir et prosp\u00e9rer au-del\u00e0 de mesurer!<\/p>\n","protected":false},"featured_media":143802,"comment_status":"open","ping_status":"open","template":"","meta":[],"product_brand":[2540],"product_cat":[1189,1181,1186],"product_tag":[1267],"class_list":{"0":"post-120183","1":"product","2":"type-product","3":"status-publish","4":"has-post-thumbnail","6":"product_brand-eventon","7":"product_cat-personnalisation","8":"product_cat-plugins","9":"product_cat-wordpress-plugins","10":"product_tag-eventon","11":"member-discount","12":"discount-restricted","14":"first","15":"instock","16":"sale","17":"downloadable","18":"virtual","19":"sold-individually","20":"purchasable","21":"product-type-simple"},"_links":{"self":[{"href":"https:\/\/gpl-love.com\/fr\/wp-json\/wp\/v2\/product\/120183","targetHints":{"allow":["GET"]}}],"collection":[{"href":"https:\/\/gpl-love.com\/fr\/wp-json\/wp\/v2\/product"}],"about":[{"href":"https:\/\/gpl-love.com\/fr\/wp-json\/wp\/v2\/types\/product"}],"replies":[{"embeddable":true,"href":"https:\/\/gpl-love.com\/fr\/wp-json\/wp\/v2\/comments?post=120183"}],"wp:featuredmedia":[{"embeddable":true,"href":"https:\/\/gpl-love.com\/fr\/wp-json\/wp\/v2\/media\/143802"}],"wp:attachment":[{"href":"https:\/\/gpl-love.com\/fr\/wp-json\/wp\/v2\/media?parent=120183"}],"wp:term":[{"taxonomy":"product_brand","embeddable":true,"href":"https:\/\/gpl-love.com\/fr\/wp-json\/wp\/v2\/product_brand?post=120183"},{"taxonomy":"product_cat","embeddable":true,"href":"https:\/\/gpl-love.com\/fr\/wp-json\/wp\/v2\/product_cat?post=120183"},{"taxonomy":"product_tag","embeddable":true,"href":"https:\/\/gpl-love.com\/fr\/wp-json\/wp\/v2\/product_tag?post=120183"}],"curies":[{"name":"wp","href":"https:\/\/api.w.org\/{rel}","templated":true}]}}