{"id":120181,"date":"2025-07-23T00:00:00","date_gmt":"2025-07-22T22:00:00","guid":{"rendered":"https:\/\/gpl-love.com\/fr\/produit\/eventon-rsvp-points\/"},"modified":"2026-03-20T23:05:02","modified_gmt":"2026-03-20T22:05:02","slug":"eventon-rsvp-points","status":"publish","type":"product","link":"https:\/\/gpl-love.com\/fr\/produit\/eventon-rsvp-points\/","title":{"rendered":"EventOn RSVP Points 1.0.2"},"content":{"rendered":"<h3>EventOn RSVP Points Traits<\/h3>\n<p>Eventon RSVP Points est un outil incroyablement puissant que les organisateurs d&rsquo;\u00e9v\u00e9nements peuvent utiliser afin de suivre et de r\u00e9compenser efficacement les participants qui ont r\u00e9ussi \u00e0 r\u00e9appara\u00eetre leurs \u00e9v\u00e9nements. Ce logiciel innovant offre un moyen simple et efficace d&rsquo;\u00e9tablir un syst\u00e8me RSVP qui encourage activement les participants \u00e0 s&rsquo;engager activement avec l&rsquo;\u00e9v\u00e9nement et assure le taux de fr\u00e9quentation le plus \u00e9lev\u00e9 possible. En utilisant Eventon RSVP Points, les organisateurs d&rsquo;\u00e9v\u00e9nements peuvent \u00e9tablir sans effort un syst\u00e8me de r\u00e9compense bas\u00e9 sur des points qui incite efficacement les participants \u00e0 rapidement RSVP et \u00e0 partager avec impatience l&rsquo;\u00e9v\u00e9nement avec leurs amis et leur famille. De plus, ce logiciel offre aux organisateurs la possibilit\u00e9 de surveiller sans effort le statut RSVP des participants et m\u00eame d&rsquo;envoyer des rappels personnalis\u00e9s, am\u00e9liorant davantage la probabilit\u00e9 de fr\u00e9quentation maximale. En r\u00e9sum\u00e9, Eventon RSVP Points est un outil absolument essentiel pour les organisateurs d&rsquo;\u00e9v\u00e9nements d\u00e9sireux d&rsquo;\u00e9laborer un \u00e9v\u00e9nement vraiment r\u00e9ussi et captivant qui maximise \u00e0 la fois la fr\u00e9quentation et l&rsquo;engagement global des participants.<\/p>\n<ul>\n<li>Outil innovant pour g\u00e9rer les RSVP lors des \u00e9v\u00e9nements<\/li>\n<li>Capacit\u00e9 \u00e0 attribuer des points aux participants pour diverses actions telles que se pr\u00e9senter \u00e0 temps, amener un ami ou participer \u00e0 des activit\u00e9s<\/li>\n<li>Syst\u00e8me de points personnalisable pour refl\u00e9ter les pr\u00e9f\u00e9rences et les objectifs de l&rsquo;h\u00f4te de l&rsquo;\u00e9v\u00e9nement<\/li>\n<li>Int\u00e9gration facile avec Eventon, un plugin de gestion d&rsquo;\u00e9v\u00e9nements populaire pour WordPress<\/li>\n<li>Surveillance en temps r\u00e9el de l&rsquo;accumulation de points et du statut des participants<\/li>\n<li>Rapport et analyse robustes pour mesurer le succ\u00e8s de l&rsquo;\u00e9v\u00e9nement<\/li>\n<li>Encourage l&rsquo;engagement des participants et am\u00e9liore l&rsquo;exp\u00e9rience globale de l&rsquo;\u00e9v\u00e9nement<\/li>\n<li>Aide les h\u00f4tes d&rsquo;\u00e9v\u00e9nements \u00e0 construire leur marque en incitant le comportement positif des participants<\/li>\n<li>Fournit un moyen amusant et interactif pour les participants de participer \u00e0 l&rsquo;\u00e9v\u00e9nement et de se connecter avec les autres.<\/li>\n<\/ul>\n","protected":false},"excerpt":{"rendered":"<p>Eventon RSVP Points est une solution de pointe et r\u00e9volutionnaire qui a \u00e9t\u00e9 d\u00e9velopp\u00e9e sp\u00e9cifiquement pour les organisateurs d&rsquo;\u00e9v\u00e9nements, car il offre une m\u00e9thode remarquablement pratique et efficace de gestion efficace des RSVP tout en offrant aux participants le bonus suppl\u00e9mentaire d&rsquo;\u00eatre r\u00e9compens\u00e9 par des points pr\u00e9cieux. En utilisant cet outil exceptionnel, les organisateurs d&rsquo;\u00e9v\u00e9nements se retrouveront en mesure de suivre sans effort la fr\u00e9quentation des \u00e9v\u00e9nements, ainsi que de mesurer et d&rsquo;\u00e9valuer les niveaux d&rsquo;engagement, leur permettant en fin de compte de fournir aux participants des incitations attrayantes qui les encouragent \u00e0 assister \u00e0 de futurs \u00e9v\u00e9nements sur une base r\u00e9currente r\u00e9currente . De plus, ces points que les participants accumulent peuvent par la suite \u00eatre \u00e9chang\u00e9s contre une myriade d&rsquo;avantages exclusifs et des remises attrayantes, am\u00e9liorant ainsi consid\u00e9rablement l&rsquo;opportunit\u00e9 et l&rsquo;engagement global des \u00e9v\u00e9nements eux-m\u00eames. Par cons\u00e9quent, la t\u00e2che ardue et on\u00e9reuse de g\u00e9rer les RSVP des \u00e9v\u00e9nements via des feuilles de calcul lourdes et \u00e0 forte intensit\u00e9 de main-d&rsquo;\u0153uvre deviendra une chose du pass\u00e9, car les organisateurs d&rsquo;\u00e9v\u00e9nements auront d\u00e9sormais acc\u00e8s \u00e0 une m\u00e9thode rationalis\u00e9e et tr\u00e8s efficace qui r\u00e9volutionnera le processus de gestion RSVP.<\/p>\n","protected":false},"featured_media":143812,"comment_status":"open","ping_status":"open","template":"","meta":[],"product_brand":[2540],"product_cat":[1189,1181,1186],"product_tag":[1267],"class_list":{"0":"post-120181","1":"product","2":"type-product","3":"status-publish","4":"has-post-thumbnail","6":"product_brand-eventon","7":"product_cat-personnalisation","8":"product_cat-plugins","9":"product_cat-wordpress-plugins","10":"product_tag-eventon","11":"member-discount","12":"discount-restricted","14":"first","15":"instock","16":"sale","17":"downloadable","18":"virtual","19":"sold-individually","20":"purchasable","21":"product-type-simple"},"_links":{"self":[{"href":"https:\/\/gpl-love.com\/fr\/wp-json\/wp\/v2\/product\/120181","targetHints":{"allow":["GET"]}}],"collection":[{"href":"https:\/\/gpl-love.com\/fr\/wp-json\/wp\/v2\/product"}],"about":[{"href":"https:\/\/gpl-love.com\/fr\/wp-json\/wp\/v2\/types\/product"}],"replies":[{"embeddable":true,"href":"https:\/\/gpl-love.com\/fr\/wp-json\/wp\/v2\/comments?post=120181"}],"wp:featuredmedia":[{"embeddable":true,"href":"https:\/\/gpl-love.com\/fr\/wp-json\/wp\/v2\/media\/143812"}],"wp:attachment":[{"href":"https:\/\/gpl-love.com\/fr\/wp-json\/wp\/v2\/media?parent=120181"}],"wp:term":[{"taxonomy":"product_brand","embeddable":true,"href":"https:\/\/gpl-love.com\/fr\/wp-json\/wp\/v2\/product_brand?post=120181"},{"taxonomy":"product_cat","embeddable":true,"href":"https:\/\/gpl-love.com\/fr\/wp-json\/wp\/v2\/product_cat?post=120181"},{"taxonomy":"product_tag","embeddable":true,"href":"https:\/\/gpl-love.com\/fr\/wp-json\/wp\/v2\/product_tag?post=120181"}],"curies":[{"name":"wp","href":"https:\/\/api.w.org\/{rel}","templated":true}]}}