{"id":120175,"date":"2025-06-09T00:00:00","date_gmt":"2025-06-08T22:00:00","guid":{"rendered":"https:\/\/gpl-love.com\/fr\/produit\/eventon-lists-et-items\/"},"modified":"2026-03-20T23:04:56","modified_gmt":"2026-03-20T22:04:56","slug":"eventon-lists-et-items","status":"publish","type":"product","link":"https:\/\/gpl-love.com\/fr\/produit\/eventon-lists-et-items\/","title":{"rendered":"EventOn Lists et Items 1.0.1"},"content":{"rendered":"<h3>EventOn Lists et Items Traits<\/h3>\n<p>Eventon Listes and Items est un outil de productivit\u00e9 extraordinairement puissant qui offre aux utilisateurs la capacit\u00e9 remarquable de cr\u00e9er et de g\u00e9rer efficacement les listes et les \u00e9l\u00e9ments pour un large \u00e9ventail d&rsquo;\u00e9v\u00e9nements divers. Avec son interface utilisateur exceptionnellement intuitive, les individus sont en mesure d&rsquo;augmenter sans effort leurs listes en ajoutant des \u00e9l\u00e9ments, en \u00e9tablissant des rappels et en surveillant m\u00e9ticuleusement leurs progr\u00e8s. Que l&rsquo;on coordonne m\u00e9ticuleusement une c\u00e9l\u00e9bration joyeuse, une escapade passionnante ou une entreprise professionnelle critique, des listes d&rsquo;\u00e9v\u00e9nements et des \u00e9l\u00e9ments est sans \u00e9quivoque la solution par excellence pour garantir qu&rsquo;aucune minutiation n&rsquo;est ignor\u00e9e par inadvertance. De plus, cette application tr\u00e8s innovante fournit des attributs inestimables tels que la capacit\u00e9 remarquable \u00e0 classer syst\u00e9matiquement les \u00e9l\u00e9ments, \u00e0 diffuser de mani\u00e8re transparente les listes avec d&rsquo;autres et \u00e0 se synchroniser harmonieusement sur plusieurs appareils. Gr\u00e2ce \u00e0 l&rsquo;efficacit\u00e9 in\u00e9gal\u00e9e des listes d&rsquo;\u00e9v\u00e9nements et des \u00e9l\u00e9ments, les utilisateurs peuvent perp\u00e9tuellement rester impeccablement organis\u00e9s et garder efficacement leurs formidables listes de t\u00e2ches, garantissant ainsi que les d\u00e9lais sont atteints de fa\u00e7on z\u00e9l\u00e9e et que les objectifs sont triomphalement r\u00e9alis\u00e9s.<\/p>\n<ul>\n<li>Cr\u00e9ation et gestion faciles des listes d&rsquo;\u00e9v\u00e9nements et des \u00e9l\u00e9ments<\/li>\n<li>Champs d&rsquo;\u00e9v\u00e9nements personnalisables pour plus de flexibilit\u00e9<\/li>\n<li>Interface glisser-d\u00e9poser intuitive pour la cr\u00e9ation et l&rsquo;organisation d&rsquo;\u00e9l\u00e9ments<\/li>\n<li>Mises \u00e0 jour et notifications en temps r\u00e9el pour toutes les modifications apport\u00e9es aux listes et \u00e9l\u00e9ments<\/li>\n<li>Possibilit\u00e9 d&rsquo;attribuer et de planifier des t\u00e2ches aux membres de l&rsquo;\u00e9quipe<\/li>\n<li>Int\u00e9gration avec des plateformes de calendrier et de messagerie populaires pour la communication et l&rsquo;organisation rationalis\u00e9es<\/li>\n<li>Reportage complet et analyse pour suivre les progr\u00e8s et identifier les domaines \u00e0 am\u00e9liorer<\/li>\n<li>Acc\u00e8s illimit\u00e9 pour plusieurs utilisateurs avec des param\u00e8tres d&rsquo;autorisation personnalisables<\/li>\n<li>Synchronisation automatique sur tous les appareils pour la collaboration et l&rsquo;accessibilit\u00e9 transparentes.<\/li>\n<\/ul>\n","protected":false},"excerpt":{"rendered":"<p>Eventon Listes and Items est un outil en ligne tr\u00e8s flexible et multiforme, con\u00e7u dans le but de permettre aux utilisateurs de g\u00e9n\u00e9rer et de superviser sans effort les listes et les \u00e9l\u00e9ments adapt\u00e9s \u00e0 divers \u00e9v\u00e9nements. Qu&rsquo;il s&rsquo;agisse de garder une trace des listes d&rsquo;invit\u00e9s, de g\u00e9rer des listes de t\u00e2ches ou d&rsquo;organiser des listes de fournisseurs, Eventon assume facilement tous vos d\u00e9tails de planification d&rsquo;\u00e9v\u00e9nements dans un emplacement singulier et centralis\u00e9. Gr\u00e2ce \u00e0 la fourniture de champs personnalisables, \u00e0 des alternatives de filtrage compl\u00e8tes et \u00e0 la capacit\u00e9 transparente d&rsquo;exporter vos donn\u00e9es, Eventon facilite efficacement la maintenance d&rsquo;une approche m\u00e9ticuleusement structur\u00e9e et syst\u00e9matiquement organis\u00e9e de la planification des \u00e9v\u00e9nements, assurant ainsi votre comp\u00e9tence et votre succ\u00e8s continues dans ce domaine.<\/p>\n","protected":false},"featured_media":143805,"comment_status":"open","ping_status":"open","template":"","meta":[],"product_brand":[2540],"product_cat":[1189,1181,1186],"product_tag":[1267],"class_list":{"0":"post-120175","1":"product","2":"type-product","3":"status-publish","4":"has-post-thumbnail","6":"product_brand-eventon","7":"product_cat-personnalisation","8":"product_cat-plugins","9":"product_cat-wordpress-plugins","10":"product_tag-eventon","11":"member-discount","12":"discount-restricted","14":"first","15":"instock","16":"sale","17":"downloadable","18":"virtual","19":"sold-individually","20":"purchasable","21":"product-type-simple"},"_links":{"self":[{"href":"https:\/\/gpl-love.com\/fr\/wp-json\/wp\/v2\/product\/120175","targetHints":{"allow":["GET"]}}],"collection":[{"href":"https:\/\/gpl-love.com\/fr\/wp-json\/wp\/v2\/product"}],"about":[{"href":"https:\/\/gpl-love.com\/fr\/wp-json\/wp\/v2\/types\/product"}],"replies":[{"embeddable":true,"href":"https:\/\/gpl-love.com\/fr\/wp-json\/wp\/v2\/comments?post=120175"}],"wp:featuredmedia":[{"embeddable":true,"href":"https:\/\/gpl-love.com\/fr\/wp-json\/wp\/v2\/media\/143805"}],"wp:attachment":[{"href":"https:\/\/gpl-love.com\/fr\/wp-json\/wp\/v2\/media?parent=120175"}],"wp:term":[{"taxonomy":"product_brand","embeddable":true,"href":"https:\/\/gpl-love.com\/fr\/wp-json\/wp\/v2\/product_brand?post=120175"},{"taxonomy":"product_cat","embeddable":true,"href":"https:\/\/gpl-love.com\/fr\/wp-json\/wp\/v2\/product_cat?post=120175"},{"taxonomy":"product_tag","embeddable":true,"href":"https:\/\/gpl-love.com\/fr\/wp-json\/wp\/v2\/product_tag?post=120175"}],"curies":[{"name":"wp","href":"https:\/\/api.w.org\/{rel}","templated":true}]}}