{"id":120173,"date":"2026-04-18T00:00:00","date_gmt":"2026-04-17T22:00:00","guid":{"rendered":"https:\/\/gpl-love.com\/fr\/produit\/woocommerce-australia-post-shipping-method\/"},"modified":"2026-04-19T00:31:06","modified_gmt":"2026-04-18T22:31:06","slug":"woocommerce-australia-post-shipping-method","status":"publish","type":"product","link":"https:\/\/gpl-love.com\/fr\/produit\/woocommerce-australia-post-shipping-method\/","title":{"rendered":"WooCommerce Australia Post Shipping Method 2.8.3"},"content":{"rendered":"<h3>WooCommerce Australia Post Shipping Method Traits<\/h3>\n<p>La m\u00e9thode WooCommerce Australia Post d&rsquo;exp\u00e9dition est une solution d&rsquo;exp\u00e9dition extr\u00eamement robuste et fiable qui r\u00e9pond aux besoins des entreprises s&rsquo;effor\u00e7ant de rationaliser leurs processus d&rsquo;exp\u00e9dition. Ce plugin remarquable permet aux entreprises d&rsquo;int\u00e9grer de mani\u00e8re transparente leur magasin WooCommerce avec Australia Post, qui est ind\u00e9niablement l&rsquo;un des transporteurs d&rsquo;exp\u00e9dition les plus recherch\u00e9s et les plus importants en Australie. En optant pour ce plugin, les entreprises peuvent g\u00e9n\u00e9rer sans effort les \u00e9tiquettes d&rsquo;exp\u00e9dition, se pr\u00e9valoir des tarifs d&rsquo;exp\u00e9dition en temps r\u00e9el, des forfaits de suivi m\u00e9ticuleusement et bien plus encore. De plus, la m\u00e9thode WooCommerce Australia Post est un plugin incroyablement adaptable et polyvalent, offrant aux entreprises un large \u00e9ventail d&rsquo;options d&rsquo;exp\u00e9dition parmi lesquelles choisir, englobant les services d&rsquo;exp\u00e9dition nationaux et internationaux, les services de poste express et une multitude d&rsquo;autres alternatives. Notamment, ce plugin est caract\u00e9ris\u00e9 par sa nature conviviale, ce qui en fait une solution d&rsquo;exp\u00e9dition optimale et fortement recommand\u00e9e pour les entreprises de toutes \u00e9chelles et amplitudes.<\/p>\n<ul>\n<li>Int\u00e9gration facile avec WooCommerce<\/li>\n<li>Calcul d&rsquo;exp\u00e9dition transparente pour les services australiens Post<\/li>\n<li>Taux d&rsquo;exp\u00e9dition pr\u00e9cis bas\u00e9s sur le poids et la destination<\/li>\n<li>Option pour offrir une livraison \u00e0 tarif forfaitaire<\/li>\n<li>Prend en charge diff\u00e9rents types d&#8217;emballages et tailles<\/li>\n<li>Possibilit\u00e9 de g\u00e9n\u00e9rer des \u00e9tiquettes d&rsquo;exp\u00e9dition directement \u00e0 partir du tableau de bord WooCommerce<\/li>\n<li>Informations de suivi en temps r\u00e9el pour les clients<\/li>\n<li>Plusieurs options d&rsquo;exp\u00e9dition disponibles, y compris express, standard et \u00e9conomie<\/li>\n<li>Calcul automatique des droits de douane et des taxes<\/li>\n<li>Compatible avec plusieurs passerelles de paiement pour un traitement de paiement s\u00e9curis\u00e9<\/li>\n<li>Prise en charge 24\/7 et mises \u00e0 jour pour assurer un fonctionnement en douceur<\/li>\n<\/ul>\n","protected":false},"excerpt":{"rendered":"<p>La m\u00e9thode WooCommerce Australia Post est un plugin incroyablement pratique qui sert d&rsquo;outil d&rsquo;int\u00e9gration transparente pour les propri\u00e9taires de magasins en ligne en Australie, ce qui les permettant d&rsquo;incorporer sans effort une gamme diversifi\u00e9e d&rsquo;options d&rsquo;exp\u00e9dition en Australie dans leur processus de paiement WooCommerce. En utilisant ce plugin exceptionnel, les clients re\u00e7oivent la possibilit\u00e9 de s\u00e9lectionner parmi une multitude de m\u00e9thodes d&rsquo;exp\u00e9dition propos\u00e9es par Australia Post, y compris, mais sans s&rsquo;y limiter la page de paiement. De plus, ce plugin in\u00e9gal\u00e9 accorde aux propri\u00e9taires de magasins la flexibilit\u00e9 de personnaliser les tarifs d&rsquo;exp\u00e9dition et d&rsquo;augmenter leurs sources de revenus en incorporant des frais de manutention, ce qui en fait un instrument extraordinairement polyvalent pour g\u00e9rer habilement les nuances complexes de la logistique d&rsquo;exp\u00e9dition.<\/p>\n","protected":false},"featured_media":145810,"comment_status":"open","ping_status":"open","template":"","meta":[],"product_brand":[2440],"product_cat":[1182,1223,1181],"product_tag":[1398],"class_list":{"0":"post-120173","1":"product","2":"type-product","3":"status-publish","4":"has-post-thumbnail","6":"product_brand-woocommerce","7":"product_cat-commerce-electronique-plugins","8":"product_cat-personnalisation-commerce-electronique-plugins","9":"product_cat-plugins","10":"product_tag-woocommerce","11":"member-discount","12":"discount-restricted","14":"first","15":"instock","16":"sale","17":"downloadable","18":"virtual","19":"sold-individually","20":"purchasable","21":"product-type-simple"},"_links":{"self":[{"href":"https:\/\/gpl-love.com\/fr\/wp-json\/wp\/v2\/product\/120173","targetHints":{"allow":["GET"]}}],"collection":[{"href":"https:\/\/gpl-love.com\/fr\/wp-json\/wp\/v2\/product"}],"about":[{"href":"https:\/\/gpl-love.com\/fr\/wp-json\/wp\/v2\/types\/product"}],"replies":[{"embeddable":true,"href":"https:\/\/gpl-love.com\/fr\/wp-json\/wp\/v2\/comments?post=120173"}],"wp:featuredmedia":[{"embeddable":true,"href":"https:\/\/gpl-love.com\/fr\/wp-json\/wp\/v2\/media\/145810"}],"wp:attachment":[{"href":"https:\/\/gpl-love.com\/fr\/wp-json\/wp\/v2\/media?parent=120173"}],"wp:term":[{"taxonomy":"product_brand","embeddable":true,"href":"https:\/\/gpl-love.com\/fr\/wp-json\/wp\/v2\/product_brand?post=120173"},{"taxonomy":"product_cat","embeddable":true,"href":"https:\/\/gpl-love.com\/fr\/wp-json\/wp\/v2\/product_cat?post=120173"},{"taxonomy":"product_tag","embeddable":true,"href":"https:\/\/gpl-love.com\/fr\/wp-json\/wp\/v2\/product_tag?post=120173"}],"curies":[{"name":"wp","href":"https:\/\/api.w.org\/{rel}","templated":true}]}}