{"id":120161,"date":"2024-03-31T00:00:00","date_gmt":"2024-03-30T23:00:00","guid":{"rendered":"https:\/\/gpl-love.com\/fr\/produit\/product-recommendations\/"},"modified":"2026-04-10T18:48:07","modified_gmt":"2026-04-10T16:48:07","slug":"product-recommendations","status":"publish","type":"product","link":"https:\/\/gpl-love.com\/fr\/produit\/product-recommendations\/","title":{"rendered":"WooCommerce Product Recommendations 3.0.8"},"content":{"rendered":"<h3>WooCommerce Product Recommendations Traits<\/h3>\n<p>Les recommandations de produits WooCommerce sont une solution incroyablement robuste qui aide efficacement les propri\u00e9taires de magasins en ligne pour augmenter consid\u00e9rablement leurs ventes et am\u00e9liorer l&rsquo;exp\u00e9rience globale de leurs clients. La mise en \u0153uvre de ce plugin remarquable implique l&rsquo;utilisation d&rsquo;algorithmes d&rsquo;apprentissage automatique hautement sophistiqu\u00e9s qui analysent m\u00e9ticuleusement divers aspects tels que le comportement des clients, l&rsquo;historique des achats et les donn\u00e9es des produits, fournissant finalement des recommandations impeccablement personnalis\u00e9es pour les produits. Ces suggestions inestimables sont strat\u00e9giquement pr\u00e9sent\u00e9es sur plusieurs pages pivots, notamment la page du produit, la page CART et la page de paiement, permettant ainsi sans effort \u00e0 explorer et \u00e0 procurer des produits qui s&rsquo;alignent parfaitement avec leurs pr\u00e9f\u00e9rences et leurs exigences individuelles. En int\u00e9grant les recommandations de produits WooCommerce dans votre boutique en ligne, vous amplifierez avec succ\u00e8s la valeur moyenne de la commande et renforcerez le taux de r\u00e9tention de votre client\u00e8le estim\u00e9e gr\u00e2ce \u00e0 la fourniture de suggestions de produits sur mesure qui r\u00e9pondent sp\u00e9cifiquement \u00e0 leurs besoins et inclinations uniques. En outre, le processus d&rsquo;installation simple et la configuration transparente de ce plugin garantissent une int\u00e9gration coh\u00e9sive de mani\u00e8re transparente avec votre magasin WooCommerce existant, permettant une exp\u00e9rience utilisateur sans tracas et efficace.<\/p>\n<ul>\n<li>Recommandations de produits personnalis\u00e9s bas\u00e9s sur le comportement des utilisateurs et l&rsquo;historique des achats<\/li>\n<li>Augmentation des taux de conversion et des revenus pour les magasins WooCommerce<\/li>\n<li>Facile \u00e0 impl\u00e9menter et \u00e0 personnaliser pour chaque magasin individuel<\/li>\n<li>Syst\u00e8me automatis\u00e9 qui apprend et am\u00e9liore continuellement les recommandations<\/li>\n<li>Prend en charge plusieurs types de recommandations tels que les produits connexes, les articles r\u00e9cemment consult\u00e9s et fr\u00e9quemment achet\u00e9 ensemble<\/li>\n<li>Compatible avec divers th\u00e8mes et extensions de woocomence<\/li>\n<li>Aucune comp\u00e9tence de codage requise pour configurer et utiliser le plugin<\/li>\n<li>Essai gratuit et options de tarification flexibles disponibles<\/li>\n<li>\u00c9quipe de support d\u00e9di\u00e9e disponible pour aider \u00e0 tout probl\u00e8me ou questions<\/li>\n<\/ul>\n","protected":false},"excerpt":{"rendered":"<p>Les recommandations de produits WooCommerce, un plugin innovant et sophistiqu\u00e9, ont \u00e9t\u00e9 m\u00e9ticuleusement d\u00e9velopp\u00e9es pour fournir aux acheteurs en ligne exigeants des recommandations de produits astucieuses. En exploitant les capacit\u00e9s d&rsquo;un algorithme robuste, il examine m\u00e9ticuleusement le comportement des clients et \u00e9value m\u00e9ticuleusement leur historique d&rsquo;achat dans le but ultime de soumissionner des suggestions de produits pertinentes qui r\u00e9sonnent avec leurs int\u00e9r\u00eats et pr\u00e9dilections uniques. Incroyablement, ce plugin in\u00e9gal\u00e9 sert \u00e0 augmenter les niveaux d&rsquo;engagement des clients et renforce les chiffres des ventes en facilitant les exp\u00e9riences d&rsquo;achat rationalis\u00e9es et sur mesure. En adoptant des recommandations de produits WooCommerce, vous \u00eates effectivement pr\u00eat \u00e0 am\u00e9liorer vos efforts de vente et de vente crois\u00e9e, optimisant ainsi les sources de revenus de votre magasin tout en augmentant simultan\u00e9ment les taux de satisfaction des clients. Embrasser cette offre exceptionnelle est une avenue vraiment splendide \u00e0 travers laquelle vous pouvez favoriser la fid\u00e9lit\u00e9 in\u00e9branlable des clients, engendrer ainsi un cycle perp\u00e9tuel de r\u00e9tention de la client\u00e8le et de patronage perp\u00e9tuel.<\/p>\n","protected":false},"featured_media":145990,"comment_status":"open","ping_status":"open","template":"","meta":[],"product_brand":[2440],"product_cat":[1182,1200,1181],"product_tag":[1398],"class_list":{"0":"post-120161","1":"product","2":"type-product","3":"status-publish","4":"has-post-thumbnail","6":"product_brand-woocommerce","7":"product_cat-commerce-electronique-plugins","8":"product_cat-commercialisation","9":"product_cat-plugins","10":"product_tag-woocommerce","11":"member-discount","12":"discount-restricted","14":"first","15":"instock","16":"sale","17":"downloadable","18":"virtual","19":"sold-individually","20":"purchasable","21":"product-type-simple"},"_links":{"self":[{"href":"https:\/\/gpl-love.com\/fr\/wp-json\/wp\/v2\/product\/120161","targetHints":{"allow":["GET"]}}],"collection":[{"href":"https:\/\/gpl-love.com\/fr\/wp-json\/wp\/v2\/product"}],"about":[{"href":"https:\/\/gpl-love.com\/fr\/wp-json\/wp\/v2\/types\/product"}],"replies":[{"embeddable":true,"href":"https:\/\/gpl-love.com\/fr\/wp-json\/wp\/v2\/comments?post=120161"}],"wp:featuredmedia":[{"embeddable":true,"href":"https:\/\/gpl-love.com\/fr\/wp-json\/wp\/v2\/media\/145990"}],"wp:attachment":[{"href":"https:\/\/gpl-love.com\/fr\/wp-json\/wp\/v2\/media?parent=120161"}],"wp:term":[{"taxonomy":"product_brand","embeddable":true,"href":"https:\/\/gpl-love.com\/fr\/wp-json\/wp\/v2\/product_brand?post=120161"},{"taxonomy":"product_cat","embeddable":true,"href":"https:\/\/gpl-love.com\/fr\/wp-json\/wp\/v2\/product_cat?post=120161"},{"taxonomy":"product_tag","embeddable":true,"href":"https:\/\/gpl-love.com\/fr\/wp-json\/wp\/v2\/product_tag?post=120161"}],"curies":[{"name":"wp","href":"https:\/\/api.w.org\/{rel}","templated":true}]}}