{"id":120159,"date":"2024-07-18T00:00:00","date_gmt":"2024-07-17T22:00:00","guid":{"rendered":"https:\/\/gpl-love.com\/fr\/produit\/newsletter-office-365-headers-removal\/"},"modified":"2026-04-10T18:33:47","modified_gmt":"2026-04-10T16:33:47","slug":"newsletter-office-365-headers-removal","status":"publish","type":"product","link":"https:\/\/gpl-love.com\/fr\/produit\/newsletter-office-365-headers-removal\/","title":{"rendered":"Newsletter Office 365 Headers Removal 1.0.6"},"content":{"rendered":"<h3>Newsletter Office 365 Headers Removal Traits<\/h3>\n<p>L&rsquo;\u00e9limination des en-t\u00eates de budget 365 Newsletter est un outil incroyablement robuste et tr\u00e8s efficace qui permet aux entreprises d&rsquo;\u00e9liminer efficacement les en-t\u00eates qui sont automatiquement annex\u00e9s \u00e0 leurs newsletters par Office 365. Ce produit exceptionnel permet aux utilisateurs d&rsquo;\u00e9liminer de mani\u00e8re transparente et rapide tout en-t\u00eates, garantissant ainsi cela, garantissant ainsi cela, garantissant ainsi cela, garantissant ainsi cela, garantissant ainsi cela, garantissant ainsi cela, garantissant ainsi cela, garantissant ainsi que cela, garantissant ainsi cela, garantissant ainsi cela, garantissant ainsi cela, garantissant ainsi cela, garantissant ainsi cela, garantissant ainsi cela, garantissant ainsi cela, garantissant ainsi cela, garantissant ainsi cela, garantissant ainsi cela, garantissant ainsi cela, garantissant ainsi cela, garantissant ainsi cela, garantissant ainsi cela, garantissant ainsi cela, garantissant ainsi cela, garantissant ainsi cela, garantissant ainsi cela, garantissant ainsi cela \u00e0 cela, garantissant ainsi cela de mani\u00e8re transparente et rapide et rapide Leurs newsletters sont impr\u00e9gn\u00e9es d&rsquo;un sentiment accru de professionnalisme, de propret\u00e9 et de lisibilit\u00e9 globale. Ce qui distingue cet outil, c&rsquo;est sa nature conviviale, ce qui rend remarquablement simple \u00e0 utiliser et \u00e0 int\u00e9grer sans effort dans tout flux de travail pr\u00e9existant ou strat\u00e9gie de marketing par e-mail. \u00c0 la suite de la purge d&rsquo;en-t\u00eates superflues, les entreprises sont en mesure de consacrer leur attention individuelle \u00e0 transmettre efficacement leur message \u00e0 leur public cible, exempts de distractions ou d&rsquo;encombrement inutile qui peuvent entraver la compr\u00e9hension. En effet, la suppression des en-t\u00eates de bulletin de newsletter 365 est un atout indispensable pour toute entreprise cherchant \u00e0 am\u00e9liorer l&rsquo;efficacit\u00e9 et l&rsquo;impact de leurs campagnes de marketing par e-mail.<\/p>\n<ul>\n<li>Rationalise vos processus de marketing par e-mail<\/li>\n<li>Vous fait gagner du temps en supprimant la n\u00e9cessit\u00e9 de supprimer manuellement les en-t\u00eates Office 365<\/li>\n<li>Am\u00e9liore l&rsquo;attrait visuel de vos newsletters<\/li>\n<li>Am\u00e9liore le professionnalisme et la cr\u00e9dibilit\u00e9 de votre marque<\/li>\n<li>Cr\u00e9e une exp\u00e9rience plus transparente pour vos abonn\u00e9s<\/li>\n<li>Aide \u00e0 augmenter les taux d&rsquo;engagement et les conversions des ventes<\/li>\n<li>Compatible avec tous les appareils et clients de messagerie<\/li>\n<li>Convivial et facile \u00e0 mettre en \u0153uvre<\/li>\n<li>Abordable pour les entreprises de toutes tailles<\/li>\n<li>Mises \u00e0 jour r\u00e9guli\u00e8res et assistance technique disponible<\/li>\n<\/ul>\n","protected":false},"excerpt":{"rendered":"<p>Vous pouvez d\u00e9sormais faire ses adieux \u00e0 l&rsquo;encombrement ennuyeux caus\u00e9 par les en-t\u00eates de votre newsletter Office 365, gr\u00e2ce \u00e0 l&rsquo;utilisation de notre service de saisie exceptionnel! En profitant de nos services, notre \u00e9quipe hautement qualifi\u00e9e \u00e9liminera efficacement tous les en-t\u00eates inutiles de vos newsletters, am\u00e9liorant ainsi leur apparence globale et leur donnant un look plus sophistiqu\u00e9 et professionnel. En optant pour notre service de suppression des en-t\u00eates Office 365 de newsletter, non seulement vous pourrez gagner un temps pr\u00e9cieux, mais vous garantirez \u00e9galement la livraison d&rsquo;un produit final raffin\u00e9 et sans faille.<\/p>\n","protected":false},"featured_media":144736,"comment_status":"open","ping_status":"open","template":"","meta":[],"product_brand":[2602],"product_cat":[1189,1181,1186],"product_tag":[2261],"class_list":{"0":"post-120159","1":"product","2":"type-product","3":"status-publish","4":"has-post-thumbnail","6":"product_brand-newsletter","7":"product_cat-personnalisation","8":"product_cat-plugins","9":"product_cat-wordpress-plugins","10":"product_tag-newsletter","11":"member-discount","12":"discount-restricted","14":"first","15":"instock","16":"sale","17":"downloadable","18":"virtual","19":"sold-individually","20":"purchasable","21":"product-type-simple"},"_links":{"self":[{"href":"https:\/\/gpl-love.com\/fr\/wp-json\/wp\/v2\/product\/120159","targetHints":{"allow":["GET"]}}],"collection":[{"href":"https:\/\/gpl-love.com\/fr\/wp-json\/wp\/v2\/product"}],"about":[{"href":"https:\/\/gpl-love.com\/fr\/wp-json\/wp\/v2\/types\/product"}],"replies":[{"embeddable":true,"href":"https:\/\/gpl-love.com\/fr\/wp-json\/wp\/v2\/comments?post=120159"}],"wp:featuredmedia":[{"embeddable":true,"href":"https:\/\/gpl-love.com\/fr\/wp-json\/wp\/v2\/media\/144736"}],"wp:attachment":[{"href":"https:\/\/gpl-love.com\/fr\/wp-json\/wp\/v2\/media?parent=120159"}],"wp:term":[{"taxonomy":"product_brand","embeddable":true,"href":"https:\/\/gpl-love.com\/fr\/wp-json\/wp\/v2\/product_brand?post=120159"},{"taxonomy":"product_cat","embeddable":true,"href":"https:\/\/gpl-love.com\/fr\/wp-json\/wp\/v2\/product_cat?post=120159"},{"taxonomy":"product_tag","embeddable":true,"href":"https:\/\/gpl-love.com\/fr\/wp-json\/wp\/v2\/product_tag?post=120159"}],"curies":[{"name":"wp","href":"https:\/\/api.w.org\/{rel}","templated":true}]}}