{"id":120157,"date":"2025-10-04T00:00:00","date_gmt":"2025-10-03T22:00:00","guid":{"rendered":"https:\/\/gpl-love.com\/fr\/produit\/newsletter-sendinblue\/"},"modified":"2026-04-10T18:33:47","modified_gmt":"2026-04-10T16:33:47","slug":"newsletter-sendinblue","status":"publish","type":"product","link":"https:\/\/gpl-love.com\/fr\/produit\/newsletter-sendinblue\/","title":{"rendered":"Newsletter Brevo (Sendinblue) 1.3.0"},"content":{"rendered":"<h3>Newsletter Brevo (Sendinblue) Traits<\/h3>\n<p>La newsletter SendinBlue est une solution tr\u00e8s louable pour les entreprises visant \u00e0 maintenir la sensibilisation et l&rsquo;engagement de leurs clients et des abonn\u00e9s. Avec cette plate-forme, les utilisateurs ont la possibilit\u00e9 de g\u00e9n\u00e9rer et de r\u00e9partir sans effort les newsletters avec une esth\u00e9tique professionnelle qui captivera sans aucun doute l&rsquo;attention de leurs destinataires dans leurs bo\u00eetes de r\u00e9ception respectives. La plate-forme poss\u00e8de un \u00e9ventail diversifi\u00e9 de capacit\u00e9s, qui comprennent des mod\u00e8les personnalisables, des outils d&rsquo;automatisation et des analyses, ce qui permet aux entreprises de surveiller avec diligence l&rsquo;efficacit\u00e9 de leurs campagnes et de prendre des d\u00e9cisions judicieuses fond\u00e9es sur les donn\u00e9es. Que l&rsquo;objectif soit de promouvoir leurs produits ou services, de diffuser des mises \u00e0 jour de l&rsquo;entreprise ou de cultiver des liens avec leur public, le bulletin de newsletter est sans \u00e9quivoque l&rsquo;instrument par excellence qui facilitera la r\u00e9alisation de ces aspirations. Gr\u00e2ce \u00e0 son interface intuitivement navigable et \u00e0 sa suite robuste de fonctionnalit\u00e9s, cette plate-forme repr\u00e9sente ind\u00e9niablement un atout indispensable \u00e0 toute entreprise commerciale pour cultiver des connexions durables avec leurs pr\u00e9cieux clients et abonn\u00e9s.<\/p>\n<ul>\n<li>Gestion de newsletter efficace et rapide<\/li>\n<li>Mod\u00e8les de messagerie personnalisables pour s&rsquo;adapter \u00e0 votre marque<\/li>\n<li>Flux de travail de messagerie automatis\u00e9s pour envoyer des messages personnalis\u00e9s \u00e0 vos abonn\u00e9s<\/li>\n<li>Options avanc\u00e9es de segmentation et de ciblage pour envoyer des campagnes \u00e0 un public sp\u00e9cifique<\/li>\n<li>Analyse en temps r\u00e9el pour suivre vos performances de campagne de messagerie<\/li>\n<li>Capacit\u00e9s de test A \/ B pour optimiser vos campagnes de messagerie<\/li>\n<li>Interface conviviale pour la cr\u00e9ation et la gestion faciles de campagne par e-mail<\/li>\n<li>Mod\u00e8les de messagerie adapt\u00e9s aux mobiles pour une port\u00e9e et une accessibilit\u00e9 am\u00e9lior\u00e9es<\/li>\n<li>Fonctionnalit\u00e9s avanc\u00e9es, y compris l&rsquo;int\u00e9gration des m\u00e9dias sociaux et les outils de construction de la liste de diffusion<\/li>\n<li>Prix \u200b\u200babordable pr\u00e9voit d&rsquo;adapter tout budget<\/li>\n<li>Delivabilit\u00e9 fiable et mesures anti-spam pour des campagnes de courrier \u00e9lectronique r\u00e9ussies.<\/li>\n<\/ul>\n","protected":false},"excerpt":{"rendered":"<p>SendinBlue, une plate-forme de marketing par e-mail populaire, est tr\u00e8s appr\u00e9ci\u00e9e pour sa capacit\u00e9 \u00e0 faciliter la cr\u00e9ation et la distribution des newsletters captivantes \u00e0 un vaste public. Gr\u00e2ce \u00e0 ses mod\u00e8les conviviaux et \u00e0 son interface de glisser-d\u00e9poser intuitive, les entreprises peuvent \u00e9laborer sans effort des newsletters visuellement attrayantes et rationaliser leurs campagnes par e-mail. De plus, SendinBlue fournit des analyses approfondies et des int\u00e9grations d&rsquo;API robustes, permettant aux entreprises de surveiller et d&rsquo;am\u00e9liorer efficacement leurs efforts de marketing par e-mail pour l&rsquo;engagement et les conversions optimaux du public.<\/p>\n","protected":false},"featured_media":144737,"comment_status":"open","ping_status":"open","template":"","meta":[],"product_brand":[2602],"product_cat":[1189,1181,1186],"product_tag":[2261],"class_list":{"0":"post-120157","1":"product","2":"type-product","3":"status-publish","4":"has-post-thumbnail","6":"product_brand-newsletter","7":"product_cat-personnalisation","8":"product_cat-plugins","9":"product_cat-wordpress-plugins","10":"product_tag-newsletter","11":"member-discount","12":"discount-restricted","14":"first","15":"instock","16":"sale","17":"downloadable","18":"virtual","19":"sold-individually","20":"purchasable","21":"product-type-simple"},"_links":{"self":[{"href":"https:\/\/gpl-love.com\/fr\/wp-json\/wp\/v2\/product\/120157","targetHints":{"allow":["GET"]}}],"collection":[{"href":"https:\/\/gpl-love.com\/fr\/wp-json\/wp\/v2\/product"}],"about":[{"href":"https:\/\/gpl-love.com\/fr\/wp-json\/wp\/v2\/types\/product"}],"replies":[{"embeddable":true,"href":"https:\/\/gpl-love.com\/fr\/wp-json\/wp\/v2\/comments?post=120157"}],"wp:featuredmedia":[{"embeddable":true,"href":"https:\/\/gpl-love.com\/fr\/wp-json\/wp\/v2\/media\/144737"}],"wp:attachment":[{"href":"https:\/\/gpl-love.com\/fr\/wp-json\/wp\/v2\/media?parent=120157"}],"wp:term":[{"taxonomy":"product_brand","embeddable":true,"href":"https:\/\/gpl-love.com\/fr\/wp-json\/wp\/v2\/product_brand?post=120157"},{"taxonomy":"product_cat","embeddable":true,"href":"https:\/\/gpl-love.com\/fr\/wp-json\/wp\/v2\/product_cat?post=120157"},{"taxonomy":"product_tag","embeddable":true,"href":"https:\/\/gpl-love.com\/fr\/wp-json\/wp\/v2\/product_tag?post=120157"}],"curies":[{"name":"wp","href":"https:\/\/api.w.org\/{rel}","templated":true}]}}