{"id":120155,"date":"2025-12-12T00:00:00","date_gmt":"2025-12-11T23:00:00","guid":{"rendered":"https:\/\/gpl-love.com\/fr\/produit\/newsletter-smtp-addon\/"},"modified":"2026-03-20T23:27:58","modified_gmt":"2026-03-20T22:27:58","slug":"newsletter-smtp-addon","status":"publish","type":"product","link":"https:\/\/gpl-love.com\/fr\/produit\/newsletter-smtp-addon\/","title":{"rendered":"Newsletter SMTP Addon 1.2.4"},"content":{"rendered":"<h3>Newsletter SMTP Addon Traits<\/h3>\n<p>La newsletter SMTP Addon, un outil sophistiqu\u00e9 m\u00e9ticuleusement con\u00e7u pour am\u00e9liorer l&rsquo;efficacit\u00e9 de vos campagnes de marketing par e-mail, y parvient en optimisant la livraison de vos newsletters. Int\u00e9grant un service fiable SMTP (simple protocole de transfert de courrier), cet addon garantit la transmission transparente de vos newsletters, garantissant leur arriv\u00e9e en toute s\u00e9curit\u00e9 dans la bo\u00eete de r\u00e9ception de votre abonn\u00e9, d\u00e9pourvue de tout drapeau de spam malveillant ou de rebonds d\u00e9courageants. Reste facile, car avec le bulletin de newsletter SMTP \u00e0 vos c\u00f4t\u00e9s, vous pouvez sans effort la mode visuellement captivante et captivante des newsletters, sans complexit\u00e9 par les complexit\u00e9s associ\u00e9es aux obstacles techniques de livraison par e-mail. Embrassez les fonctionnalit\u00e9s exemplaires de cet addon car il vous permet de prioriser vos principales op\u00e9rations commerciales, tout en obtenant des triomphes retentissants pour vos efforts de marketing par e-mail.<\/p>\n<ul>\n<li>Permet aux abonn\u00e9s de recevoir des newsletters et des e-mails marketing par e-mail<\/li>\n<li>Augmente la port\u00e9e et l&rsquo;efficacit\u00e9 des campagnes de marketing par e-mail<\/li>\n<li>Envoie des e-mails directement aux bo\u00eetes de r\u00e9ception des abonn\u00e9s sans passer par des services de courrier tiers<\/li>\n<li>Offre une livraison s\u00e9curis\u00e9e et fiable des e-mails<\/li>\n<li>S&rsquo;int\u00e8gre au logiciel de marketing par e-mail populaire pour une configuration et une utilisation faciles<\/li>\n<li>Peut \u00eatre personnalis\u00e9 pour s&rsquo;adapter \u00e0 la marque et \u00e0 la messagerie de l&rsquo;entreprise ou de l&rsquo;organisation<\/li>\n<li>Permet le suivi et le rapport d\u00e9taill\u00e9 des performances de la campagne par e-mail<\/li>\n<li>Fournit des informations pr\u00e9cieuses sur le comportement et les pr\u00e9f\u00e9rences des abonn\u00e9s<\/li>\n<li>Peut \u00eatre \u00e9tendu pour r\u00e9pondre aux besoins des entreprises de toute taille<\/li>\n<li>Aide \u00e0 \u00e9tablir et \u00e0 maintenir des relations solides avec les abonn\u00e9s et les clients.<\/li>\n<\/ul>\n","protected":false},"excerpt":{"rendered":"<p>La newsletter SMTP Addon, qui a \u00e9t\u00e9 ing\u00e9nieusement con\u00e7ue pour faciliter la d\u00e9p\u00eache transparente des newsletters et des campagnes par e-mail, appara\u00eet comme un formidable outil. Cet addon remarquable vous permet d&rsquo;amalgame sans effort votre logiciel de newsletter avec votre serveur SMTP, garantissant ainsi la livraison fiable et efficace de vos e-mails. De plus, il vous permet d&rsquo;adapter vos param\u00e8tres de messagerie \u00e0 vos sp\u00e9cifications exactes, englobant un \u00e9ventail d&rsquo;options telles que l&rsquo;authentification et le chiffrement. De plus, cela vous apporte la capacit\u00e9 inestimable \u00e0 examiner les statistiques de livraison de messagerie en temps r\u00e9el, ce qui vous rend capable de surveiller et d&rsquo;\u00e9valuer les performances de vos campagnes. Que vous soyez un entrepreneur naissant qui se lance dans votre premi\u00e8re entreprise commerciale ou un connaisseur de marketing chevronn\u00e9, le bulletin de newsletter SMTP repr\u00e9sente un actif indispensable pour optimiser et maximiser l&rsquo;impact profond de vos efforts de marketing par e-mail.<\/p>\n","protected":false},"featured_media":144738,"comment_status":"open","ping_status":"open","template":"","meta":[],"product_brand":[2602],"product_cat":[1189,1181,1186],"product_tag":[2261],"class_list":{"0":"post-120155","1":"product","2":"type-product","3":"status-publish","4":"has-post-thumbnail","6":"product_brand-newsletter","7":"product_cat-personnalisation","8":"product_cat-plugins","9":"product_cat-wordpress-plugins","10":"product_tag-newsletter","11":"member-discount","12":"discount-restricted","14":"first","15":"instock","16":"sale","17":"downloadable","18":"virtual","19":"sold-individually","20":"purchasable","21":"product-type-simple"},"_links":{"self":[{"href":"https:\/\/gpl-love.com\/fr\/wp-json\/wp\/v2\/product\/120155","targetHints":{"allow":["GET"]}}],"collection":[{"href":"https:\/\/gpl-love.com\/fr\/wp-json\/wp\/v2\/product"}],"about":[{"href":"https:\/\/gpl-love.com\/fr\/wp-json\/wp\/v2\/types\/product"}],"replies":[{"embeddable":true,"href":"https:\/\/gpl-love.com\/fr\/wp-json\/wp\/v2\/comments?post=120155"}],"wp:featuredmedia":[{"embeddable":true,"href":"https:\/\/gpl-love.com\/fr\/wp-json\/wp\/v2\/media\/144738"}],"wp:attachment":[{"href":"https:\/\/gpl-love.com\/fr\/wp-json\/wp\/v2\/media?parent=120155"}],"wp:term":[{"taxonomy":"product_brand","embeddable":true,"href":"https:\/\/gpl-love.com\/fr\/wp-json\/wp\/v2\/product_brand?post=120155"},{"taxonomy":"product_cat","embeddable":true,"href":"https:\/\/gpl-love.com\/fr\/wp-json\/wp\/v2\/product_cat?post=120155"},{"taxonomy":"product_tag","embeddable":true,"href":"https:\/\/gpl-love.com\/fr\/wp-json\/wp\/v2\/product_tag?post=120155"}],"curies":[{"name":"wp","href":"https:\/\/api.w.org\/{rel}","templated":true}]}}