{"id":120153,"date":"2024-11-23T00:00:00","date_gmt":"2024-11-22T23:00:00","guid":{"rendered":"https:\/\/gpl-love.com\/fr\/produit\/darklup-wp-dark-mode\/"},"modified":"2026-03-20T23:00:25","modified_gmt":"2026-03-20T22:00:25","slug":"darklup-wp-dark-mode","status":"publish","type":"product","link":"https:\/\/gpl-love.com\/fr\/produit\/darklup-wp-dark-mode\/","title":{"rendered":"Darklup WP Dark Mode 3.2.7"},"content":{"rendered":"<h3>Darklup WP Dark Mode Traits<\/h3>\n<p>Darklup WP Dark Mode est un plugin WordPress exceptionnel qui offre une solution ing\u00e9nieuse pour permettre une alternative en mode sombre captivant pour votre site Web estim\u00e9. En incorporant ce plugin remarquable, vos utilisateurs inestimables se verront accorder la libert\u00e9 de passer de mani\u00e8re transparente vers une interface de mode obscur r\u00e9confortant visuellement, qui non seulement att\u00e9nue la fatigue oculaire mais \u00e9mane \u00e9galement une aura de sophistication et de contemporaine \u00e0 votre plate-forme en ligne. De plus, le processus d&rsquo;installation et de personnalisation de ce plugin est incroyablement sans effort, vous offrant la possibilit\u00e9 d&rsquo;adapter m\u00e9ticuleusement le sch\u00e9ma de couleurs, la taille de la police et un assortiment d&rsquo;autres param\u00e8tres paramount pour s&rsquo;aligner impeccablement avec le style distinctif de votre marque. Que vous soyez exploit\u00e9 un blog captivant, un site de commerce \u00e9lectronique anim\u00e9 ou toute autre variante de site Web, il est sans \u00e9quivoque ind\u00e9niable que le mode Darklup WP Dark est un plugin indispensable qui poss\u00e8de la capacit\u00e9 inn\u00e9e pour \u00e9lever l&rsquo;exp\u00e9rience utilisateur \u00e0 des hauteurs sans pr\u00e9c\u00e9dent sans pr\u00e9c\u00e9dent. tout en distinguant efficacement votre site Web ch\u00e9ri de la comp\u00e9tition implacable.<\/p>\n<ul>\n<li>Un plugin WordPress qui offre une superbe option de mode noir pour votre site Web<\/li>\n<li>Facile \u00e0 installer et \u00e0 personnaliser en quelques clics<\/li>\n<li>Am\u00e9liore la lisibilit\u00e9 de votre contenu en r\u00e9duisant la fatigue oculaire<\/li>\n<li>Am\u00e9liore l&rsquo;attrait visuel de votre site Web avec un look moderne et \u00e9l\u00e9gant<\/li>\n<li>Compatible avec les th\u00e8mes et plugins WordPress les plus populaires<\/li>\n<li>Parfait pour les sites Web ax\u00e9s sur la photographie, le design ou toute autre niche cr\u00e9ative<\/li>\n<li>Aide \u00e0 r\u00e9duire la consommation d&rsquo;\u00e9nergie et \u00e0 augmenter la dur\u00e9e de vie de la batterie sur les appareils mobiles<\/li>\n<li>Garde votre site Web bien m\u00eame dans les conditions de faible luminosit\u00e9<\/li>\n<li>Offre une excellente exp\u00e9rience utilisateur \u00e0 vos visiteurs et am\u00e9liore l&rsquo;engagement<\/li>\n<li>Aide \u00e0 cr\u00e9er une marque unique et m\u00e9morable pour votre site Web avec une conception en mode noir personnalis\u00e9.<\/li>\n<\/ul>\n","protected":false},"excerpt":{"rendered":"<p>Darklup WP Dark Mode est un plugin WordPress qui vous permet de changer facilement votre site Web en un mode sombre visuellement magnifique. Cette fonctionnalit\u00e9 unique am\u00e9liore non seulement l&rsquo;attrait esth\u00e9tique de votre site, mais offre \u00e9galement une exp\u00e9rience de visualisation confortable aux utilisateurs. Le mode DarkLup WP Dark est convivial, facile \u00e0 installer et flexible dans la personnalisation. Il est compatible avec n&rsquo;importe quel th\u00e8me WordPress et dispose d&rsquo;une option de commutation en mode automatique bas\u00e9 sur l&rsquo;heure locale. Ce plugin prend \u00e9galement en charge WooCommerce, qui est un bonus pour les sites Web de commerce \u00e9lectronique. Embrassez la tendance du mode noir avec le mode sombre WP Darklup et donnez \u00e0 vos utilisateurs le confort de visualisation qu&rsquo;ils souhaitent.<\/p>\n","protected":false},"featured_media":143511,"comment_status":"open","ping_status":"open","template":"","meta":[],"product_brand":[2503],"product_cat":[1189,1181,1186],"product_tag":[2287],"class_list":{"0":"post-120153","1":"product","2":"type-product","3":"status-publish","4":"has-post-thumbnail","6":"product_brand-darklup","7":"product_cat-personnalisation","8":"product_cat-plugins","9":"product_cat-wordpress-plugins","10":"product_tag-darklup","11":"member-discount","12":"discount-restricted","14":"first","15":"instock","16":"sale","17":"downloadable","18":"virtual","19":"sold-individually","20":"purchasable","21":"product-type-simple"},"_links":{"self":[{"href":"https:\/\/gpl-love.com\/fr\/wp-json\/wp\/v2\/product\/120153","targetHints":{"allow":["GET"]}}],"collection":[{"href":"https:\/\/gpl-love.com\/fr\/wp-json\/wp\/v2\/product"}],"about":[{"href":"https:\/\/gpl-love.com\/fr\/wp-json\/wp\/v2\/types\/product"}],"replies":[{"embeddable":true,"href":"https:\/\/gpl-love.com\/fr\/wp-json\/wp\/v2\/comments?post=120153"}],"wp:featuredmedia":[{"embeddable":true,"href":"https:\/\/gpl-love.com\/fr\/wp-json\/wp\/v2\/media\/143511"}],"wp:attachment":[{"href":"https:\/\/gpl-love.com\/fr\/wp-json\/wp\/v2\/media?parent=120153"}],"wp:term":[{"taxonomy":"product_brand","embeddable":true,"href":"https:\/\/gpl-love.com\/fr\/wp-json\/wp\/v2\/product_brand?post=120153"},{"taxonomy":"product_cat","embeddable":true,"href":"https:\/\/gpl-love.com\/fr\/wp-json\/wp\/v2\/product_cat?post=120153"},{"taxonomy":"product_tag","embeddable":true,"href":"https:\/\/gpl-love.com\/fr\/wp-json\/wp\/v2\/product_tag?post=120153"}],"curies":[{"name":"wp","href":"https:\/\/api.w.org\/{rel}","templated":true}]}}