{"id":120151,"date":"2025-02-25T00:00:00","date_gmt":"2025-02-24T23:00:00","guid":{"rendered":"https:\/\/gpl-love.com\/fr\/produit\/newsletter-translatepress\/"},"modified":"2026-04-10T18:33:48","modified_gmt":"2026-04-10T16:33:48","slug":"newsletter-translatepress","status":"publish","type":"product","link":"https:\/\/gpl-love.com\/fr\/produit\/newsletter-translatepress\/","title":{"rendered":"Newsletter Translatepress 1.0.2"},"content":{"rendered":"<h3>Newsletter Translatepress Traits<\/h3>\n<p>L&rsquo;outil fantastique connu sous le nom de newsletter TranslatePress offre aux utilisateurs un moyen transparent et efficace de traduire leurs newsletters en diff\u00e9rentes langues. Ce logiciel remarquable permet aux entreprises de se connecter avec un public mondial et de communiquer efficacement avec leurs clients dans leur langue de choix pr\u00e9f\u00e9r\u00e9e. Avec la newsletter TranslatePress, les utilisateurs peuvent traduire sans effort leurs newsletters en plus de 200 langues, garantissant que leur message est \u00e0 la fois lucide et facilement compr\u00e9hensible pour les individus de tous horizons. Le processus de traduction lui-m\u00eame est simple et opportun, car le logiciel identifie automatiquement la langue et fournit rapidement une traduction en quelques clics simples. De plus, la newsletter TranslatePress poss\u00e8de une interface conviviale, ce qui en fait un choix id\u00e9al pour les entreprises de toute ampleur. Que vous aspirez \u00e0 \u00e9tendre votre sensibilisation, \u00e0 am\u00e9liorer l&rsquo;engagement des clients ou \u00e0 favoriser simplement une communication am\u00e9lior\u00e9e avec votre public cible, la newsletter TranslatePress est un outil stellaire qui poss\u00e8de la capacit\u00e9 de propulser votre entreprise \u00e0 de nouveaux sommets.<\/p>\n<ul>\n<li>La newsletter TranslatePress est un outil puissant pour traduire vos newsletters en plusieurs langues<\/li>\n<li>Avec la newsletter TranslatePress, vous pouvez facilement atteindre un public plus large en traduisant votre newsletter en diff\u00e9rentes langues<\/li>\n<li>Il prend en charge l&rsquo;int\u00e9gration avec diverses plates-formes de newsletter et vous permet de traduire votre contenu de mani\u00e8re transparente sans casser le formatage<\/li>\n<li>La newsletter TranslatePress vous permet de choisir entre une traduction automatique ou manuelle, selon vos pr\u00e9f\u00e9rences<\/li>\n<li>Il dispose d&rsquo;une interface conviviale qui le rend facile \u00e0 utiliser, m\u00eame si vous n&rsquo;avez pas de comp\u00e9tences techniques<\/li>\n<li>Vous pouvez \u00e9galement personnaliser vos param\u00e8tres de traduction pour obtenir les traductions les plus pr\u00e9cises et les plus naturelles<\/li>\n<li>La newsletter TranslatePress offre un excellent support et des mises \u00e0 jour r\u00e9guli\u00e8res pour vous assurer que vous en obtenez la meilleure exp\u00e9rience<\/li>\n<li>Il s&rsquo;agit d&rsquo;une solution rentable pour les entreprises et les sp\u00e9cialistes du marketing qui souhaitent \u00e9tendre leur port\u00e9e et se connecter avec un public mondial.<\/li>\n<\/ul>\n","protected":false},"excerpt":{"rendered":"<p>TranslatePress, une solution tr\u00e8s efficace et efficace pour r\u00e9pondre \u00e0 vos diverses exigences de newsletter en plusieurs langues, est la quintessence de l&rsquo;excellence. Cet outil remarquable vous permet de traduire sans effort et de mani\u00e8re approfondie votre contenu de newsletter en de nombreuses langues, \u00e9tendant ainsi votre port\u00e9e \u00e0 un public vaste et diversifi\u00e9. Il est r\u00e9volu le temps o\u00f9 le travail de traduction manuelle et les processus alambiqu\u00e9s ont entrav\u00e9 les progr\u00e8s de votre newsletter. Avec TranslatePress, il vous suffit d&rsquo;installer le plugin et de vous lancer dans le voyage vers le succ\u00e8s. Adaptez les param\u00e8tres de traduction \u00e0 votre go\u00fbt, cueillez vos langues cibles souhait\u00e9es et laissez tradlaterpress prendre soin du reste. Son int\u00e9gration transparente et ses fonctionnalit\u00e9s conviviales garantissent une exp\u00e9rience transparente, vous permettant de cr\u00e9er sans effort des newsletters captivants en plusieurs langues qui vous distinguent vraiment de la concurrence. D\u00e9couvrez le pouvoir de la newsletter Translatepress aujourd&rsquo;hui et assistez \u00e0 votre bulletin d&rsquo;information sur de nouveaux sommets d&rsquo;excellence.<\/p>\n","protected":false},"featured_media":144739,"comment_status":"open","ping_status":"open","template":"","meta":[],"product_brand":[2602],"product_cat":[1189,1181,1186],"product_tag":[2261],"class_list":{"0":"post-120151","1":"product","2":"type-product","3":"status-publish","4":"has-post-thumbnail","6":"product_brand-newsletter","7":"product_cat-personnalisation","8":"product_cat-plugins","9":"product_cat-wordpress-plugins","10":"product_tag-newsletter","11":"member-discount","12":"discount-restricted","14":"first","15":"instock","16":"sale","17":"downloadable","18":"virtual","19":"sold-individually","20":"purchasable","21":"product-type-simple"},"_links":{"self":[{"href":"https:\/\/gpl-love.com\/fr\/wp-json\/wp\/v2\/product\/120151","targetHints":{"allow":["GET"]}}],"collection":[{"href":"https:\/\/gpl-love.com\/fr\/wp-json\/wp\/v2\/product"}],"about":[{"href":"https:\/\/gpl-love.com\/fr\/wp-json\/wp\/v2\/types\/product"}],"replies":[{"embeddable":true,"href":"https:\/\/gpl-love.com\/fr\/wp-json\/wp\/v2\/comments?post=120151"}],"wp:featuredmedia":[{"embeddable":true,"href":"https:\/\/gpl-love.com\/fr\/wp-json\/wp\/v2\/media\/144739"}],"wp:attachment":[{"href":"https:\/\/gpl-love.com\/fr\/wp-json\/wp\/v2\/media?parent=120151"}],"wp:term":[{"taxonomy":"product_brand","embeddable":true,"href":"https:\/\/gpl-love.com\/fr\/wp-json\/wp\/v2\/product_brand?post=120151"},{"taxonomy":"product_cat","embeddable":true,"href":"https:\/\/gpl-love.com\/fr\/wp-json\/wp\/v2\/product_cat?post=120151"},{"taxonomy":"product_tag","embeddable":true,"href":"https:\/\/gpl-love.com\/fr\/wp-json\/wp\/v2\/product_tag?post=120151"}],"curies":[{"name":"wp","href":"https:\/\/api.w.org\/{rel}","templated":true}]}}