{"id":120149,"date":"2025-07-21T00:00:00","date_gmt":"2025-07-20T22:00:00","guid":{"rendered":"https:\/\/gpl-love.com\/fr\/produit\/wp-sheet-editor-bulk-edit-givewp-forms-pro\/"},"modified":"2026-03-20T23:50:41","modified_gmt":"2026-03-20T22:50:41","slug":"wp-sheet-editor-bulk-edit-givewp-forms-pro","status":"publish","type":"product","link":"https:\/\/gpl-love.com\/fr\/produit\/wp-sheet-editor-bulk-edit-givewp-forms-pro\/","title":{"rendered":"WP Sheet Editor Bulk Edit GiveWP Forms Pro 1.0.66"},"content":{"rendered":"<h3>WP Sheet Editor Bulk Edit GiveWP Forms Pro Traits<\/h3>\n<p>WP Sheet Editor Bulk Edit et GiveWP Forms Pro sont un duo dynamique de plugins qui offrent aux utilisateurs la possibilit\u00e9 de g\u00e9rer et de personnaliser efficacement leurs sites Web WordPress. Avec WP Sheet Editor Edit Edit, les utilisateurs sont autoris\u00e9s \u00e0 apporter des modifications \u00e0 plusieurs publications, pages et types de publication personnalis\u00e9s dans une interface de calcul de calcul pratique et conviviale. Cela permet non seulement de gagner du temps pr\u00e9cieux, mais am\u00e9liore \u00e9galement l&rsquo;efficacit\u00e9 globale du flux de travail. D&rsquo;un autre c\u00f4t\u00e9, GiveWP Forms Pro simplifie la t\u00e2che souvent complexe de cr\u00e9er des formulaires de don en fournissant une plate-forme intuitive qui permet aux utilisateurs de personnaliser sans effort leurs formulaires et d&rsquo;accepter de mani\u00e8re transparente les paiements gr\u00e2ce \u00e0 des passerelles de paiement bien connues et fiables. En combinant les pouvoirs de l&rsquo;\u00e9diteur de feuilles WP Editor Edit et GiveWP Forms Pro, les utilisateurs ont acc\u00e8s \u00e0 une solution compl\u00e8te et globale qui optimise les processus de gestion du site Web et \u00e9l\u00e8ve l&rsquo;exp\u00e9rience utilisateur globale.<\/p>\n<ul>\n<li>Un outil puissant pour g\u00e9rer et modifier plusieurs formulaires WordPress avec facilit\u00e9<\/li>\n<li>Apportez rapidement des modifications pour former des champs, des param\u00e8tres et des entr\u00e9es en vrac<\/li>\n<li>Aide \u00e0 \u00e9conomiser beaucoup de temps et d&rsquo;efforts pour g\u00e9rer plusieurs formes en fournissant des solutions automatis\u00e9es et efficaces<\/li>\n<li>Fournit une interface conviviale qui simplifie le processus de gestion et d&rsquo;\u00e9dition<\/li>\n<li>Augmente la productivit\u00e9 en \u00e9liminant les t\u00e2ches r\u00e9p\u00e9titives et en permettant aux utilisateurs de se concentrer sur un travail plus important<\/li>\n<li>Fournit un niveau \u00e9lev\u00e9 d&rsquo;options de personnalisation pour les formulaires, permettant aux utilisateurs d&rsquo;adapter les formulaires \u00e0 leurs besoins et exigences sp\u00e9cifiques<\/li>\n<li>Aide \u00e0 rationaliser la gestion des donn\u00e9es en fournissant un moyen intuitif de g\u00e9rer, d&rsquo;\u00e9diter et d&rsquo;exporter des donn\u00e9es de formulaire<\/li>\n<li>La compatibilit\u00e9 avec les formulaires GiveWP facilite la gestion des dons et des campagnes de collecte de fonds sur votre site WordPress.<\/li>\n<\/ul>\n","protected":false},"excerpt":{"rendered":"<p>WP Sheet Editor Bulk Edit Givewp Forms Pro est un plugin WordPress tr\u00e8s efficace et convivial, con\u00e7u pour permettre la modification en vrac transparente de plusieurs formulaires GiveWP simultan\u00e9ment. Ce plugin remarquable int\u00e8gre une interface instinctive et des fonctionnalit\u00e9s accessibles sans effort, ce qui le rend incroyablement pratique de g\u00e9rer des quantit\u00e9s \u00e9tendues de formulaires. Par cons\u00e9quent, il minimise consid\u00e9rablement le temps et l&rsquo;\u00e9nergie investis pour assurer la monnaie et la pertinence de votre site Web. Que vous souhaitiez apporter des modifications minuscules ou des modifications substantielles, l&rsquo;\u00e9diteur WP Editor Edit Givewp Forms Pro est ind\u00e9niablement la solution optimale pour pr\u00e9server l&rsquo;\u00e9tat vierge de vos formulaires GiveWP.<\/p>\n","protected":false},"featured_media":146208,"comment_status":"open","ping_status":"open","template":"","meta":[],"product_brand":[2733],"product_cat":[1189,1181,1186],"product_tag":[1545],"class_list":{"0":"post-120149","1":"product","2":"type-product","3":"status-publish","4":"has-post-thumbnail","6":"product_brand-wp-sheet-editor","7":"product_cat-personnalisation","8":"product_cat-plugins","9":"product_cat-wordpress-plugins","10":"product_tag-wp-sheet-editor","11":"member-discount","12":"discount-restricted","14":"first","15":"instock","16":"sale","17":"downloadable","18":"virtual","19":"sold-individually","20":"purchasable","21":"product-type-simple"},"_links":{"self":[{"href":"https:\/\/gpl-love.com\/fr\/wp-json\/wp\/v2\/product\/120149","targetHints":{"allow":["GET"]}}],"collection":[{"href":"https:\/\/gpl-love.com\/fr\/wp-json\/wp\/v2\/product"}],"about":[{"href":"https:\/\/gpl-love.com\/fr\/wp-json\/wp\/v2\/types\/product"}],"replies":[{"embeddable":true,"href":"https:\/\/gpl-love.com\/fr\/wp-json\/wp\/v2\/comments?post=120149"}],"wp:featuredmedia":[{"embeddable":true,"href":"https:\/\/gpl-love.com\/fr\/wp-json\/wp\/v2\/media\/146208"}],"wp:attachment":[{"href":"https:\/\/gpl-love.com\/fr\/wp-json\/wp\/v2\/media?parent=120149"}],"wp:term":[{"taxonomy":"product_brand","embeddable":true,"href":"https:\/\/gpl-love.com\/fr\/wp-json\/wp\/v2\/product_brand?post=120149"},{"taxonomy":"product_cat","embeddable":true,"href":"https:\/\/gpl-love.com\/fr\/wp-json\/wp\/v2\/product_cat?post=120149"},{"taxonomy":"product_tag","embeddable":true,"href":"https:\/\/gpl-love.com\/fr\/wp-json\/wp\/v2\/product_tag?post=120149"}],"curies":[{"name":"wp","href":"https:\/\/api.w.org\/{rel}","templated":true}]}}