{"id":120147,"date":"2026-01-10T00:00:00","date_gmt":"2026-01-09T23:00:00","guid":{"rendered":"https:\/\/gpl-love.com\/fr\/produit\/wp-sheet-editor-woocommerce-coupons-premium\/"},"modified":"2026-03-20T23:50:50","modified_gmt":"2026-03-20T22:50:50","slug":"wp-sheet-editor-woocommerce-coupons-premium","status":"publish","type":"product","link":"https:\/\/gpl-love.com\/fr\/produit\/wp-sheet-editor-woocommerce-coupons-premium\/","title":{"rendered":"WP Sheet Editor WooCommerce Coupons 1.3.57"},"content":{"rendered":"<h3>WP Sheet Editor WooCommerce Coupons Traits<\/h3>\n<p>L&rsquo;\u00e9diteur de feuilles WP WooCommerce Coupons est un outil incroyablement robuste et tr\u00e8s efficace qui vous offre la capacit\u00e9 de g\u00e9rer et de superviser efficacement vos coupons en grande quantit\u00e9 et sans effort. Cet outil remarquable poss\u00e8de une interface conviviale et simple qui vous permet de g\u00e9n\u00e9rer, modifier et effacer rapidement les coupons de votre magasin WooCommerce estim\u00e9. Avec ses fonctionnalit\u00e9s avanc\u00e9es et de pointe, vous pouvez mettre \u00e0 jour facilement plusieurs coupons simultan\u00e9ment, englobant leurs remises, leurs restrictions d&rsquo;utilisation et leurs dates de terminaison. En outre, cet outil exceptionnel vous permet d&rsquo;importer et d&rsquo;exporter sans effort des coupons \u00e0 partir de fichiers CSV, simplifiant ainsi la gestion de quantit\u00e9s substantielles de coupons. En utilisant les coupons WOCommerce de l&rsquo;\u00e9diteur de feuilles WP, vous \u00e9conomiserez sans aucun doute une quantit\u00e9 importante de temps et d&rsquo;effort pr\u00e9cieux car il rationalise et optimise votre processus de gestion des coupons de mani\u00e8re transparente, vous permettant ainsi de vous concentrer de tout c\u0153ur sur l&rsquo;\u00e9largissement et la flocation de votre entreprise estim\u00e9e.<\/p>\n<ul>\n<li>Capacit\u00e9 \u00e0 modifier les codes de coupon WooCommerce directement dans WordPress<\/li>\n<li>Interface conviviale avec une conception de feuille de calcul famili\u00e8re<\/li>\n<li>Capacit\u00e9s d&rsquo;\u00e9dition en vrac pour les mises \u00e0 jour rapides<\/li>\n<li>Filtre et options de recherche pour une organisation facile<\/li>\n<li>Synchronisation en temps r\u00e9el avec la boutique WooCommerce<\/li>\n<li>Fonctionnalit\u00e9 automatique pour la tranquillit\u00e9 d&rsquo;esprit<\/li>\n<li>Fonctionnalit\u00e9 avanc\u00e9e, y compris la possibilit\u00e9 de d\u00e9finir des restrictions d&rsquo;utilisation et des dates d&rsquo;expiration<\/li>\n<li>Compatible avec des plugins populaires tels que des coupons avanc\u00e9s et des coupons intelligents<\/li>\n<li>Accessible \u00e0 plusieurs utilisateurs avec des autorisations personnalisables<\/li>\n<li>\u00c9conomise du temps et am\u00e9liore l&rsquo;efficacit\u00e9 dans la gestion des coupons WooCommerce.<\/li>\n<\/ul>\n","protected":false},"excerpt":{"rendered":"<p>WP Sheet Editor WooCommerce Coupons est un plugin tr\u00e8s pratique qui offre aux utilisateurs la possibilit\u00e9 de g\u00e9rer efficacement et efficacement leurs coupons WooCommerce via une interface de feuille de calcul conviviale. Cela signifie que la t\u00e2che ardue de saisir et de modifier manuellement les coupons devient une chose du pass\u00e9, car vous avez maintenant la possibilit\u00e9 de mettre \u00e0 jour sans effort vos remises en vrac. De plus, ce plugin offre le bonus suppl\u00e9mentaire de vous permettre d&rsquo;importer et d&rsquo;exporter de mani\u00e8re transparente vos coupons vers et depuis Excel et Google Sheets, am\u00e9liorant encore sa polyvalence. De plus, il poss\u00e8de un large \u00e9ventail de capacit\u00e9s de filtrage et de recherche robustes, en vous assurant que vous pouvez facilement localiser et g\u00e9rer les coupons souhait\u00e9s. En utilisant les coupons WOCommerce de l&rsquo;\u00e9diteur de feuilles WP, vous avez la possibilit\u00e9 de rationaliser vos proc\u00e9dures de gestion des coupons et de maximiser vos \u00e9conomies potentielles.<\/p>\n","protected":false},"featured_media":146218,"comment_status":"open","ping_status":"open","template":"","meta":[],"product_brand":[2733],"product_cat":[1189,1181,1186],"product_tag":[1545],"class_list":{"0":"post-120147","1":"product","2":"type-product","3":"status-publish","4":"has-post-thumbnail","6":"product_brand-wp-sheet-editor","7":"product_cat-personnalisation","8":"product_cat-plugins","9":"product_cat-wordpress-plugins","10":"product_tag-wp-sheet-editor","11":"member-discount","12":"discount-restricted","14":"first","15":"instock","16":"sale","17":"downloadable","18":"virtual","19":"sold-individually","20":"purchasable","21":"product-type-simple"},"_links":{"self":[{"href":"https:\/\/gpl-love.com\/fr\/wp-json\/wp\/v2\/product\/120147","targetHints":{"allow":["GET"]}}],"collection":[{"href":"https:\/\/gpl-love.com\/fr\/wp-json\/wp\/v2\/product"}],"about":[{"href":"https:\/\/gpl-love.com\/fr\/wp-json\/wp\/v2\/types\/product"}],"replies":[{"embeddable":true,"href":"https:\/\/gpl-love.com\/fr\/wp-json\/wp\/v2\/comments?post=120147"}],"wp:featuredmedia":[{"embeddable":true,"href":"https:\/\/gpl-love.com\/fr\/wp-json\/wp\/v2\/media\/146218"}],"wp:attachment":[{"href":"https:\/\/gpl-love.com\/fr\/wp-json\/wp\/v2\/media?parent=120147"}],"wp:term":[{"taxonomy":"product_brand","embeddable":true,"href":"https:\/\/gpl-love.com\/fr\/wp-json\/wp\/v2\/product_brand?post=120147"},{"taxonomy":"product_cat","embeddable":true,"href":"https:\/\/gpl-love.com\/fr\/wp-json\/wp\/v2\/product_cat?post=120147"},{"taxonomy":"product_tag","embeddable":true,"href":"https:\/\/gpl-love.com\/fr\/wp-json\/wp\/v2\/product_tag?post=120147"}],"curies":[{"name":"wp","href":"https:\/\/api.w.org\/{rel}","templated":true}]}}