{"id":120145,"date":"2026-01-10T00:00:00","date_gmt":"2026-01-09T23:00:00","guid":{"rendered":"https:\/\/gpl-love.com\/fr\/produit\/wp-sheet-editor-users-premium\/"},"modified":"2026-03-20T23:50:49","modified_gmt":"2026-03-20T22:50:49","slug":"wp-sheet-editor-users-premium","status":"publish","type":"product","link":"https:\/\/gpl-love.com\/fr\/produit\/wp-sheet-editor-users-premium\/","title":{"rendered":"WP Sheet Editor Users 1.5.42"},"content":{"rendered":"<h3>WP Sheet Editor Users Traits<\/h3>\n<p>L&rsquo;un des plugins les plus puissants disponibles pour WordPress est l&rsquo;\u00e9diteur de feuilles WP. Ce plugin offre aux utilisateurs la capacit\u00e9 de manipuler et de g\u00e9rer facilement leurs donn\u00e9es dans la plate-forme WordPress. Il offre une large gamme de fonctions, telles que la possibilit\u00e9 de modifier des publications, des pages, des types de messages personnalis\u00e9s et des produits WooCommerce en vrac. En tirant parti des capacit\u00e9s de l&rsquo;\u00e9diteur de feuilles WP, les utilisateurs peuvent \u00e9conomiser d&rsquo;innombrables heures et efforts qui seraient autrement d\u00e9pens\u00e9s pour les t\u00e2ches manuelles de gestion des donn\u00e9es.<\/p>\n<p>L&rsquo;une des principales caract\u00e9ristiques de WP Sheet Editor est son filtrage de donn\u00e9es et ses capacit\u00e9s de recherche avanc\u00e9es. Avec ces outils, les utilisateurs peuvent localiser et modifier sans effort des informations sp\u00e9cifiques dans leur ensemble de donn\u00e9es. Cette fonctionnalit\u00e9 am\u00e9liore consid\u00e9rablement l&rsquo;efficacit\u00e9 de la gestion des donn\u00e9es, car les utilisateurs n&rsquo;ont plus \u00e0 passer au crible de grandes quantit\u00e9s de donn\u00e9es pour trouver ce dont ils ont besoin.<\/p>\n<p>En plus de ses fonctionnalit\u00e9s de filtrage et de recherche, WP Sheet Editor propose \u00e9galement un ensemble complet d&rsquo;options d&rsquo;\u00e9dition. Les utilisateurs ont la possibilit\u00e9 d&rsquo;ajouter, de supprimer et de mettre \u00e0 jour les donn\u00e9es avec facilit\u00e9. En outre, le plugin prend en charge la copie et le collage transparents des donn\u00e9es d&rsquo;Excel, ce qui simplifie encore le processus de gestion des donn\u00e9es.<\/p>\n<p>L&rsquo;une des qualit\u00e9s remarquables de l&rsquo;\u00e9diteur de feuilles WP est son interface conviviale. Le plugin a \u00e9t\u00e9 con\u00e7u avec l&rsquo;intuitivit\u00e9 \u00e0 l&rsquo;esprit, ce qui facilite la navigation pour les utilisateurs de tous les niveaux de comp\u00e9tence et utilise ses fonctionnalit\u00e9s. Cette accessibilit\u00e9 est cruciale, car elle garantit que les utilisateurs de WordPress peuvent rationaliser efficacement leur processus de gestion des donn\u00e9es sans rencontrer de barri\u00e8res inutiles.<\/p>\n<p>En conclusion, WP Sheet Editor est un outil inestimable pour tout utilisateur WordPress cherchant \u00e0 am\u00e9liorer ses capacit\u00e9s de gestion des donn\u00e9es. Sa vaste gamme de fonctionnalit\u00e9s, associ\u00e9e \u00e0 son interface conviviale, en fait un plugin essentiel pour ceux qui cherchent \u00e0 rationaliser leur processus de gestion des donn\u00e9es et \u00e0 gagner du temps et des efforts.<\/p>\n<ul>\n<li>Exp\u00e9rience d&rsquo;\u00e9dition rationalis\u00e9e pour les utilisateurs de l&rsquo;\u00e9diteur de feuilles WordPress<\/li>\n<li>Efficacit\u00e9 accrue dans la gestion et la manipulation des donn\u00e9es dans WordPress<\/li>\n<li>Compatibilit\u00e9 compl\u00e8te avec un logiciel de table de calcul populaire pour une importation et une exportation faciles<\/li>\n<li>Fonctionnalit\u00e9s avanc\u00e9es telles que le filtrage, le tri et la mise en forme conditionnelle<\/li>\n<li>Int\u00e9gration transparente avec les plugins et th\u00e8mes WordPress existants<\/li>\n<li>Capacit\u00e9s de collaboration en temps r\u00e9el pour les projets d&rsquo;\u00e9quipe<\/li>\n<li>Param\u00e8tres et options personnalisables pour r\u00e9pondre aux besoins uniques des utilisateurs<\/li>\n<li>Mises \u00e0 jour r\u00e9guli\u00e8res et support client pour l&rsquo;am\u00e9lioration et la satisfaction continue.<\/li>\n<\/ul>\n","protected":false},"excerpt":{"rendered":"<p>Prenez le contr\u00f4le total de la gestion des donn\u00e9es de votre site WordPress avec l&rsquo;\u00e9diteur de feuille WP remarquable! Cet outil extr\u00eamement capable vous permet de modifier sans effort et rapidement votre contenu, vos produits et vos commandes via une interface qui ressemble \u00e9troitement \u00e0 une feuille de calcul. Il est absolument id\u00e9al pour les utilisateurs qui cherchent \u00e0 optimiser leur flux de travail en tant qu&rsquo;\u00e9diteur de feuilles WP vous permettent non seulement de gagner du temps pr\u00e9cieux, mais garantissent \u00e9galement la plus grande pr\u00e9cision dans vos modifications. Avec ses filtres personnalisables, ses capacit\u00e9s d&rsquo;\u00e9dition en vrac et l&rsquo;option d&rsquo;importer et d&rsquo;exporter sans effort, ce plugin exceptionnel est une n\u00e9cessit\u00e9 absolue pour quiconque poss\u00e8de un site WordPress. Pourquoi attendre plus longtemps? Essayez l&rsquo;\u00e9diteur de feuilles WP aujourd&rsquo;hui et assistez \u00e0 la facilit\u00e9 transparente qui accompagne la gestion de vos donn\u00e9es sans effort!<\/p>\n","protected":false},"featured_media":146217,"comment_status":"open","ping_status":"open","template":"","meta":[],"product_brand":[2733],"product_cat":[1189,1181,1186],"product_tag":[1545],"class_list":{"0":"post-120145","1":"product","2":"type-product","3":"status-publish","4":"has-post-thumbnail","6":"product_brand-wp-sheet-editor","7":"product_cat-personnalisation","8":"product_cat-plugins","9":"product_cat-wordpress-plugins","10":"product_tag-wp-sheet-editor","11":"member-discount","12":"discount-restricted","14":"first","15":"instock","16":"sale","17":"downloadable","18":"virtual","19":"sold-individually","20":"purchasable","21":"product-type-simple"},"_links":{"self":[{"href":"https:\/\/gpl-love.com\/fr\/wp-json\/wp\/v2\/product\/120145","targetHints":{"allow":["GET"]}}],"collection":[{"href":"https:\/\/gpl-love.com\/fr\/wp-json\/wp\/v2\/product"}],"about":[{"href":"https:\/\/gpl-love.com\/fr\/wp-json\/wp\/v2\/types\/product"}],"replies":[{"embeddable":true,"href":"https:\/\/gpl-love.com\/fr\/wp-json\/wp\/v2\/comments?post=120145"}],"wp:featuredmedia":[{"embeddable":true,"href":"https:\/\/gpl-love.com\/fr\/wp-json\/wp\/v2\/media\/146217"}],"wp:attachment":[{"href":"https:\/\/gpl-love.com\/fr\/wp-json\/wp\/v2\/media?parent=120145"}],"wp:term":[{"taxonomy":"product_brand","embeddable":true,"href":"https:\/\/gpl-love.com\/fr\/wp-json\/wp\/v2\/product_brand?post=120145"},{"taxonomy":"product_cat","embeddable":true,"href":"https:\/\/gpl-love.com\/fr\/wp-json\/wp\/v2\/product_cat?post=120145"},{"taxonomy":"product_tag","embeddable":true,"href":"https:\/\/gpl-love.com\/fr\/wp-json\/wp\/v2\/product_tag?post=120145"}],"curies":[{"name":"wp","href":"https:\/\/api.w.org\/{rel}","templated":true}]}}